{"id":42755,"date":"2018-11-15T07:52:03","date_gmt":"2018-11-15T05:52:03","guid":{"rendered":"https:\/\/gestionpress.com\/herramientas-de-privacidad\/"},"modified":"2018-11-15T07:52:03","modified_gmt":"2018-11-15T05:52:03","slug":"herramientas-de-privacidad","status":"publish","type":"page","link":"https:\/\/gestionpress.com\/en\/herramientas-de-privacidad\/","title":{"rendered":"Herramientas de Privacidad"},"content":{"rendered":"<p><strong>Editar tus preferencias de Privacidad<\/strong><br \/>\n[gdpr_preferences text=&#8221;Panel de Privacidad&#8221;]<\/p>\n<p><strong>Rectificar tus datos<\/strong><br \/>\nSi quieres editar tus datos, puedes hacerlo mediante la p\u00e1gina &#8220;Editar Perfil&#8221;, en el men\u00fa &#8216;Tu Perfil&#8221;.<\/p>\n<table style=\"width: 100%;\">\n<tbody>\n<tr>\n<th>Descarga todos tus datos<\/th>\n<th>Borrar tu cuenta<\/th>\n<\/tr>\n<tr>\n<td>[gdpr_request_form type=&#8221;export-data&#8221;]<\/td>\n<td>[gdpr_request_form type=&#8221;delete&#8221;]<\/td>\n<\/tr>\n<\/tbody>\n<\/table>\n","protected":false},"excerpt":{"rendered":"<p>Editar tus preferencias de Privacidad [gdpr_preferences text=&#8221;Panel de Privacidad&#8221;] Rectificar tus datos Si quieres editar tus datos, puedes hacerlo mediante la p\u00e1gina &#8220;Editar Perfil&#8221;, en el men\u00fa &#8216;Tu Perfil&#8221;. Descarga todos tus datos Borrar tu cuenta [gdpr_request_form type=&#8221;export-data&#8221;] [gdpr_request_form type=&#8221;delete&#8221;]<\/p>\n","protected":false},"author":1,"featured_media":0,"parent":0,"menu_order":0,"comment_status":"closed","ping_status":"closed","template":"","meta":{"_et_pb_use_builder":"","_et_pb_old_content":"","_et_gb_content_width":"","_exactmetrics_skip_tracking":false,"_exactmetrics_sitenote_active":false,"_exactmetrics_sitenote_note":"","_exactmetrics_sitenote_category":0,"footnotes":""},"class_list":["post-42755","page","type-page","status-publish","hentry"],"yoast_head":"<!-- This site is optimized with the Yoast SEO plugin v27.4 - https:\/\/yoast.com\/product\/yoast-seo-wordpress\/ -->\n<title>Herramientas de privacidad Gesti\u00f3n Press Eventos y Comunicaci\u00f3n<\/title>\n<meta name=\"description\" content=\"Herramientas de privacidad Gesti\u00f3n Press Eventos y Comunicaci\u00f3n.\" \/>\n<meta name=\"robots\" content=\"index, follow, max-snippet:-1, max-image-preview:large, max-video-preview:-1\" \/>\n<link rel=\"canonical\" href=\"https:\/\/gestionpress.com\/en\/herramientas-de-privacidad\/\" \/>\n<meta property=\"og:locale\" content=\"en_US\" \/>\n<meta property=\"og:type\" content=\"article\" \/>\n<meta property=\"og:title\" content=\"Herramientas de privacidad Gesti\u00f3n Press Eventos y Comunicaci\u00f3n\" \/>\n<meta property=\"og:description\" content=\"Herramientas de privacidad Gesti\u00f3n Press Eventos y Comunicaci\u00f3n.\" \/>\n<meta property=\"og:url\" content=\"https:\/\/gestionpress.com\/en\/herramientas-de-privacidad\/\" \/>\n<meta property=\"og:site_name\" content=\"Gesti\u00f3n Press - Eventos &amp; Comunicaci\u00f3n\" \/>\n<meta property=\"article:publisher\" content=\"https:\/\/www.facebook.com\/gestionpress\/\" \/>\n<meta name=\"twitter:card\" content=\"summary_large_image\" \/>\n<meta name=\"twitter:site\" content=\"@gestionpress\" \/>\n<script type=\"application\/ld+json\" class=\"yoast-schema-graph\">{\"@context\":\"https:\\\/\\\/schema.org\",\"@graph\":[{\"@type\":\"WebPage\",\"@id\":\"https:\\\/\\\/gestionpress.com\\\/en\\\/herramientas-de-privacidad\\\/\",\"url\":\"https:\\\/\\\/gestionpress.com\\\/en\\\/herramientas-de-privacidad\\\/\",\"name\":\"Herramientas de privacidad Gesti\u00f3n Press Eventos y Comunicaci\u00f3n\",\"isPartOf\":{\"@id\":\"https:\\\/\\\/gestionpress.com\\\/en\\\/#website\"},\"datePublished\":\"2018-11-15T05:52:03+00:00\",\"description\":\"Herramientas de privacidad Gesti\u00f3n Press Eventos y Comunicaci\u00f3n.\",\"breadcrumb\":{\"@id\":\"https:\\\/\\\/gestionpress.com\\\/en\\\/herramientas-de-privacidad\\\/#breadcrumb\"},\"inLanguage\":\"en-US\",\"potentialAction\":[{\"@type\":\"ReadAction\",\"target\":[\"https:\\\/\\\/gestionpress.com\\\/en\\\/herramientas-de-privacidad\\\/\"]}]},{\"@type\":\"BreadcrumbList\",\"@id\":\"https:\\\/\\\/gestionpress.com\\\/en\\\/herramientas-de-privacidad\\\/#breadcrumb\",\"itemListElement\":[{\"@type\":\"ListItem\",\"position\":1,\"name\":\"Portada\",\"item\":\"https:\\\/\\\/gestionpress.com\\\/en\\\/\"},{\"@type\":\"ListItem\",\"position\":2,\"name\":\"Herramientas de Privacidad\"}]},{\"@type\":\"WebSite\",\"@id\":\"https:\\\/\\\/gestionpress.com\\\/en\\\/#website\",\"url\":\"https:\\\/\\\/gestionpress.com\\\/en\\\/\",\"name\":\"Gesti\u00f3n Press Eventos y Comunicaci\u00f3n\",\"description\":\"Organizaci\u00f3n integral de eventos institucionales y corporativos\",\"publisher\":{\"@id\":\"https:\\\/\\\/gestionpress.com\\\/en\\\/#organization\"},\"alternateName\":\"Gesti\u00f3n Press\",\"potentialAction\":[{\"@type\":\"SearchAction\",\"target\":{\"@type\":\"EntryPoint\",\"urlTemplate\":\"https:\\\/\\\/gestionpress.com\\\/en\\\/?s={search_term_string}\"},\"query-input\":{\"@type\":\"PropertyValueSpecification\",\"valueRequired\":true,\"valueName\":\"search_term_string\"}}],\"inLanguage\":\"en-US\"},{\"@type\":\"Organization\",\"@id\":\"https:\\\/\\\/gestionpress.com\\\/en\\\/#organization\",\"name\":\"Gesti\u00f3n Press Eventos y Comunicaci\u00f3n\",\"alternateName\":\"Gesti\u00f3n Press\",\"url\":\"https:\\\/\\\/gestionpress.com\\\/en\\\/\",\"logo\":{\"@type\":\"ImageObject\",\"inLanguage\":\"en-US\",\"@id\":\"https:\\\/\\\/gestionpress.com\\\/en\\\/#\\\/schema\\\/logo\\\/image\\\/\",\"url\":\"https:\\\/\\\/gestionpress.com\\\/wp-content\\\/uploads\\\/2025\\\/03\\\/Logo_GP_rgb.jpg\",\"contentUrl\":\"https:\\\/\\\/gestionpress.com\\\/wp-content\\\/uploads\\\/2025\\\/03\\\/Logo_GP_rgb.jpg\",\"width\":1702,\"height\":479,\"caption\":\"Gesti\u00f3n Press Eventos y Comunicaci\u00f3n\"},\"image\":{\"@id\":\"https:\\\/\\\/gestionpress.com\\\/en\\\/#\\\/schema\\\/logo\\\/image\\\/\"},\"sameAs\":[\"https:\\\/\\\/www.facebook.com\\\/gestionpress\\\/\",\"https:\\\/\\\/x.com\\\/gestionpress\",\"https:\\\/\\\/www.linkedin.com\\\/company\\\/1768857\\\/\",\"https:\\\/\\\/www.instagram.com\\\/gestion_press\\\/#\"]}]}<\/script>\n<!-- \/ Yoast SEO plugin. -->","yoast_head_json":{"title":"Herramientas de privacidad Gesti\u00f3n Press Eventos y Comunicaci\u00f3n","description":"Herramientas de privacidad Gesti\u00f3n Press Eventos y Comunicaci\u00f3n.","robots":{"index":"index","follow":"follow","max-snippet":"max-snippet:-1","max-image-preview":"max-image-preview:large","max-video-preview":"max-video-preview:-1"},"canonical":"https:\/\/gestionpress.com\/en\/herramientas-de-privacidad\/","og_locale":"en_US","og_type":"article","og_title":"Herramientas de privacidad Gesti\u00f3n Press Eventos y Comunicaci\u00f3n","og_description":"Herramientas de privacidad Gesti\u00f3n Press Eventos y Comunicaci\u00f3n.","og_url":"https:\/\/gestionpress.com\/en\/herramientas-de-privacidad\/","og_site_name":"Gesti\u00f3n Press - Eventos &amp; Comunicaci\u00f3n","article_publisher":"https:\/\/www.facebook.com\/gestionpress\/","twitter_card":"summary_large_image","twitter_site":"@gestionpress","schema":{"@context":"https:\/\/schema.org","@graph":[{"@type":"WebPage","@id":"https:\/\/gestionpress.com\/en\/herramientas-de-privacidad\/","url":"https:\/\/gestionpress.com\/en\/herramientas-de-privacidad\/","name":"Herramientas de privacidad Gesti\u00f3n Press Eventos y Comunicaci\u00f3n","isPartOf":{"@id":"https:\/\/gestionpress.com\/en\/#website"},"datePublished":"2018-11-15T05:52:03+00:00","description":"Herramientas de privacidad Gesti\u00f3n Press Eventos y Comunicaci\u00f3n.","breadcrumb":{"@id":"https:\/\/gestionpress.com\/en\/herramientas-de-privacidad\/#breadcrumb"},"inLanguage":"en-US","potentialAction":[{"@type":"ReadAction","target":["https:\/\/gestionpress.com\/en\/herramientas-de-privacidad\/"]}]},{"@type":"BreadcrumbList","@id":"https:\/\/gestionpress.com\/en\/herramientas-de-privacidad\/#breadcrumb","itemListElement":[{"@type":"ListItem","position":1,"name":"Portada","item":"https:\/\/gestionpress.com\/en\/"},{"@type":"ListItem","position":2,"name":"Herramientas de Privacidad"}]},{"@type":"WebSite","@id":"https:\/\/gestionpress.com\/en\/#website","url":"https:\/\/gestionpress.com\/en\/","name":"Gesti\u00f3n Press Eventos y Comunicaci\u00f3n","description":"Organizaci\u00f3n integral de eventos institucionales y corporativos","publisher":{"@id":"https:\/\/gestionpress.com\/en\/#organization"},"alternateName":"Gesti\u00f3n Press","potentialAction":[{"@type":"SearchAction","target":{"@type":"EntryPoint","urlTemplate":"https:\/\/gestionpress.com\/en\/?s={search_term_string}"},"query-input":{"@type":"PropertyValueSpecification","valueRequired":true,"valueName":"search_term_string"}}],"inLanguage":"en-US"},{"@type":"Organization","@id":"https:\/\/gestionpress.com\/en\/#organization","name":"Gesti\u00f3n Press Eventos y Comunicaci\u00f3n","alternateName":"Gesti\u00f3n Press","url":"https:\/\/gestionpress.com\/en\/","logo":{"@type":"ImageObject","inLanguage":"en-US","@id":"https:\/\/gestionpress.com\/en\/#\/schema\/logo\/image\/","url":"https:\/\/gestionpress.com\/wp-content\/uploads\/2025\/03\/Logo_GP_rgb.jpg","contentUrl":"https:\/\/gestionpress.com\/wp-content\/uploads\/2025\/03\/Logo_GP_rgb.jpg","width":1702,"height":479,"caption":"Gesti\u00f3n Press Eventos y Comunicaci\u00f3n"},"image":{"@id":"https:\/\/gestionpress.com\/en\/#\/schema\/logo\/image\/"},"sameAs":["https:\/\/www.facebook.com\/gestionpress\/","https:\/\/x.com\/gestionpress","https:\/\/www.linkedin.com\/company\/1768857\/","https:\/\/www.instagram.com\/gestion_press\/#"]}]}},"_links":{"self":[{"href":"https:\/\/gestionpress.com\/en\/wp-json\/wp\/v2\/pages\/42755","targetHints":{"allow":["GET"]}}],"collection":[{"href":"https:\/\/gestionpress.com\/en\/wp-json\/wp\/v2\/pages"}],"about":[{"href":"https:\/\/gestionpress.com\/en\/wp-json\/wp\/v2\/types\/page"}],"author":[{"embeddable":true,"href":"https:\/\/gestionpress.com\/en\/wp-json\/wp\/v2\/users\/1"}],"replies":[{"embeddable":true,"href":"https:\/\/gestionpress.com\/en\/wp-json\/wp\/v2\/comments?post=42755"}],"version-history":[{"count":0,"href":"https:\/\/gestionpress.com\/en\/wp-json\/wp\/v2\/pages\/42755\/revisions"}],"wp:attachment":[{"href":"https:\/\/gestionpress.com\/en\/wp-json\/wp\/v2\/media?parent=42755"}],"curies":[{"name":"wp","href":"https:\/\/api.w.org\/{rel}","templated":true}]}}