{"id":42743,"date":"2018-10-22T11:23:50","date_gmt":"2018-10-22T09:23:50","guid":{"rendered":"https:\/\/gestionpress.com\/contact\/"},"modified":"2026-04-15T14:43:22","modified_gmt":"2026-04-15T12:43:22","slug":"contact","status":"publish","type":"page","link":"https:\/\/gestionpress.com\/en\/contact\/","title":{"rendered":"Contact"},"content":{"rendered":"<p>[et_pb_section fb_built=&#8221;1&#8243; _builder_version=&#8221;4.16&#8243; global_colors_info=&#8221;{}&#8221;][et_pb_row _builder_version=&#8221;4.21.0&#8243; background_size=&#8221;initial&#8221; background_position=&#8221;top_left&#8221; background_repeat=&#8221;repeat&#8221; custom_margin=&#8221;37px||||false|false&#8221; global_colors_info=&#8221;{}&#8221;][et_pb_column type=&#8221;4_4&#8243; _builder_version=&#8221;4.16&#8243; custom_padding=&#8221;|||&#8221; global_colors_info=&#8221;{}&#8221; custom_padding__hover=&#8221;|||&#8221;][et_pb_text _builder_version=&#8221;4.21.0&#8243; _module_preset=&#8221;default&#8221; global_colors_info=&#8221;{}&#8221;]<\/p>\n<h2 style=\"text-align: center;\">CONTACT GESTION PRESS<\/h2>\n<p>&nbsp;<\/p>\n<p>[\/et_pb_text][\/et_pb_column][\/et_pb_row][et_pb_row column_structure=&#8221;1_3,1_3,1_3&#8243; _builder_version=&#8221;4.16&#8243; background_size=&#8221;initial&#8221; background_position=&#8221;top_left&#8221; background_repeat=&#8221;repeat&#8221; global_colors_info=&#8221;{}&#8221;][et_pb_column type=&#8221;1_3&#8243; _builder_version=&#8221;4.16&#8243; custom_padding=&#8221;|||&#8221; global_colors_info=&#8221;{}&#8221; custom_padding__hover=&#8221;|||&#8221;][et_pb_blurb url=&#8221;mailto:gestionpress@gestionpress.com&#8221; image=&#8221;https:\/\/gestionpress.com\/wp-content\/uploads\/2018\/10\/msg.png&#8221; admin_label=&#8221;mail&#8221; module_class=&#8221;mail-text&#8221; _builder_version=&#8221;4.16&#8243; global_colors_info=&#8221;{}&#8221;]<\/p>\n<p>\ngestionpress@gestionpress.com<\/p>\n<p>[\/et_pb_blurb][\/et_pb_column][et_pb_column type=&#8221;1_3&#8243; _builder_version=&#8221;4.16&#8243; custom_padding=&#8221;|||&#8221; global_colors_info=&#8221;{}&#8221; custom_padding__hover=&#8221;|||&#8221;][et_pb_blurb image=&#8221;https:\/\/gestionpress.com\/wp-content\/uploads\/2018\/10\/phone.png&#8221; admin_label=&#8221;phone&#8221; module_class=&#8221;phone-text&#8221; _builder_version=&#8221;4.16&#8243; global_colors_info=&#8221;{}&#8221;]<\/p>\n<p>\n+34 914 441 707<\/p>\n<p>[\/et_pb_blurb][\/et_pb_column][et_pb_column type=&#8221;1_3&#8243; _builder_version=&#8221;4.16&#8243; custom_padding=&#8221;|||&#8221; global_colors_info=&#8221;{}&#8221; custom_padding__hover=&#8221;|||&#8221;][et_pb_blurb image=&#8221;https:\/\/gestionpress.com\/wp-content\/uploads\/2018\/10\/map.png&#8221; admin_label=&#8221;map&#8221; module_class=&#8221;add-text&#8221; _builder_version=&#8221;4.27.4&#8243; hover_enabled=&#8221;0&#8243; global_colors_info=&#8221;{}&#8221; sticky_enabled=&#8221;0&#8243;]<\/p>\n<p>Dr. Esquerdo St., 70 &#8211; Office 2<br \/>28009 Madrid<br \/>Spain<\/p>\n<p>[\/et_pb_blurb][\/et_pb_column][\/et_pb_row][\/et_pb_section]<\/p>\n","protected":false},"excerpt":{"rendered":"<p>CONTACT GESTION PRESS &nbsp; gestionpress@gestionpress.com +34 914 441 707 Dr. Esquerdo St., 70 &#8211; Office 228009 MadridSpain<\/p>\n","protected":false},"author":1,"featured_media":42742,"parent":0,"menu_order":0,"comment_status":"closed","ping_status":"closed","template":"","meta":{"_et_pb_use_builder":"on","_et_pb_old_content":"","_et_gb_content_width":"","_exactmetrics_skip_tracking":false,"_exactmetrics_sitenote_active":false,"_exactmetrics_sitenote_note":"","_exactmetrics_sitenote_category":0,"footnotes":""},"class_list":["post-42743","page","type-page","status-publish","has-post-thumbnail","hentry"],"yoast_head":"<!-- This site is optimized with the Yoast SEO plugin v27.4 - https:\/\/yoast.com\/product\/yoast-seo-wordpress\/ -->\n<title>Contact - Gesti\u00f3n Press - Eventos &amp; Comunicaci\u00f3n<\/title>\n<meta name=\"description\" content=\"Contact Gestion Press Events and Communication. Events agency specializing in institutional and business events, and protocol\" \/>\n<meta name=\"robots\" content=\"index, follow, max-snippet:-1, max-image-preview:large, max-video-preview:-1\" \/>\n<link rel=\"canonical\" href=\"https:\/\/gestionpress.com\/en\/contact\/\" \/>\n<meta property=\"og:locale\" content=\"en_US\" \/>\n<meta property=\"og:type\" content=\"article\" \/>\n<meta property=\"og:title\" content=\"Contact - Gesti\u00f3n Press - Eventos &amp; Comunicaci\u00f3n\" \/>\n<meta property=\"og:description\" content=\"Contact Gestion Press Events and Communication. Events agency specializing in institutional and business events, and protocol\" \/>\n<meta property=\"og:url\" content=\"https:\/\/gestionpress.com\/en\/contact\/\" \/>\n<meta property=\"og:site_name\" content=\"Gesti\u00f3n Press - Eventos &amp; Comunicaci\u00f3n\" \/>\n<meta property=\"article:publisher\" content=\"https:\/\/www.facebook.com\/gestionpress\/\" \/>\n<meta property=\"article:modified_time\" content=\"2026-04-15T12:43:22+00:00\" \/>\n<meta property=\"og:image\" content=\"https:\/\/gestionpress.com\/wp-content\/uploads\/2023\/07\/Logo_GP_cmyk.jpg\" \/>\n\t<meta property=\"og:image:width\" content=\"1702\" \/>\n\t<meta property=\"og:image:height\" content=\"479\" \/>\n\t<meta property=\"og:image:type\" content=\"image\/jpeg\" \/>\n<meta name=\"twitter:card\" content=\"summary_large_image\" \/>\n<meta name=\"twitter:site\" content=\"@gestionpress\" \/>\n<meta name=\"twitter:label1\" content=\"Est. reading time\" \/>\n\t<meta name=\"twitter:data1\" content=\"1 minute\" \/>\n<script type=\"application\/ld+json\" class=\"yoast-schema-graph\">{\"@context\":\"https:\\\/\\\/schema.org\",\"@graph\":[{\"@type\":\"WebPage\",\"@id\":\"https:\\\/\\\/gestionpress.com\\\/en\\\/contact\\\/\",\"url\":\"https:\\\/\\\/gestionpress.com\\\/en\\\/contact\\\/\",\"name\":\"Contact - Gesti\u00f3n Press - Eventos &amp; Comunicaci\u00f3n\",\"isPartOf\":{\"@id\":\"https:\\\/\\\/gestionpress.com\\\/en\\\/#website\"},\"primaryImageOfPage\":{\"@id\":\"https:\\\/\\\/gestionpress.com\\\/en\\\/contact\\\/#primaryimage\"},\"image\":{\"@id\":\"https:\\\/\\\/gestionpress.com\\\/en\\\/contact\\\/#primaryimage\"},\"thumbnailUrl\":\"https:\\\/\\\/gestionpress.com\\\/wp-content\\\/uploads\\\/2023\\\/07\\\/Logo_GP_cmyk.jpg\",\"datePublished\":\"2018-10-22T09:23:50+00:00\",\"dateModified\":\"2026-04-15T12:43:22+00:00\",\"description\":\"Contact Gestion Press Events and Communication. Events agency specializing in institutional and business events, and protocol\",\"breadcrumb\":{\"@id\":\"https:\\\/\\\/gestionpress.com\\\/en\\\/contact\\\/#breadcrumb\"},\"inLanguage\":\"en-US\",\"potentialAction\":[{\"@type\":\"ReadAction\",\"target\":[\"https:\\\/\\\/gestionpress.com\\\/en\\\/contact\\\/\"]}]},{\"@type\":\"ImageObject\",\"inLanguage\":\"en-US\",\"@id\":\"https:\\\/\\\/gestionpress.com\\\/en\\\/contact\\\/#primaryimage\",\"url\":\"https:\\\/\\\/gestionpress.com\\\/wp-content\\\/uploads\\\/2023\\\/07\\\/Logo_GP_cmyk.jpg\",\"contentUrl\":\"https:\\\/\\\/gestionpress.com\\\/wp-content\\\/uploads\\\/2023\\\/07\\\/Logo_GP_cmyk.jpg\",\"width\":1702,\"height\":479},{\"@type\":\"BreadcrumbList\",\"@id\":\"https:\\\/\\\/gestionpress.com\\\/en\\\/contact\\\/#breadcrumb\",\"itemListElement\":[{\"@type\":\"ListItem\",\"position\":1,\"name\":\"Portada\",\"item\":\"https:\\\/\\\/gestionpress.com\\\/en\\\/\"},{\"@type\":\"ListItem\",\"position\":2,\"name\":\"Contact\"}]},{\"@type\":\"WebSite\",\"@id\":\"https:\\\/\\\/gestionpress.com\\\/en\\\/#website\",\"url\":\"https:\\\/\\\/gestionpress.com\\\/en\\\/\",\"name\":\"Gesti\u00f3n Press Eventos y Comunicaci\u00f3n\",\"description\":\"Organizaci\u00f3n integral de eventos institucionales y corporativos\",\"publisher\":{\"@id\":\"https:\\\/\\\/gestionpress.com\\\/en\\\/#organization\"},\"alternateName\":\"Gesti\u00f3n Press\",\"potentialAction\":[{\"@type\":\"SearchAction\",\"target\":{\"@type\":\"EntryPoint\",\"urlTemplate\":\"https:\\\/\\\/gestionpress.com\\\/en\\\/?s={search_term_string}\"},\"query-input\":{\"@type\":\"PropertyValueSpecification\",\"valueRequired\":true,\"valueName\":\"search_term_string\"}}],\"inLanguage\":\"en-US\"},{\"@type\":\"Organization\",\"@id\":\"https:\\\/\\\/gestionpress.com\\\/en\\\/#organization\",\"name\":\"Gesti\u00f3n Press Eventos y Comunicaci\u00f3n\",\"alternateName\":\"Gesti\u00f3n Press\",\"url\":\"https:\\\/\\\/gestionpress.com\\\/en\\\/\",\"logo\":{\"@type\":\"ImageObject\",\"inLanguage\":\"en-US\",\"@id\":\"https:\\\/\\\/gestionpress.com\\\/en\\\/#\\\/schema\\\/logo\\\/image\\\/\",\"url\":\"https:\\\/\\\/gestionpress.com\\\/wp-content\\\/uploads\\\/2025\\\/03\\\/Logo_GP_rgb.jpg\",\"contentUrl\":\"https:\\\/\\\/gestionpress.com\\\/wp-content\\\/uploads\\\/2025\\\/03\\\/Logo_GP_rgb.jpg\",\"width\":1702,\"height\":479,\"caption\":\"Gesti\u00f3n Press Eventos y Comunicaci\u00f3n\"},\"image\":{\"@id\":\"https:\\\/\\\/gestionpress.com\\\/en\\\/#\\\/schema\\\/logo\\\/image\\\/\"},\"sameAs\":[\"https:\\\/\\\/www.facebook.com\\\/gestionpress\\\/\",\"https:\\\/\\\/x.com\\\/gestionpress\",\"https:\\\/\\\/www.linkedin.com\\\/company\\\/1768857\\\/\",\"https:\\\/\\\/www.instagram.com\\\/gestion_press\\\/#\"]}]}<\/script>\n<!-- \/ Yoast SEO plugin. -->","yoast_head_json":{"title":"Contact - Gesti\u00f3n Press - Eventos &amp; Comunicaci\u00f3n","description":"Contact Gestion Press Events and Communication. Events agency specializing in institutional and business events, and protocol","robots":{"index":"index","follow":"follow","max-snippet":"max-snippet:-1","max-image-preview":"max-image-preview:large","max-video-preview":"max-video-preview:-1"},"canonical":"https:\/\/gestionpress.com\/en\/contact\/","og_locale":"en_US","og_type":"article","og_title":"Contact - Gesti\u00f3n Press - Eventos &amp; Comunicaci\u00f3n","og_description":"Contact Gestion Press Events and Communication. Events agency specializing in institutional and business events, and protocol","og_url":"https:\/\/gestionpress.com\/en\/contact\/","og_site_name":"Gesti\u00f3n Press - Eventos &amp; Comunicaci\u00f3n","article_publisher":"https:\/\/www.facebook.com\/gestionpress\/","article_modified_time":"2026-04-15T12:43:22+00:00","og_image":[{"width":1702,"height":479,"url":"https:\/\/gestionpress.com\/wp-content\/uploads\/2023\/07\/Logo_GP_cmyk.jpg","type":"image\/jpeg"}],"twitter_card":"summary_large_image","twitter_site":"@gestionpress","twitter_misc":{"Est. reading time":"1 minute"},"schema":{"@context":"https:\/\/schema.org","@graph":[{"@type":"WebPage","@id":"https:\/\/gestionpress.com\/en\/contact\/","url":"https:\/\/gestionpress.com\/en\/contact\/","name":"Contact - Gesti\u00f3n Press - Eventos &amp; Comunicaci\u00f3n","isPartOf":{"@id":"https:\/\/gestionpress.com\/en\/#website"},"primaryImageOfPage":{"@id":"https:\/\/gestionpress.com\/en\/contact\/#primaryimage"},"image":{"@id":"https:\/\/gestionpress.com\/en\/contact\/#primaryimage"},"thumbnailUrl":"https:\/\/gestionpress.com\/wp-content\/uploads\/2023\/07\/Logo_GP_cmyk.jpg","datePublished":"2018-10-22T09:23:50+00:00","dateModified":"2026-04-15T12:43:22+00:00","description":"Contact Gestion Press Events and Communication. Events agency specializing in institutional and business events, and protocol","breadcrumb":{"@id":"https:\/\/gestionpress.com\/en\/contact\/#breadcrumb"},"inLanguage":"en-US","potentialAction":[{"@type":"ReadAction","target":["https:\/\/gestionpress.com\/en\/contact\/"]}]},{"@type":"ImageObject","inLanguage":"en-US","@id":"https:\/\/gestionpress.com\/en\/contact\/#primaryimage","url":"https:\/\/gestionpress.com\/wp-content\/uploads\/2023\/07\/Logo_GP_cmyk.jpg","contentUrl":"https:\/\/gestionpress.com\/wp-content\/uploads\/2023\/07\/Logo_GP_cmyk.jpg","width":1702,"height":479},{"@type":"BreadcrumbList","@id":"https:\/\/gestionpress.com\/en\/contact\/#breadcrumb","itemListElement":[{"@type":"ListItem","position":1,"name":"Portada","item":"https:\/\/gestionpress.com\/en\/"},{"@type":"ListItem","position":2,"name":"Contact"}]},{"@type":"WebSite","@id":"https:\/\/gestionpress.com\/en\/#website","url":"https:\/\/gestionpress.com\/en\/","name":"Gesti\u00f3n Press Eventos y Comunicaci\u00f3n","description":"Organizaci\u00f3n integral de eventos institucionales y corporativos","publisher":{"@id":"https:\/\/gestionpress.com\/en\/#organization"},"alternateName":"Gesti\u00f3n Press","potentialAction":[{"@type":"SearchAction","target":{"@type":"EntryPoint","urlTemplate":"https:\/\/gestionpress.com\/en\/?s={search_term_string}"},"query-input":{"@type":"PropertyValueSpecification","valueRequired":true,"valueName":"search_term_string"}}],"inLanguage":"en-US"},{"@type":"Organization","@id":"https:\/\/gestionpress.com\/en\/#organization","name":"Gesti\u00f3n Press Eventos y Comunicaci\u00f3n","alternateName":"Gesti\u00f3n Press","url":"https:\/\/gestionpress.com\/en\/","logo":{"@type":"ImageObject","inLanguage":"en-US","@id":"https:\/\/gestionpress.com\/en\/#\/schema\/logo\/image\/","url":"https:\/\/gestionpress.com\/wp-content\/uploads\/2025\/03\/Logo_GP_rgb.jpg","contentUrl":"https:\/\/gestionpress.com\/wp-content\/uploads\/2025\/03\/Logo_GP_rgb.jpg","width":1702,"height":479,"caption":"Gesti\u00f3n Press Eventos y Comunicaci\u00f3n"},"image":{"@id":"https:\/\/gestionpress.com\/en\/#\/schema\/logo\/image\/"},"sameAs":["https:\/\/www.facebook.com\/gestionpress\/","https:\/\/x.com\/gestionpress","https:\/\/www.linkedin.com\/company\/1768857\/","https:\/\/www.instagram.com\/gestion_press\/#"]}]}},"_links":{"self":[{"href":"https:\/\/gestionpress.com\/en\/wp-json\/wp\/v2\/pages\/42743","targetHints":{"allow":["GET"]}}],"collection":[{"href":"https:\/\/gestionpress.com\/en\/wp-json\/wp\/v2\/pages"}],"about":[{"href":"https:\/\/gestionpress.com\/en\/wp-json\/wp\/v2\/types\/page"}],"author":[{"embeddable":true,"href":"https:\/\/gestionpress.com\/en\/wp-json\/wp\/v2\/users\/1"}],"replies":[{"embeddable":true,"href":"https:\/\/gestionpress.com\/en\/wp-json\/wp\/v2\/comments?post=42743"}],"version-history":[{"count":2,"href":"https:\/\/gestionpress.com\/en\/wp-json\/wp\/v2\/pages\/42743\/revisions"}],"predecessor-version":[{"id":42745,"href":"https:\/\/gestionpress.com\/en\/wp-json\/wp\/v2\/pages\/42743\/revisions\/42745"}],"wp:featuredmedia":[{"embeddable":true,"href":"https:\/\/gestionpress.com\/en\/wp-json\/wp\/v2\/media\/42742"}],"wp:attachment":[{"href":"https:\/\/gestionpress.com\/en\/wp-json\/wp\/v2\/media?parent=42743"}],"curies":[{"name":"wp","href":"https:\/\/api.w.org\/{rel}","templated":true}]}}