{"id":42739,"date":"2020-01-03T12:41:06","date_gmt":"2020-01-03T10:41:06","guid":{"rendered":"https:\/\/gestionpress.com\/comunicacion-corporativa-e-institucional\/"},"modified":"2026-04-15T14:42:13","modified_gmt":"2026-04-15T12:42:13","slug":"comunicacion-corporativa-e-institucional","status":"publish","type":"page","link":"https:\/\/gestionpress.com\/en\/comunicacion-corporativa-e-institucional\/","title":{"rendered":"Comunicaci\u00f3n Corporativa e institucional"},"content":{"rendered":"<p>[et_pb_section fb_built=&#8221;1&#8243; fullwidth=&#8221;on&#8221; _builder_version=&#8221;4.16&#8243; global_colors_info=&#8221;{}&#8221;][et_pb_fullwidth_slider _builder_version=&#8221;4.16&#8243; custom_padding=&#8221;300px||300px|&#8221; custom_padding_tablet=&#8221;&#8221; custom_padding_phone=&#8221;&#8221; custom_padding_last_edited=&#8221;on|phone&#8221; auto=&#8221;on&#8221; global_colors_info=&#8221;{}&#8221;][et_pb_slide use_bg_overlay=&#8221;off&#8221; use_text_overlay=&#8221;off&#8221; _builder_version=&#8221;4.16&#8243; background_image=&#8221;https:\/\/gestionpress.com\/wp-content\/uploads\/2020\/01\/foto-comunicacion-2.jpg&#8221; background_enable_image=&#8221;on&#8221; button_on_hover=&#8221;on&#8221; global_colors_info=&#8221;{}&#8221; sticky_transition=&#8221;on&#8221;][\/et_pb_slide][et_pb_slide use_bg_overlay=&#8221;off&#8221; use_text_overlay=&#8221;off&#8221; _builder_version=&#8221;4.16&#8243; background_image=&#8221;https:\/\/gestionpress.com\/wp-content\/uploads\/2018\/12\/DIGITAL4_2.jpg&#8221; button_on_hover=&#8221;on&#8221; global_colors_info=&#8221;{}&#8221; sticky_transition=&#8221;on&#8221;][\/et_pb_slide][et_pb_slide use_bg_overlay=&#8221;off&#8221; use_text_overlay=&#8221;off&#8221; _builder_version=&#8221;4.16&#8243; background_image=&#8221;https:\/\/gestionpress.com\/wp-content\/uploads\/2020\/01\/foto-comunicacion-1.jpg&#8221; background_enable_image=&#8221;on&#8221; button_on_hover=&#8221;on&#8221; global_colors_info=&#8221;{}&#8221; sticky_transition=&#8221;on&#8221;][\/et_pb_slide][et_pb_slide use_bg_overlay=&#8221;off&#8221; use_text_overlay=&#8221;off&#8221; _builder_version=&#8221;4.16&#8243; background_image=&#8221;https:\/\/gestionpress.com\/wp-content\/uploads\/2018\/12\/MADRID-FUND-FORUM290_2.jpg&#8221; button_on_hover=&#8221;on&#8221; global_colors_info=&#8221;{}&#8221; sticky_transition=&#8221;on&#8221;][\/et_pb_slide][et_pb_slide use_bg_overlay=&#8221;off&#8221; use_text_overlay=&#8221;off&#8221; _builder_version=&#8221;4.16&#8243; background_image=&#8221;https:\/\/gestionpress.com\/wp-content\/uploads\/2018\/12\/ASESORTOP-2018-049.jpg&#8221; button_on_hover=&#8221;on&#8221; global_colors_info=&#8221;{}&#8221; sticky_transition=&#8221;on&#8221;][\/et_pb_slide][\/et_pb_fullwidth_slider][\/et_pb_section][et_pb_section fb_built=&#8221;1&#8243; _builder_version=&#8221;4.16&#8243; global_colors_info=&#8221;{}&#8221;][et_pb_row _builder_version=&#8221;4.16&#8243; global_colors_info=&#8221;{}&#8221;][et_pb_column type=&#8221;4_4&#8243; _builder_version=&#8221;4.16&#8243; global_colors_info=&#8221;{}&#8221;][et_pb_text _builder_version=&#8221;4.21.0&#8243; hover_enabled=&#8221;0&#8243; global_colors_info=&#8221;{}&#8221; sticky_enabled=&#8221;0&#8243;]<\/p>\n<h1 class=\"article-content clearfix\" style=\"text-align: center;\">COMUNICACI\u00d3N CORPORATIVA E INSTITUCIONAL<\/h1>\n<p>&nbsp;<\/p>\n<p style=\"text-align: center;\">Nos convertimos en el gabinete de prensa para tu evento, gestionando la relaci\u00f3n de tu empresa con los medios de comunicaci\u00f3n, tanto generalistas como especializados.<\/p>\n<p style=\"text-align: center;\">Grabamos y retransmitimos tus eventos en streaming, producimos v\u00eddeos resumen y promocionales, as\u00ed como acciones especiales para redes sociales.<\/p>\n<p style=\"text-align: center;\">Dise\u00f1amos y desarrollamos eventos de comunicaci\u00f3n corporativa e institucional as\u00ed como todo tipo de material gr\u00e1fico y contenidos multimedia.<\/p>\n<p>[\/et_pb_text][et_pb_text _builder_version=&#8221;4.17.6&#8243; global_colors_info=&#8221;{}&#8221;]<\/p>\n<p style=\"text-align: center;\"><span style=\"color: #000000;\"><strong>We become the press office of your company or your event developing 360\u00ba communication plans and generating news and content to achieve the maximum media impact of your corporate activities. We also record and broadcast your events to reach as large an audience as possible. <\/strong><\/span><\/p>\n<p>[\/et_pb_text][et_pb_divider _builder_version=&#8221;4.16&#8243; global_colors_info=&#8221;{}&#8221;][\/et_pb_divider][\/et_pb_column][\/et_pb_row][\/et_pb_section][et_pb_section fb_built=&#8221;1&#8243; module_id=&#8221;contact-sec&#8221; module_class=&#8221;homepage_8885 contact-outer&#8221; _builder_version=&#8221;3.21.3&#8243; z_index_tablet=&#8221;500&#8243; global_module=&#8221;2342&#8243; global_colors_info=&#8221;{}&#8221;][et_pb_row _builder_version=&#8221;4.16&#8243; background_size=&#8221;initial&#8221; background_position=&#8221;top_left&#8221; background_repeat=&#8221;repeat&#8221; global_colors_info=&#8221;{}&#8221;][et_pb_column type=&#8221;4_4&#8243; _builder_version=&#8221;4.16&#8243; custom_padding=&#8221;|||&#8221; global_colors_info=&#8221;{}&#8221; custom_padding__hover=&#8221;|||&#8221;][et_pb_text admin_label=&#8221;CONTACTO&#8221; _builder_version=&#8221;4.16&#8243; header_font=&#8221;muli-regula||||||||&#8221; header_text_align=&#8221;center&#8221; global_colors_info=&#8221;{}&#8221;]<\/p>\n<h1>CONTACT<\/h1>\n<p>[\/et_pb_text][\/et_pb_column][\/et_pb_row][et_pb_row column_structure=&#8221;1_3,1_3,1_3&#8243; _builder_version=&#8221;4.16&#8243; background_size=&#8221;initial&#8221; background_position=&#8221;top_left&#8221; background_repeat=&#8221;repeat&#8221; global_colors_info=&#8221;{}&#8221;][et_pb_column type=&#8221;1_3&#8243; _builder_version=&#8221;4.16&#8243; custom_padding=&#8221;|||&#8221; global_colors_info=&#8221;{}&#8221; custom_padding__hover=&#8221;|||&#8221;][et_pb_blurb url=&#8221;mailto:gestionpress@gestionpress.com&#8221; image=&#8221;https:\/\/gestionpress.com\/wp-content\/uploads\/2018\/10\/msg.png&#8221; admin_label=&#8221;mail&#8221; module_class=&#8221;mail-text&#8221; _builder_version=&#8221;4.16&#8243; global_colors_info=&#8221;{}&#8221;]<\/p>\n<p>gestionpress@gestionpress.com<\/p>\n<p>[\/et_pb_blurb][\/et_pb_column][et_pb_column type=&#8221;1_3&#8243; _builder_version=&#8221;4.16&#8243; custom_padding=&#8221;|||&#8221; global_colors_info=&#8221;{}&#8221; custom_padding__hover=&#8221;|||&#8221;][et_pb_blurb image=&#8221;https:\/\/gestionpress.com\/wp-content\/uploads\/2018\/10\/phone.png&#8221; admin_label=&#8221;phone&#8221; module_class=&#8221;phone-text&#8221; _builder_version=&#8221;4.16&#8243; global_colors_info=&#8221;{}&#8221;]<\/p>\n<p>+34 913 107 081<\/p>\n<p>[\/et_pb_blurb][\/et_pb_column][et_pb_column type=&#8221;1_3&#8243; _builder_version=&#8221;4.16&#8243; custom_padding=&#8221;|||&#8221; global_colors_info=&#8221;{}&#8221; custom_padding__hover=&#8221;|||&#8221;][et_pb_blurb image=&#8221;https:\/\/gestionpress.com\/wp-content\/uploads\/2018\/10\/map.png&#8221; admin_label=&#8221;map&#8221; module_class=&#8221;add-text&#8221; _builder_version=&#8221;4.16&#8243; global_colors_info=&#8221;{}&#8221;]<\/p>\n<p>C\/ O\u2019Donnell 32 6\u00baB<br \/>28009 Madrid<br \/>Spain<\/p>\n<p>[\/et_pb_blurb][\/et_pb_column][\/et_pb_row][\/et_pb_section]<\/p>\n","protected":false},"excerpt":{"rendered":"<p>COMUNICACI\u00d3N CORPORATIVA E INSTITUCIONAL &nbsp; Nos convertimos en el gabinete de prensa para tu evento, gestionando la relaci\u00f3n de tu empresa con los medios de comunicaci\u00f3n, tanto generalistas como especializados. Grabamos y retransmitimos tus eventos en streaming, producimos v\u00eddeos resumen y promocionales, as\u00ed como acciones especiales para redes sociales. Dise\u00f1amos y desarrollamos eventos de comunicaci\u00f3n [&hellip;]<\/p>\n","protected":false},"author":2,"featured_media":0,"parent":0,"menu_order":0,"comment_status":"closed","ping_status":"closed","template":"","meta":{"_et_pb_use_builder":"on","_et_pb_old_content":"","_et_gb_content_width":"","_exactmetrics_skip_tracking":false,"_exactmetrics_sitenote_active":false,"_exactmetrics_sitenote_note":"","_exactmetrics_sitenote_category":0,"footnotes":""},"class_list":["post-42739","page","type-page","status-publish","hentry"],"yoast_head":"<!-- This site is optimized with the Yoast SEO plugin v27.4 - https:\/\/yoast.com\/product\/yoast-seo-wordpress\/ -->\n<title>Comunicaci\u00f3n corporativa en eventos<\/title>\n<meta name=\"description\" content=\"Corporaci\u00f3n corporativa e institucional para empresas. Gesti\u00f3n Press Eventos y Comunicaci\u00f3n gestionar\u00e1 tu comunicaci\u00f3n corporativa en eventos\" \/>\n<meta name=\"robots\" content=\"index, follow, max-snippet:-1, max-image-preview:large, max-video-preview:-1\" \/>\n<link rel=\"canonical\" href=\"https:\/\/gestionpress.com\/en\/comunicacion-corporativa-e-institucional\/\" \/>\n<meta property=\"og:locale\" content=\"en_US\" \/>\n<meta property=\"og:type\" content=\"article\" \/>\n<meta property=\"og:title\" content=\"Comunicaci\u00f3n corporativa en eventos\" \/>\n<meta property=\"og:description\" content=\"Corporaci\u00f3n corporativa e institucional para empresas. Gesti\u00f3n Press Eventos y Comunicaci\u00f3n gestionar\u00e1 tu comunicaci\u00f3n corporativa en eventos\" \/>\n<meta property=\"og:url\" content=\"https:\/\/gestionpress.com\/en\/comunicacion-corporativa-e-institucional\/\" \/>\n<meta property=\"og:site_name\" content=\"Gesti\u00f3n Press - Eventos &amp; Comunicaci\u00f3n\" \/>\n<meta property=\"article:publisher\" content=\"https:\/\/www.facebook.com\/gestionpress\/\" \/>\n<meta property=\"article:modified_time\" content=\"2026-04-15T12:42:13+00:00\" \/>\n<meta name=\"twitter:card\" content=\"summary_large_image\" \/>\n<meta name=\"twitter:site\" content=\"@gestionpress\" \/>\n<meta name=\"twitter:label1\" content=\"Est. reading time\" \/>\n\t<meta name=\"twitter:data1\" content=\"3 minutes\" \/>\n<script type=\"application\/ld+json\" class=\"yoast-schema-graph\">{\"@context\":\"https:\\\/\\\/schema.org\",\"@graph\":[{\"@type\":\"WebPage\",\"@id\":\"https:\\\/\\\/gestionpress.com\\\/en\\\/comunicacion-corporativa-e-institucional\\\/\",\"url\":\"https:\\\/\\\/gestionpress.com\\\/en\\\/comunicacion-corporativa-e-institucional\\\/\",\"name\":\"Comunicaci\u00f3n corporativa en eventos\",\"isPartOf\":{\"@id\":\"https:\\\/\\\/gestionpress.com\\\/en\\\/#website\"},\"datePublished\":\"2020-01-03T10:41:06+00:00\",\"dateModified\":\"2026-04-15T12:42:13+00:00\",\"description\":\"Corporaci\u00f3n corporativa e institucional para empresas. Gesti\u00f3n Press Eventos y Comunicaci\u00f3n gestionar\u00e1 tu comunicaci\u00f3n corporativa en eventos\",\"breadcrumb\":{\"@id\":\"https:\\\/\\\/gestionpress.com\\\/en\\\/comunicacion-corporativa-e-institucional\\\/#breadcrumb\"},\"inLanguage\":\"en-US\",\"potentialAction\":[{\"@type\":\"ReadAction\",\"target\":[\"https:\\\/\\\/gestionpress.com\\\/en\\\/comunicacion-corporativa-e-institucional\\\/\"]}]},{\"@type\":\"BreadcrumbList\",\"@id\":\"https:\\\/\\\/gestionpress.com\\\/en\\\/comunicacion-corporativa-e-institucional\\\/#breadcrumb\",\"itemListElement\":[{\"@type\":\"ListItem\",\"position\":1,\"name\":\"Portada\",\"item\":\"https:\\\/\\\/gestionpress.com\\\/en\\\/\"},{\"@type\":\"ListItem\",\"position\":2,\"name\":\"Comunicaci\u00f3n Corporativa e institucional\"}]},{\"@type\":\"WebSite\",\"@id\":\"https:\\\/\\\/gestionpress.com\\\/en\\\/#website\",\"url\":\"https:\\\/\\\/gestionpress.com\\\/en\\\/\",\"name\":\"Gesti\u00f3n Press Eventos y Comunicaci\u00f3n\",\"description\":\"Organizaci\u00f3n integral de eventos institucionales y corporativos\",\"publisher\":{\"@id\":\"https:\\\/\\\/gestionpress.com\\\/en\\\/#organization\"},\"alternateName\":\"Gesti\u00f3n Press\",\"potentialAction\":[{\"@type\":\"SearchAction\",\"target\":{\"@type\":\"EntryPoint\",\"urlTemplate\":\"https:\\\/\\\/gestionpress.com\\\/en\\\/?s={search_term_string}\"},\"query-input\":{\"@type\":\"PropertyValueSpecification\",\"valueRequired\":true,\"valueName\":\"search_term_string\"}}],\"inLanguage\":\"en-US\"},{\"@type\":\"Organization\",\"@id\":\"https:\\\/\\\/gestionpress.com\\\/en\\\/#organization\",\"name\":\"Gesti\u00f3n Press Eventos y Comunicaci\u00f3n\",\"alternateName\":\"Gesti\u00f3n Press\",\"url\":\"https:\\\/\\\/gestionpress.com\\\/en\\\/\",\"logo\":{\"@type\":\"ImageObject\",\"inLanguage\":\"en-US\",\"@id\":\"https:\\\/\\\/gestionpress.com\\\/en\\\/#\\\/schema\\\/logo\\\/image\\\/\",\"url\":\"https:\\\/\\\/gestionpress.com\\\/wp-content\\\/uploads\\\/2025\\\/03\\\/Logo_GP_rgb.jpg\",\"contentUrl\":\"https:\\\/\\\/gestionpress.com\\\/wp-content\\\/uploads\\\/2025\\\/03\\\/Logo_GP_rgb.jpg\",\"width\":1702,\"height\":479,\"caption\":\"Gesti\u00f3n Press Eventos y Comunicaci\u00f3n\"},\"image\":{\"@id\":\"https:\\\/\\\/gestionpress.com\\\/en\\\/#\\\/schema\\\/logo\\\/image\\\/\"},\"sameAs\":[\"https:\\\/\\\/www.facebook.com\\\/gestionpress\\\/\",\"https:\\\/\\\/x.com\\\/gestionpress\",\"https:\\\/\\\/www.linkedin.com\\\/company\\\/1768857\\\/\",\"https:\\\/\\\/www.instagram.com\\\/gestion_press\\\/#\"]}]}<\/script>\n<!-- \/ Yoast SEO plugin. -->","yoast_head_json":{"title":"Comunicaci\u00f3n corporativa en eventos","description":"Corporaci\u00f3n corporativa e institucional para empresas. Gesti\u00f3n Press Eventos y Comunicaci\u00f3n gestionar\u00e1 tu comunicaci\u00f3n corporativa en eventos","robots":{"index":"index","follow":"follow","max-snippet":"max-snippet:-1","max-image-preview":"max-image-preview:large","max-video-preview":"max-video-preview:-1"},"canonical":"https:\/\/gestionpress.com\/en\/comunicacion-corporativa-e-institucional\/","og_locale":"en_US","og_type":"article","og_title":"Comunicaci\u00f3n corporativa en eventos","og_description":"Corporaci\u00f3n corporativa e institucional para empresas. Gesti\u00f3n Press Eventos y Comunicaci\u00f3n gestionar\u00e1 tu comunicaci\u00f3n corporativa en eventos","og_url":"https:\/\/gestionpress.com\/en\/comunicacion-corporativa-e-institucional\/","og_site_name":"Gesti\u00f3n Press - Eventos &amp; Comunicaci\u00f3n","article_publisher":"https:\/\/www.facebook.com\/gestionpress\/","article_modified_time":"2026-04-15T12:42:13+00:00","twitter_card":"summary_large_image","twitter_site":"@gestionpress","twitter_misc":{"Est. reading time":"3 minutes"},"schema":{"@context":"https:\/\/schema.org","@graph":[{"@type":"WebPage","@id":"https:\/\/gestionpress.com\/en\/comunicacion-corporativa-e-institucional\/","url":"https:\/\/gestionpress.com\/en\/comunicacion-corporativa-e-institucional\/","name":"Comunicaci\u00f3n corporativa en eventos","isPartOf":{"@id":"https:\/\/gestionpress.com\/en\/#website"},"datePublished":"2020-01-03T10:41:06+00:00","dateModified":"2026-04-15T12:42:13+00:00","description":"Corporaci\u00f3n corporativa e institucional para empresas. Gesti\u00f3n Press Eventos y Comunicaci\u00f3n gestionar\u00e1 tu comunicaci\u00f3n corporativa en eventos","breadcrumb":{"@id":"https:\/\/gestionpress.com\/en\/comunicacion-corporativa-e-institucional\/#breadcrumb"},"inLanguage":"en-US","potentialAction":[{"@type":"ReadAction","target":["https:\/\/gestionpress.com\/en\/comunicacion-corporativa-e-institucional\/"]}]},{"@type":"BreadcrumbList","@id":"https:\/\/gestionpress.com\/en\/comunicacion-corporativa-e-institucional\/#breadcrumb","itemListElement":[{"@type":"ListItem","position":1,"name":"Portada","item":"https:\/\/gestionpress.com\/en\/"},{"@type":"ListItem","position":2,"name":"Comunicaci\u00f3n Corporativa e institucional"}]},{"@type":"WebSite","@id":"https:\/\/gestionpress.com\/en\/#website","url":"https:\/\/gestionpress.com\/en\/","name":"Gesti\u00f3n Press Eventos y Comunicaci\u00f3n","description":"Organizaci\u00f3n integral de eventos institucionales y corporativos","publisher":{"@id":"https:\/\/gestionpress.com\/en\/#organization"},"alternateName":"Gesti\u00f3n Press","potentialAction":[{"@type":"SearchAction","target":{"@type":"EntryPoint","urlTemplate":"https:\/\/gestionpress.com\/en\/?s={search_term_string}"},"query-input":{"@type":"PropertyValueSpecification","valueRequired":true,"valueName":"search_term_string"}}],"inLanguage":"en-US"},{"@type":"Organization","@id":"https:\/\/gestionpress.com\/en\/#organization","name":"Gesti\u00f3n Press Eventos y Comunicaci\u00f3n","alternateName":"Gesti\u00f3n Press","url":"https:\/\/gestionpress.com\/en\/","logo":{"@type":"ImageObject","inLanguage":"en-US","@id":"https:\/\/gestionpress.com\/en\/#\/schema\/logo\/image\/","url":"https:\/\/gestionpress.com\/wp-content\/uploads\/2025\/03\/Logo_GP_rgb.jpg","contentUrl":"https:\/\/gestionpress.com\/wp-content\/uploads\/2025\/03\/Logo_GP_rgb.jpg","width":1702,"height":479,"caption":"Gesti\u00f3n Press Eventos y Comunicaci\u00f3n"},"image":{"@id":"https:\/\/gestionpress.com\/en\/#\/schema\/logo\/image\/"},"sameAs":["https:\/\/www.facebook.com\/gestionpress\/","https:\/\/x.com\/gestionpress","https:\/\/www.linkedin.com\/company\/1768857\/","https:\/\/www.instagram.com\/gestion_press\/#"]}]}},"_links":{"self":[{"href":"https:\/\/gestionpress.com\/en\/wp-json\/wp\/v2\/pages\/42739","targetHints":{"allow":["GET"]}}],"collection":[{"href":"https:\/\/gestionpress.com\/en\/wp-json\/wp\/v2\/pages"}],"about":[{"href":"https:\/\/gestionpress.com\/en\/wp-json\/wp\/v2\/types\/page"}],"author":[{"embeddable":true,"href":"https:\/\/gestionpress.com\/en\/wp-json\/wp\/v2\/users\/2"}],"replies":[{"embeddable":true,"href":"https:\/\/gestionpress.com\/en\/wp-json\/wp\/v2\/comments?post=42739"}],"version-history":[{"count":2,"href":"https:\/\/gestionpress.com\/en\/wp-json\/wp\/v2\/pages\/42739\/revisions"}],"predecessor-version":[{"id":42741,"href":"https:\/\/gestionpress.com\/en\/wp-json\/wp\/v2\/pages\/42739\/revisions\/42741"}],"wp:attachment":[{"href":"https:\/\/gestionpress.com\/en\/wp-json\/wp\/v2\/media?parent=42739"}],"curies":[{"name":"wp","href":"https:\/\/api.w.org\/{rel}","templated":true}]}}