{"id":42698,"date":"2018-10-22T11:22:12","date_gmt":"2018-10-22T09:22:12","guid":{"rendered":"https:\/\/gestionpress.com\/eventos-corporativos-y-sectoriales\/"},"modified":"2026-04-15T14:32:26","modified_gmt":"2026-04-15T12:32:26","slug":"eventos-corporativos-y-sectoriales","status":"publish","type":"page","link":"https:\/\/gestionpress.com\/en\/eventos-corporativos-y-sectoriales\/","title":{"rendered":"Eventos Corporativos y Sectoriales"},"content":{"rendered":"<p>[et_pb_section fb_built=&#8221;1&#8243; fullwidth=&#8221;on&#8221; _builder_version=&#8221;4.16&#8243; global_colors_info=&#8221;{}&#8221;][et_pb_fullwidth_slider _builder_version=&#8221;4.16&#8243; custom_padding=&#8221;300px||300px|&#8221; custom_padding_tablet=&#8221;&#8221; custom_padding_phone=&#8221;&#8221; custom_padding_last_edited=&#8221;on|phone&#8221; auto=&#8221;on&#8221; global_colors_info=&#8221;{}&#8221;][et_pb_slide use_bg_overlay=&#8221;off&#8221; use_text_overlay=&#8221;off&#8221; _builder_version=&#8221;4.16&#8243; background_image=&#8221;https:\/\/gestionpress.com\/wp-content\/uploads\/2018\/12\/DIGITAL4_2.jpg&#8221; button_on_hover=&#8221;on&#8221; global_colors_info=&#8221;{}&#8221; sticky_transition=&#8221;on&#8221;][\/et_pb_slide][et_pb_slide use_bg_overlay=&#8221;off&#8221; use_text_overlay=&#8221;off&#8221; _builder_version=&#8221;4.16&#8243; background_image=&#8221;https:\/\/gestionpress.com\/wp-content\/uploads\/2018\/10\/24.jpg&#8221; button_on_hover=&#8221;on&#8221; global_colors_info=&#8221;{}&#8221; sticky_transition=&#8221;on&#8221;][\/et_pb_slide][et_pb_slide use_bg_overlay=&#8221;off&#8221; use_text_overlay=&#8221;off&#8221; _builder_version=&#8221;4.16&#8243; background_image=&#8221;https:\/\/gestionpress.com\/wp-content\/uploads\/2018\/12\/MADRID-FUND-FORUM290_2.jpg&#8221; button_on_hover=&#8221;on&#8221; global_colors_info=&#8221;{}&#8221; sticky_transition=&#8221;on&#8221;][\/et_pb_slide][et_pb_slide use_bg_overlay=&#8221;off&#8221; use_text_overlay=&#8221;off&#8221; _builder_version=&#8221;4.16&#8243; background_image=&#8221;https:\/\/gestionpress.com\/wp-content\/uploads\/2018\/12\/ASESORTOP-2018-049.jpg&#8221; button_on_hover=&#8221;on&#8221; global_colors_info=&#8221;{}&#8221; sticky_transition=&#8221;on&#8221;][\/et_pb_slide][et_pb_slide use_bg_overlay=&#8221;off&#8221; use_text_overlay=&#8221;off&#8221; _builder_version=&#8221;4.16&#8243; background_image=&#8221;https:\/\/gestionpress.com\/wp-content\/uploads\/2018\/12\/06_2.jpg&#8221; button_on_hover=&#8221;on&#8221; global_colors_info=&#8221;{}&#8221; sticky_transition=&#8221;on&#8221;][\/et_pb_slide][\/et_pb_fullwidth_slider][\/et_pb_section][et_pb_section fb_built=&#8221;1&#8243; _builder_version=&#8221;4.16&#8243; global_colors_info=&#8221;{}&#8221;][et_pb_row _builder_version=&#8221;4.16&#8243; module_alignment=&#8221;center&#8221; global_colors_info=&#8221;{}&#8221;][et_pb_column type=&#8221;4_4&#8243; _builder_version=&#8221;4.16&#8243; custom_padding=&#8221;|||&#8221; global_colors_info=&#8221;{}&#8221; custom_padding__hover=&#8221;|||&#8221;][et_pb_text _builder_version=&#8221;4.21.0&#8243; text_orientation=&#8221;center&#8221; width=&#8221;100%&#8221; max_width=&#8221;1080px&#8221; hover_enabled=&#8221;0&#8243; global_colors_info=&#8221;{}&#8221; sticky_enabled=&#8221;0&#8243;]<\/p>\n<section class=\"article-content clearfix\">\n<h3 class=\"article-content clearfix\" style=\"text-align: center;\">Eventos Empresariales y sectoriales, presentaciones de de producto, organizaci\u00f3n eventos corporativos, jornadas profesionales y desayunos de trabajo y eventos l\u00fadicos.<\/h3>\n<\/section>\n<p>[\/et_pb_text][\/et_pb_column][\/et_pb_row][et_pb_row column_structure=&#8221;1_2,1_2&#8243; _builder_version=&#8221;4.16&#8243; global_colors_info=&#8221;{}&#8221;][et_pb_column type=&#8221;1_2&#8243; _builder_version=&#8221;4.16&#8243; custom_padding=&#8221;|||&#8221; global_colors_info=&#8221;{}&#8221; custom_padding__hover=&#8221;|||&#8221;][et_pb_text _builder_version=&#8221;4.21.0&#8243; width=&#8221;80%&#8221; max_width=&#8221;1080px&#8221; global_colors_info=&#8221;{}&#8221;]<\/p>\n<section class=\"article-content clearfix\">\n<section class=\"article-content clearfix\">Gestionamos la <span style=\"text-decoration: underline;\">organizaci\u00f3n integral<\/span> de <a href=\"https:\/\/gestionpress.com\/en\/events\/\" target=\"_blank\" rel=\"noopener\">eventos<\/a> y encuentros dirigidos a profesionales.<\/section>\n<section class=\"article-content clearfix\">Diferentes l\u00edneas tem\u00e1ticas y para diferentes sectores de actividad, estos encuentros suponen un punto de encuentro de perfiles directivos de distintas empresas e instituciones que operan en Espa\u00f1a. <strong>Gesti\u00f3n Press<\/strong> gestiona la convocatoria de ponentes y speakers, la gesti\u00f3n de invitados y el registro de asistentes y por supuesto se encarga del desarrollo integral del acto consiguiendo que el cliente pueda aprovechar los objetivos de su evento despreocup\u00e1ndose as\u00ed de su organizaci\u00f3n y del trabajo durante el mismo.<\/p>\n<p>Pueden ser eventos privados o asociados a un medio en el que se garantiza la cobertura informativa y donde se plasman las principales opiniones de los asistentes. Consultor\u00eda sobre media partner para conseguir la mayor repercusi\u00f3n informativa en los eventos de nuestros clientes. <\/p>\n<\/section>\n<\/section>\n<p>[\/et_pb_text][\/et_pb_column][et_pb_column type=&#8221;1_2&#8243; _builder_version=&#8221;4.16&#8243; custom_padding=&#8221;|||&#8221; global_colors_info=&#8221;{}&#8221; custom_padding__hover=&#8221;|||&#8221;][et_pb_text _builder_version=&#8221;4.21.0&#8243; z_index_tablet=&#8221;500&#8243; global_colors_info=&#8221;{}&#8221;]<\/p>\n<section class=\"article-content clearfix\">\n<section>Las principales l\u00edneas de debate en las que hemos trabajado, bien con encuentros puntuales o con ciclos tem\u00e1ticos son:<\/p>\n<ul>\n<li><strong>Encuentros financieros:<\/strong> Gesti\u00f3n empresarial, temas de inversi\u00f3n, seguros, outsourcing, regulaci\u00f3n, planes de pensiones, banca privada, etc. para clientes como:<span style=\"color: #3366ff;\"> <a style=\"color: #3366ff;\" href=\"https:\/\/gestionpress.com\/2018\/02\/15\/ii-edicion-premios-digital-talent\/\">Accenture<\/a><\/span>, <span style=\"color: #3366ff;\"><a style=\"color: #3366ff;\" href=\"https:\/\/gestionpress.com\/2018\/11\/20\/jornada-eleconomista-gestion-activa\/\" target=\"_blank\" rel=\"noopener noreferrer\">Andbank<\/a><\/span>, Fondos Directo, Morgan Stanley, <span style=\"color: #3366ff;\"><a style=\"color: #3366ff;\" href=\"https:\/\/gestionpress.com\/2018\/07\/03\/banca-andorrana-el-sector-financiero-andorrano-en-europa\/\" target=\"_blank\" rel=\"noopener noreferrer\">Asociaci\u00f3n de Bancos Andorranos<\/a><\/span>, KPMG, Caser, Criteria CaixaCorp., UOC, Asedas, Deutsche Bank, Llorente y Cuenca, Kessler&amp;Casadevall, PROFIM Asesores Patrimoniales, Morningstar, Mapfre, Moneda \u00fanica, <span style=\"color: #3366ff;\"><a style=\"color: #3366ff;\" href=\"https:\/\/gestionpress.com\/2018\/11\/28\/jornada-empresarial-eleconomista-la-digitalizacion-de-la-inversion-y-los-medios-de-pago\/\" target=\"_blank\" rel=\"noopener noreferrer\">Bankinter<\/a><\/span>, <a href=\"https:\/\/gestionpress.com\/2018\/11\/08\/conferencias-de-eleconomista-hacia-un-equilibrio-justo-en-los-mercados\/\" target=\"_blank\" rel=\"noopener noreferrer\"><span style=\"color: #3366ff;\">Banco Santander<\/span><\/a><\/li>\n<li><strong>Recursos Humanos:<\/strong> Adecco, Agett, Meta 4, <span style=\"color: #3366ff;\"><a style=\"color: #3366ff;\" href=\"https:\/\/gestionpress.com\/2017\/02\/07\/i-edicion-premios-digital-talent-eleconomista\/\" target=\"_blank\" rel=\"noopener noreferrer\">Accenture<\/a><\/span><\/li>\n<li><strong>Tecnolog\u00eda:<\/strong> HP, Satec, Red.es, T-Systems, Alcatel-Lucent, Unitronics, Econocom<\/li>\n<li><strong>Sector Industrial, Seguros, Consultor\u00eda<\/strong>: SEPI, <span style=\"color: #3366ff;\"><a style=\"color: #3366ff;\" href=\"https:\/\/gestionpress.com\/2018\/12\/13\/agora-ministra-de-trabajo-migraciones-y-seguridad-social\/\" target=\"_blank\" rel=\"noopener noreferrer\">Caser<\/a><\/span>, Ferrovial, Ence, <span style=\"color: #3366ff;\"><a style=\"color: #3366ff;\" href=\"https:\/\/gestionpress.com\/2018\/12\/11\/agora-de-fomento-con-d-jose-luis-abalos\/\" target=\"_blank\" rel=\"noopener noreferrer\">EY<\/a><\/span><\/li>\n<li><strong>Sector Agroalimentario<\/strong>: <a href=\"https:\/\/gestionpress.com\/2018\/11\/23\/jornada-eleconomista-castilla-y-leon-ventajas-competitivas-para-la-inversion\/\" target=\"_blank\" rel=\"noopener noreferrer\"><span style=\"color: #3366ff;\">Junta de Castilla y Le\u00f3n<\/span><\/a><\/li>\n<li><strong>Presentaciones de producto, entregas de premios, showcookings: <\/strong>elEconomista, Funcas, <span style=\"color: #3366ff;\"><a style=\"color: #3366ff;\" href=\"https:\/\/gestionpress.com\/2018\/12\/04\/finect-asesor-top\/\" target=\"_blank\" rel=\"noopener noreferrer\">Finect<\/a><\/span><\/li>\n<li><strong>Comercio Exterior e Internacionalizaci\u00f3n<\/strong>: <span style=\"color: #0000ff;\"><a style=\"color: #0000ff;\" href=\"https:\/\/gestionpress.com\/internacionalizacion\/\" target=\"_blank\" rel=\"noopener noreferrer\"><span style=\"color: #3366ff;\">Di\u00e1logos de Internacionalizaci\u00f3n<\/span><\/a><\/span><\/li>\n<\/ul>\n<\/section>\n<\/section>\n<p>[\/et_pb_text][\/et_pb_column][\/et_pb_row][et_pb_row _builder_version=&#8221;4.17.6&#8243; _module_preset=&#8221;default&#8221; global_colors_info=&#8221;{}&#8221;][et_pb_column type=&#8221;4_4&#8243; _builder_version=&#8221;4.17.6&#8243; _module_preset=&#8221;default&#8221; global_colors_info=&#8221;{}&#8221;][et_pb_text _builder_version=&#8221;4.21.0&#8243; _module_preset=&#8221;default&#8221; hover_enabled=&#8221;0&#8243; global_colors_info=&#8221;{}&#8221; sticky_enabled=&#8221;0&#8243;]<\/p>\n<p style=\"text-align: center;\"><em><span style=\"color: #000000;\">We manage the complete organization of business and corporate events, product presentations, organization of private events, professional conferences and business breakfasts and recreational events.<\/span><\/em><\/p>\n<p style=\"text-align: center;\"><em><span style=\"color: #000000;\">Gesti\u00f3n Press can manage the speakers, the guests\u2019 invitations and the registration of attendees and can manage the complete development of the event, ensuring that the client will take advantage of the objectives of their event, regardless the thematic lines and the different sectors of activity.<\/span><\/em><\/p>\n<p>[\/et_pb_text][\/et_pb_column][\/et_pb_row][et_pb_row _builder_version=&#8221;3.21.4&#8243; global_module=&#8221;2397&#8243; global_colors_info=&#8221;{}&#8221;][et_pb_column type=&#8221;4_4&#8243; _builder_version=&#8221;4.16&#8243; custom_padding=&#8221;|||&#8221; global_colors_info=&#8221;{}&#8221; custom_padding__hover=&#8221;|||&#8221;][et_pb_button button_url=&#8221;https:\/\/gestionpress.com\/en\/events\/&#8221; url_new_window=&#8221;on&#8221; button_text=&#8221;Nuestros \u00faltimos eventos&#8221; button_alignment=&#8221;center&#8221; _builder_version=&#8221;4.16&#8243; background_layout=&#8221;dark&#8221; global_colors_info=&#8221;{}&#8221;][\/et_pb_button][\/et_pb_column][\/et_pb_row][et_pb_row _builder_version=&#8221;4.16&#8243; global_colors_info=&#8221;{}&#8221;][et_pb_column type=&#8221;4_4&#8243; _builder_version=&#8221;4.16&#8243; custom_padding=&#8221;|||&#8221; global_colors_info=&#8221;{}&#8221; custom_padding__hover=&#8221;|||&#8221;][et_pb_divider _builder_version=&#8221;4.16&#8243; width=&#8221;80%&#8221; max_width=&#8221;1080px&#8221; module_alignment=&#8221;center&#8221; global_colors_info=&#8221;{}&#8221;]<br \/>\n[\/et_pb_divider][\/et_pb_column][\/et_pb_row][\/et_pb_section][et_pb_section fb_built=&#8221;1&#8243; module_id=&#8221;contact-sec&#8221; module_class=&#8221;homepage_8885 contact-outer&#8221; _builder_version=&#8221;3.21.3&#8243; z_index_tablet=&#8221;500&#8243; global_module=&#8221;2342&#8243; global_colors_info=&#8221;{}&#8221;][et_pb_row _builder_version=&#8221;4.16&#8243; background_size=&#8221;initial&#8221; background_position=&#8221;top_left&#8221; background_repeat=&#8221;repeat&#8221; global_colors_info=&#8221;{}&#8221;][et_pb_column type=&#8221;4_4&#8243; _builder_version=&#8221;4.16&#8243; custom_padding=&#8221;|||&#8221; global_colors_info=&#8221;{}&#8221; custom_padding__hover=&#8221;|||&#8221;][et_pb_text admin_label=&#8221;CONTACTO&#8221; _builder_version=&#8221;4.16&#8243; header_font=&#8221;muli-regula||||||||&#8221; header_text_align=&#8221;center&#8221; global_colors_info=&#8221;{}&#8221;]<\/p>\n<h1>CONTACT<\/h1>\n<p>[\/et_pb_text][\/et_pb_column][\/et_pb_row][et_pb_row column_structure=&#8221;1_3,1_3,1_3&#8243; _builder_version=&#8221;4.16&#8243; background_size=&#8221;initial&#8221; background_position=&#8221;top_left&#8221; background_repeat=&#8221;repeat&#8221; global_colors_info=&#8221;{}&#8221;][et_pb_column type=&#8221;1_3&#8243; _builder_version=&#8221;4.16&#8243; custom_padding=&#8221;|||&#8221; global_colors_info=&#8221;{}&#8221; custom_padding__hover=&#8221;|||&#8221;][et_pb_blurb url=&#8221;mailto:gestionpress@gestionpress.com&#8221; image=&#8221;https:\/\/gestionpress.com\/wp-content\/uploads\/2018\/10\/msg.png&#8221; admin_label=&#8221;mail&#8221; module_class=&#8221;mail-text&#8221; _builder_version=&#8221;4.16&#8243; global_colors_info=&#8221;{}&#8221;]<\/p>\n<p>gestionpress@gestionpress.com<\/p>\n<p>[\/et_pb_blurb][\/et_pb_column][et_pb_column type=&#8221;1_3&#8243; _builder_version=&#8221;4.16&#8243; custom_padding=&#8221;|||&#8221; global_colors_info=&#8221;{}&#8221; custom_padding__hover=&#8221;|||&#8221;][et_pb_blurb image=&#8221;https:\/\/gestionpress.com\/wp-content\/uploads\/2018\/10\/phone.png&#8221; admin_label=&#8221;phone&#8221; module_class=&#8221;phone-text&#8221; _builder_version=&#8221;4.16&#8243; global_colors_info=&#8221;{}&#8221;]<\/p>\n<p>+34 913 107 081<\/p>\n<p>[\/et_pb_blurb][\/et_pb_column][et_pb_column type=&#8221;1_3&#8243; _builder_version=&#8221;4.16&#8243; custom_padding=&#8221;|||&#8221; global_colors_info=&#8221;{}&#8221; custom_padding__hover=&#8221;|||&#8221;][et_pb_blurb image=&#8221;https:\/\/gestionpress.com\/wp-content\/uploads\/2018\/10\/map.png&#8221; admin_label=&#8221;map&#8221; module_class=&#8221;add-text&#8221; _builder_version=&#8221;4.16&#8243; global_colors_info=&#8221;{}&#8221;]<\/p>\n<p>C\/ O\u2019Donnell 32 6\u00baB<br \/>28009 Madrid<br \/>Spain<\/p>\n<p>[\/et_pb_blurb][\/et_pb_column][\/et_pb_row][\/et_pb_section][et_pb_section fb_built=&#8221;1&#8243; _builder_version=&#8221;4.16&#8243; _module_preset=&#8221;default&#8221; global_colors_info=&#8221;{}&#8221;][et_pb_row _builder_version=&#8221;4.16&#8243; _module_preset=&#8221;default&#8221; global_colors_info=&#8221;{}&#8221;][et_pb_column type=&#8221;4_4&#8243; _builder_version=&#8221;4.16&#8243; _module_preset=&#8221;default&#8221; global_colors_info=&#8221;{}&#8221;][et_pb_text _builder_version=&#8221;4.16&#8243; _module_preset=&#8221;default&#8221; global_colors_info=&#8221;{}&#8221;]<\/p>\n<p style=\"text-align: center;\">Gesti\u00f3n Press Eventos y Comunicaci\u00f3n &#8211; Organizaci\u00f3n Eventos Corporativos<\/p>\n<p>[\/et_pb_text][\/et_pb_column][\/et_pb_row][\/et_pb_section]<\/p>\n","protected":false},"excerpt":{"rendered":"<p>Eventos Empresariales y sectoriales, presentaciones de de producto, organizaci\u00f3n eventos corporativos, jornadas profesionales y desayunos de trabajo y eventos l\u00fadicos. Gestionamos la organizaci\u00f3n integral de eventos y encuentros dirigidos a profesionales. Diferentes l\u00edneas tem\u00e1ticas y para diferentes sectores de actividad, estos encuentros suponen un punto de encuentro de perfiles directivos de distintas empresas e instituciones [&hellip;]<\/p>\n","protected":false},"author":1,"featured_media":0,"parent":0,"menu_order":0,"comment_status":"closed","ping_status":"closed","template":"","meta":{"_et_pb_use_builder":"on","_et_pb_old_content":"","_et_gb_content_width":"","_exactmetrics_skip_tracking":false,"_exactmetrics_sitenote_active":false,"_exactmetrics_sitenote_note":"","_exactmetrics_sitenote_category":0,"footnotes":""},"class_list":["post-42698","page","type-page","status-publish","hentry"],"yoast_head":"<!-- This site is optimized with the Yoast SEO plugin v27.4 - https:\/\/yoast.com\/product\/yoast-seo-wordpress\/ -->\n<title>Organizaci\u00f3n de eventos corporativos y sectoriales - Gesti\u00f3n Press<\/title>\n<meta name=\"description\" content=\"Gesti\u00f3n Press. Organizaci\u00f3n eventos corporativos y sectoriales. Mas de 15 de a\u00f1os de experiencia en la organizaci\u00f3n integral de eventos\" \/>\n<meta name=\"robots\" content=\"index, follow, max-snippet:-1, max-image-preview:large, max-video-preview:-1\" \/>\n<link rel=\"canonical\" href=\"https:\/\/gestionpress.com\/en\/eventos-corporativos-y-sectoriales\/\" \/>\n<meta property=\"og:locale\" content=\"en_US\" \/>\n<meta property=\"og:type\" content=\"article\" \/>\n<meta property=\"og:title\" content=\"Organizaci\u00f3n de eventos corporativos y sectoriales - Gesti\u00f3n Press\" \/>\n<meta property=\"og:description\" content=\"Gesti\u00f3n Press. Organizaci\u00f3n eventos corporativos y sectoriales. Mas de 15 de a\u00f1os de experiencia en la organizaci\u00f3n integral de eventos\" \/>\n<meta property=\"og:url\" content=\"https:\/\/gestionpress.com\/en\/eventos-corporativos-y-sectoriales\/\" \/>\n<meta property=\"og:site_name\" content=\"Gesti\u00f3n Press - Eventos &amp; Comunicaci\u00f3n\" \/>\n<meta property=\"article:publisher\" content=\"https:\/\/www.facebook.com\/gestionpress\/\" \/>\n<meta property=\"article:modified_time\" content=\"2026-04-15T12:32:26+00:00\" \/>\n<meta name=\"twitter:card\" content=\"summary_large_image\" \/>\n<meta name=\"twitter:site\" content=\"@gestionpress\" \/>\n<meta name=\"twitter:label1\" content=\"Est. reading time\" \/>\n\t<meta name=\"twitter:data1\" content=\"6 minutes\" \/>\n<script type=\"application\/ld+json\" class=\"yoast-schema-graph\">{\"@context\":\"https:\\\/\\\/schema.org\",\"@graph\":[{\"@type\":\"WebPage\",\"@id\":\"https:\\\/\\\/gestionpress.com\\\/en\\\/eventos-corporativos-y-sectoriales\\\/\",\"url\":\"https:\\\/\\\/gestionpress.com\\\/en\\\/eventos-corporativos-y-sectoriales\\\/\",\"name\":\"Organizaci\u00f3n de eventos corporativos y sectoriales - Gesti\u00f3n Press\",\"isPartOf\":{\"@id\":\"https:\\\/\\\/gestionpress.com\\\/en\\\/#website\"},\"datePublished\":\"2018-10-22T09:22:12+00:00\",\"dateModified\":\"2026-04-15T12:32:26+00:00\",\"description\":\"Gesti\u00f3n Press. Organizaci\u00f3n eventos corporativos y sectoriales. Mas de 15 de a\u00f1os de experiencia en la organizaci\u00f3n integral de eventos\",\"breadcrumb\":{\"@id\":\"https:\\\/\\\/gestionpress.com\\\/en\\\/eventos-corporativos-y-sectoriales\\\/#breadcrumb\"},\"inLanguage\":\"en-US\",\"potentialAction\":[{\"@type\":\"ReadAction\",\"target\":[\"https:\\\/\\\/gestionpress.com\\\/en\\\/eventos-corporativos-y-sectoriales\\\/\"]}]},{\"@type\":\"BreadcrumbList\",\"@id\":\"https:\\\/\\\/gestionpress.com\\\/en\\\/eventos-corporativos-y-sectoriales\\\/#breadcrumb\",\"itemListElement\":[{\"@type\":\"ListItem\",\"position\":1,\"name\":\"Portada\",\"item\":\"https:\\\/\\\/gestionpress.com\\\/en\\\/\"},{\"@type\":\"ListItem\",\"position\":2,\"name\":\"Eventos Corporativos y Sectoriales\"}]},{\"@type\":\"WebSite\",\"@id\":\"https:\\\/\\\/gestionpress.com\\\/en\\\/#website\",\"url\":\"https:\\\/\\\/gestionpress.com\\\/en\\\/\",\"name\":\"Gesti\u00f3n Press Eventos y Comunicaci\u00f3n\",\"description\":\"Organizaci\u00f3n integral de eventos institucionales y corporativos\",\"publisher\":{\"@id\":\"https:\\\/\\\/gestionpress.com\\\/en\\\/#organization\"},\"alternateName\":\"Gesti\u00f3n Press\",\"potentialAction\":[{\"@type\":\"SearchAction\",\"target\":{\"@type\":\"EntryPoint\",\"urlTemplate\":\"https:\\\/\\\/gestionpress.com\\\/en\\\/?s={search_term_string}\"},\"query-input\":{\"@type\":\"PropertyValueSpecification\",\"valueRequired\":true,\"valueName\":\"search_term_string\"}}],\"inLanguage\":\"en-US\"},{\"@type\":\"Organization\",\"@id\":\"https:\\\/\\\/gestionpress.com\\\/en\\\/#organization\",\"name\":\"Gesti\u00f3n Press Eventos y Comunicaci\u00f3n\",\"alternateName\":\"Gesti\u00f3n Press\",\"url\":\"https:\\\/\\\/gestionpress.com\\\/en\\\/\",\"logo\":{\"@type\":\"ImageObject\",\"inLanguage\":\"en-US\",\"@id\":\"https:\\\/\\\/gestionpress.com\\\/en\\\/#\\\/schema\\\/logo\\\/image\\\/\",\"url\":\"https:\\\/\\\/gestionpress.com\\\/wp-content\\\/uploads\\\/2025\\\/03\\\/Logo_GP_rgb.jpg\",\"contentUrl\":\"https:\\\/\\\/gestionpress.com\\\/wp-content\\\/uploads\\\/2025\\\/03\\\/Logo_GP_rgb.jpg\",\"width\":1702,\"height\":479,\"caption\":\"Gesti\u00f3n Press Eventos y Comunicaci\u00f3n\"},\"image\":{\"@id\":\"https:\\\/\\\/gestionpress.com\\\/en\\\/#\\\/schema\\\/logo\\\/image\\\/\"},\"sameAs\":[\"https:\\\/\\\/www.facebook.com\\\/gestionpress\\\/\",\"https:\\\/\\\/x.com\\\/gestionpress\",\"https:\\\/\\\/www.linkedin.com\\\/company\\\/1768857\\\/\",\"https:\\\/\\\/www.instagram.com\\\/gestion_press\\\/#\"]}]}<\/script>\n<!-- \/ Yoast SEO plugin. -->","yoast_head_json":{"title":"Organizaci\u00f3n de eventos corporativos y sectoriales - Gesti\u00f3n Press","description":"Gesti\u00f3n Press. Organizaci\u00f3n eventos corporativos y sectoriales. Mas de 15 de a\u00f1os de experiencia en la organizaci\u00f3n integral de eventos","robots":{"index":"index","follow":"follow","max-snippet":"max-snippet:-1","max-image-preview":"max-image-preview:large","max-video-preview":"max-video-preview:-1"},"canonical":"https:\/\/gestionpress.com\/en\/eventos-corporativos-y-sectoriales\/","og_locale":"en_US","og_type":"article","og_title":"Organizaci\u00f3n de eventos corporativos y sectoriales - Gesti\u00f3n Press","og_description":"Gesti\u00f3n Press. Organizaci\u00f3n eventos corporativos y sectoriales. Mas de 15 de a\u00f1os de experiencia en la organizaci\u00f3n integral de eventos","og_url":"https:\/\/gestionpress.com\/en\/eventos-corporativos-y-sectoriales\/","og_site_name":"Gesti\u00f3n Press - Eventos &amp; Comunicaci\u00f3n","article_publisher":"https:\/\/www.facebook.com\/gestionpress\/","article_modified_time":"2026-04-15T12:32:26+00:00","twitter_card":"summary_large_image","twitter_site":"@gestionpress","twitter_misc":{"Est. reading time":"6 minutes"},"schema":{"@context":"https:\/\/schema.org","@graph":[{"@type":"WebPage","@id":"https:\/\/gestionpress.com\/en\/eventos-corporativos-y-sectoriales\/","url":"https:\/\/gestionpress.com\/en\/eventos-corporativos-y-sectoriales\/","name":"Organizaci\u00f3n de eventos corporativos y sectoriales - Gesti\u00f3n Press","isPartOf":{"@id":"https:\/\/gestionpress.com\/en\/#website"},"datePublished":"2018-10-22T09:22:12+00:00","dateModified":"2026-04-15T12:32:26+00:00","description":"Gesti\u00f3n Press. Organizaci\u00f3n eventos corporativos y sectoriales. Mas de 15 de a\u00f1os de experiencia en la organizaci\u00f3n integral de eventos","breadcrumb":{"@id":"https:\/\/gestionpress.com\/en\/eventos-corporativos-y-sectoriales\/#breadcrumb"},"inLanguage":"en-US","potentialAction":[{"@type":"ReadAction","target":["https:\/\/gestionpress.com\/en\/eventos-corporativos-y-sectoriales\/"]}]},{"@type":"BreadcrumbList","@id":"https:\/\/gestionpress.com\/en\/eventos-corporativos-y-sectoriales\/#breadcrumb","itemListElement":[{"@type":"ListItem","position":1,"name":"Portada","item":"https:\/\/gestionpress.com\/en\/"},{"@type":"ListItem","position":2,"name":"Eventos Corporativos y Sectoriales"}]},{"@type":"WebSite","@id":"https:\/\/gestionpress.com\/en\/#website","url":"https:\/\/gestionpress.com\/en\/","name":"Gesti\u00f3n Press Eventos y Comunicaci\u00f3n","description":"Organizaci\u00f3n integral de eventos institucionales y corporativos","publisher":{"@id":"https:\/\/gestionpress.com\/en\/#organization"},"alternateName":"Gesti\u00f3n Press","potentialAction":[{"@type":"SearchAction","target":{"@type":"EntryPoint","urlTemplate":"https:\/\/gestionpress.com\/en\/?s={search_term_string}"},"query-input":{"@type":"PropertyValueSpecification","valueRequired":true,"valueName":"search_term_string"}}],"inLanguage":"en-US"},{"@type":"Organization","@id":"https:\/\/gestionpress.com\/en\/#organization","name":"Gesti\u00f3n Press Eventos y Comunicaci\u00f3n","alternateName":"Gesti\u00f3n Press","url":"https:\/\/gestionpress.com\/en\/","logo":{"@type":"ImageObject","inLanguage":"en-US","@id":"https:\/\/gestionpress.com\/en\/#\/schema\/logo\/image\/","url":"https:\/\/gestionpress.com\/wp-content\/uploads\/2025\/03\/Logo_GP_rgb.jpg","contentUrl":"https:\/\/gestionpress.com\/wp-content\/uploads\/2025\/03\/Logo_GP_rgb.jpg","width":1702,"height":479,"caption":"Gesti\u00f3n Press Eventos y Comunicaci\u00f3n"},"image":{"@id":"https:\/\/gestionpress.com\/en\/#\/schema\/logo\/image\/"},"sameAs":["https:\/\/www.facebook.com\/gestionpress\/","https:\/\/x.com\/gestionpress","https:\/\/www.linkedin.com\/company\/1768857\/","https:\/\/www.instagram.com\/gestion_press\/#"]}]}},"_links":{"self":[{"href":"https:\/\/gestionpress.com\/en\/wp-json\/wp\/v2\/pages\/42698","targetHints":{"allow":["GET"]}}],"collection":[{"href":"https:\/\/gestionpress.com\/en\/wp-json\/wp\/v2\/pages"}],"about":[{"href":"https:\/\/gestionpress.com\/en\/wp-json\/wp\/v2\/types\/page"}],"author":[{"embeddable":true,"href":"https:\/\/gestionpress.com\/en\/wp-json\/wp\/v2\/users\/1"}],"replies":[{"embeddable":true,"href":"https:\/\/gestionpress.com\/en\/wp-json\/wp\/v2\/comments?post=42698"}],"version-history":[{"count":2,"href":"https:\/\/gestionpress.com\/en\/wp-json\/wp\/v2\/pages\/42698\/revisions"}],"predecessor-version":[{"id":42703,"href":"https:\/\/gestionpress.com\/en\/wp-json\/wp\/v2\/pages\/42698\/revisions\/42703"}],"wp:attachment":[{"href":"https:\/\/gestionpress.com\/en\/wp-json\/wp\/v2\/media?parent=42698"}],"curies":[{"name":"wp","href":"https:\/\/api.w.org\/{rel}","templated":true}]}}