{"id":42686,"date":"2018-10-22T11:21:47","date_gmt":"2018-10-22T09:21:47","guid":{"rendered":"https:\/\/gestionpress.com\/organizacion-entregas-de-premios\/"},"modified":"2026-04-15T14:29:58","modified_gmt":"2026-04-15T12:29:58","slug":"organizacion-entregas-de-premios","status":"publish","type":"page","link":"https:\/\/gestionpress.com\/en\/organizacion-entregas-de-premios\/","title":{"rendered":"Organizaci\u00f3n Entregas de premios"},"content":{"rendered":"<p>[et_pb_section fb_built=&#8221;1&#8243; fullwidth=&#8221;on&#8221; _builder_version=&#8221;4.16&#8243; global_colors_info=&#8221;{}&#8221;][et_pb_fullwidth_slider _builder_version=&#8221;4.21.0&#8243; custom_padding=&#8221;300px||300px|&#8221; custom_padding_tablet=&#8221;&#8221; custom_padding_phone=&#8221;&#8221; custom_padding_last_edited=&#8221;on|phone&#8221; auto=&#8221;on&#8221; global_colors_info=&#8221;{}&#8221;][et_pb_slide _builder_version=&#8221;4.21.0&#8243; _module_preset=&#8221;default&#8221; background_image=&#8221;https:\/\/gestionpress.com\/wp-content\/uploads\/2023\/07\/PREMIOS-INFOLIBRE-2022-WEB-09800.jpg&#8221; background_enable_image=&#8221;on&#8221; global_colors_info=&#8221;{}&#8221; sticky_transition=&#8221;on&#8221;][\/et_pb_slide][et_pb_slide use_bg_overlay=&#8221;off&#8221; use_text_overlay=&#8221;off&#8221; _builder_version=&#8221;4.16&#8243; background_image=&#8221;https:\/\/gestionpress.com\/wp-content\/uploads\/2018\/12\/Luis-de-Guindos-vicepresidente-del-Banco-Central-Europeo_2.jpg&#8221; button_on_hover=&#8221;on&#8221; global_colors_info=&#8221;{}&#8221; sticky_transition=&#8221;on&#8221;][\/et_pb_slide][et_pb_slide use_bg_overlay=&#8221;off&#8221; use_text_overlay=&#8221;off&#8221; _builder_version=&#8221;4.16&#8243; background_image=&#8221;https:\/\/gestionpress.com\/wp-content\/uploads\/2018\/12\/Foto-de-familia_2.jpg&#8221; button_on_hover=&#8221;on&#8221; global_colors_info=&#8221;{}&#8221; sticky_transition=&#8221;on&#8221;][\/et_pb_slide][et_pb_slide use_bg_overlay=&#8221;off&#8221; use_text_overlay=&#8221;off&#8221; _builder_version=&#8221;4.16&#8243; background_image=&#8221;https:\/\/gestionpress.com\/wp-content\/uploads\/2018\/12\/A20170614T093500_M_10_211_44_14_1D_22.jpg&#8221; button_on_hover=&#8221;on&#8221; global_colors_info=&#8221;{}&#8221; sticky_transition=&#8221;on&#8221;][\/et_pb_slide][et_pb_slide use_bg_overlay=&#8221;off&#8221; use_text_overlay=&#8221;off&#8221; _builder_version=&#8221;4.16&#8243; background_image=&#8221;https:\/\/gestionpress.com\/wp-content\/uploads\/2018\/12\/01ASESORTOP-2018-053.jpg&#8221; button_on_hover=&#8221;on&#8221; global_colors_info=&#8221;{}&#8221; sticky_transition=&#8221;on&#8221;][\/et_pb_slide][et_pb_slide use_bg_overlay=&#8221;off&#8221; use_text_overlay=&#8221;off&#8221; _builder_version=&#8221;4.21.0&#8243; background_image=&#8221;https:\/\/gestionpress.com\/wp-content\/uploads\/2020\/01\/GMP_6034.jpg&#8221; background_enable_image=&#8221;on&#8221; button_on_hover=&#8221;on&#8221; global_colors_info=&#8221;{}&#8221; sticky_transition=&#8221;on&#8221;][\/et_pb_slide][et_pb_slide use_bg_overlay=&#8221;off&#8221; use_text_overlay=&#8221;off&#8221; _builder_version=&#8221;4.16&#8243; background_image=&#8221;https:\/\/gestionpress.com\/wp-content\/uploads\/2020\/01\/foto-comunicacion-2.jpg&#8221; background_enable_image=&#8221;on&#8221; button_on_hover=&#8221;on&#8221; global_colors_info=&#8221;{}&#8221; sticky_transition=&#8221;on&#8221;][\/et_pb_slide][\/et_pb_fullwidth_slider][\/et_pb_section][et_pb_section fb_built=&#8221;1&#8243; _builder_version=&#8221;4.16&#8243; global_colors_info=&#8221;{}&#8221;][et_pb_row _builder_version=&#8221;4.16&#8243; background_size=&#8221;initial&#8221; background_position=&#8221;top_left&#8221; background_repeat=&#8221;repeat&#8221; global_colors_info=&#8221;{}&#8221;][et_pb_column type=&#8221;4_4&#8243; _builder_version=&#8221;4.16&#8243; custom_padding=&#8221;|||&#8221; global_colors_info=&#8221;{}&#8221; custom_padding__hover=&#8221;|||&#8221;][et_pb_text _builder_version=&#8221;4.21.0&#8243; global_colors_info=&#8221;{}&#8221;]<\/p>\n<h3 class=\"article-content clearfix\" style=\"text-align: center;\"><strong>Entregas de Premios<br \/><\/strong><\/h3>\n<h4 style=\"text-align: center;\">Organizaci\u00f3n integral de entregas de premios de caracter corporativo y empresarial. En Gesti\u00f3n Press ayudamos a nuestros clientes en todos los aspectos organizativos como son el protocolo, el dise\u00f1o de la gala y el formato del mismo, b\u00fasqueda del lugar de celebraci\u00f3n mas adecuado, elecci\u00f3n del mejor servicio de catering, dise\u00f1o y fabricaci\u00f3n de los galardones, etc&#8230; trabajando conjuntamente con el cliente para conseguir los mejores resultados<\/h4>\n<p>[\/et_pb_text][et_pb_text _builder_version=&#8221;4.21.0&#8243; _module_preset=&#8221;default&#8221; global_colors_info=&#8221;{}&#8221;]<\/p>\n<p style=\"text-align: center;\"><span style=\"color: #000000; font-size: 12pt;\"><em>Complete organization of corporate and business award ceremonies. Gesti\u00f3n Press help our clients in all organizational aspects such as protocol, gala design and format, search for the most suitable venue, choice of the best catering service, etc\u2026 working together with the client to get the best results. <\/em> <\/span><\/p>\n<p>[\/et_pb_text][\/et_pb_column][\/et_pb_row][et_pb_row column_structure=&#8221;1_2,1_2&#8243; _builder_version=&#8221;4.16&#8243; background_size=&#8221;initial&#8221; background_position=&#8221;top_left&#8221; background_repeat=&#8221;repeat&#8221; global_colors_info=&#8221;{}&#8221;][et_pb_column type=&#8221;1_2&#8243; _builder_version=&#8221;4.16&#8243; custom_padding=&#8221;|||&#8221; global_colors_info=&#8221;{}&#8221; custom_padding__hover=&#8221;|||&#8221;][et_pb_text _builder_version=&#8221;4.21.0&#8243; global_colors_info=&#8221;{}&#8221;]<\/p>\n<section class=\"article-content clearfix\"><strong>LA NOCHE DE LA ECONOM\u00cdA: <\/strong>Gesti\u00f3n Press organiza<span style=\"color: #3366ff;\"> <a style=\"color: #3366ff;\" href=\"https:\/\/gestionpress.com\/2018\/11\/21\/viii-edicion-la-noche-de-la-economia-2018\/\" target=\"_blank\" rel=\"noopener noreferrer\">Los Premios elEconomista<\/a><\/span> &#8211; <span style=\"color: #3366ff;\"><a style=\"color: #3366ff;\" href=\"http:\/\/www.lanochedelaeconom%C3%ADa.com\" target=\"_blank\" rel=\"noopener noreferrer\">La Noche de la Econom\u00eda<\/a><\/span>, que nacen en 2011, con la colaboraci\u00f3n institucional de la Caixa. El evento es ya una reconocida cita anual del sector econ\u00f3mico-financiero, cuyo objetivo es reconocer las acciones m\u00e1s relevantes llevadas a cabo a nivel nacional o internacional en el \u00e1mbito empresarial, financiero, econ\u00f3mico y educativo, entre otros, desarrolladas durante el a\u00f1o en curso.La presidencia del acto y clausura institucional corre a cargo de un m\u00e1ximo representante institucional: <\/p>\n<p style=\"text-align: justify;\">El evento cuenta con la colaboraci\u00f3n institucional de CaixaBank.<\/p>\n<p style=\"text-align: justify;\">Tras la ceremonia de entrega de Premios, se sirve un c\u00f3ctel-cena para m\u00e1s de 300 invitados. El perfil de los asistentes es alta direcci\u00f3n de empresas e instituciones de una base de datos muy exclusiva y previamente seleccionada. <\/p>\n<p><strong>PREMIO JOS\u00c9 ECHEGARAY:<\/strong> <a href=\"https:\/\/gestionpress.com\/2018\/10\/16\/i-edicion-premios-jose-echegaray\/\" target=\"_blank\" rel=\"noopener noreferrer\">Premio a personalidades con proyecci\u00f3n internacional<\/a> que mas contribuyen al esp\u00edritu y el ideario liberal del diario elEconomista<\/p>\n<p><strong>PREMIOS INFOLIBRE:<\/strong> Premios que otorga el diario <a href=\"https:\/\/gestionpress.com\/2022\/11\/25\/ii-premios-infolibre-2022\/\" target=\"_blank\" rel=\"noopener\">Infolibre<\/a> con car\u00e1cter anual.<\/p>\n<\/section>\n<p>[\/et_pb_text][\/et_pb_column][et_pb_column type=&#8221;1_2&#8243; _builder_version=&#8221;4.16&#8243; custom_padding=&#8221;|||&#8221; global_colors_info=&#8221;{}&#8221; custom_padding__hover=&#8221;|||&#8221;][et_pb_text _builder_version=&#8221;4.21.0&#8243; hover_enabled=&#8221;0&#8243; global_colors_info=&#8221;{}&#8221; sticky_enabled=&#8221;0&#8243;]<\/p>\n<section>\n<section><strong>PREMIOS ANIMALS HEALTH: <\/strong><a href=\"https:\/\/gestionpress.com\/2023\/06\/27\/ii-edicion-premios-animals-health\/\" target=\"_blank\" rel=\"noopener\">Premios de la Salud Animal y Veterinaria de Espa\u00f1a<\/a><\/section>\n<section><strong>PREMIOS INVERSI\u00d3N A FONDO<\/strong><\/p>\n<p><strong>PREMIOS ESTRELLAS DE COMUNICACI\u00d3N:<\/strong> <a href=\"https:\/\/gestionpress.com\/2017\/06\/08\/i-edicion-premios-estrellas-de-la-comunicacion\/\" target=\"_blank\" rel=\"noopener noreferrer\">Premios a la mejor estrategia de comunicaci\u00f3n corporativa y mejor comunicador<\/a>.<\/p>\n<\/section>\n<section><\/section>\n<section><strong>PREMIOS FUNCAS 2017<\/strong><\/section>\n<\/section>\n<section><\/section>\n<section><\/section>\n<section><\/section>\n<section><\/section>\n<section><\/section>\n<section><\/section>\n<section><strong>PREMIOS LIPPER &#8211; CINCO D\u00cdAS<\/strong>: Organizaci\u00f3n de las 8 primeras ediciones de los <strong>Premios Lipper Fund Awards<\/strong>. Una cita anual de referencia en el sector en el que se premiaban a los mejores fondos de inversi\u00f3n y a las mejores gestoras. En sus diferentes ediciones han sido patrocinados por BME, KPMG, y han contado con los m\u00e1ximos representantes de instituciones como la CNMV, INVERCO, etc.  <\/section>\n<section><\/section>\n<section><\/section>\n<section><\/section>\n<section><strong>PREMIOS MORNINGSTAR: <\/strong>Organizaci\u00f3n de las 3 primeras ediciones Morningstar, premios a los mejores fondos de inversi\u00f3n, gestoras y planes de pensiones, seg\u00fan criterios establecidos por Morningstar. Se entregan m\u00e1s de 30 galardones, ocup\u00e1ndonos de la comunicaci\u00f3n con todos los premiados, planificaci\u00f3n de la campa\u00f1a en medios, creatividad del material divulgativo, gesti\u00f3n del patrocinio y organizaci\u00f3n integral del acto: convocatoria, registro de invitados, gesti\u00f3n con proveedores, selecci\u00f3n del espacio, catering, etc.  <\/section>\n<p>[\/et_pb_text][\/et_pb_column][\/et_pb_row][et_pb_row _builder_version=&#8221;3.21.4&#8243; global_module=&#8221;2397&#8243; global_colors_info=&#8221;{}&#8221;][et_pb_column type=&#8221;4_4&#8243; _builder_version=&#8221;4.16&#8243; custom_padding=&#8221;|||&#8221; global_colors_info=&#8221;{}&#8221; custom_padding__hover=&#8221;|||&#8221;][et_pb_button button_url=&#8221;https:\/\/gestionpress.com\/en\/events\/&#8221; url_new_window=&#8221;on&#8221; button_text=&#8221;Nuestros \u00faltimos eventos&#8221; button_alignment=&#8221;center&#8221; _builder_version=&#8221;4.16&#8243; background_layout=&#8221;dark&#8221; global_colors_info=&#8221;{}&#8221;][\/et_pb_button][\/et_pb_column][\/et_pb_row][et_pb_row _builder_version=&#8221;4.16&#8243; global_colors_info=&#8221;{}&#8221;][et_pb_column type=&#8221;4_4&#8243; _builder_version=&#8221;4.16&#8243; custom_padding=&#8221;|||&#8221; global_colors_info=&#8221;{}&#8221; custom_padding__hover=&#8221;|||&#8221;][et_pb_divider _builder_version=&#8221;4.16&#8243; global_colors_info=&#8221;{}&#8221;][\/et_pb_divider][\/et_pb_column][\/et_pb_row][\/et_pb_section][et_pb_section fb_built=&#8221;1&#8243; module_id=&#8221;contact-sec&#8221; module_class=&#8221;homepage_8885 contact-outer&#8221; _builder_version=&#8221;3.21.3&#8243; z_index_tablet=&#8221;500&#8243; global_module=&#8221;2342&#8243; global_colors_info=&#8221;{}&#8221;][et_pb_row _builder_version=&#8221;4.16&#8243; background_size=&#8221;initial&#8221; background_position=&#8221;top_left&#8221; background_repeat=&#8221;repeat&#8221; global_colors_info=&#8221;{}&#8221;][et_pb_column type=&#8221;4_4&#8243; _builder_version=&#8221;4.16&#8243; custom_padding=&#8221;|||&#8221; global_colors_info=&#8221;{}&#8221; custom_padding__hover=&#8221;|||&#8221;][et_pb_text admin_label=&#8221;CONTACTO&#8221; _builder_version=&#8221;4.16&#8243; header_font=&#8221;muli-regula||||||||&#8221; header_text_align=&#8221;center&#8221; global_colors_info=&#8221;{}&#8221;]<\/p>\n<h1>CONTACT<\/h1>\n<p>[\/et_pb_text][\/et_pb_column][\/et_pb_row][et_pb_row column_structure=&#8221;1_3,1_3,1_3&#8243; _builder_version=&#8221;4.16&#8243; background_size=&#8221;initial&#8221; background_position=&#8221;top_left&#8221; background_repeat=&#8221;repeat&#8221; global_colors_info=&#8221;{}&#8221;][et_pb_column type=&#8221;1_3&#8243; _builder_version=&#8221;4.16&#8243; custom_padding=&#8221;|||&#8221; global_colors_info=&#8221;{}&#8221; custom_padding__hover=&#8221;|||&#8221;][et_pb_blurb url=&#8221;mailto:gestionpress@gestionpress.com&#8221; image=&#8221;https:\/\/gestionpress.com\/wp-content\/uploads\/2018\/10\/msg.png&#8221; admin_label=&#8221;mail&#8221; module_class=&#8221;mail-text&#8221; _builder_version=&#8221;4.16&#8243; global_colors_info=&#8221;{}&#8221;]<\/p>\n<p>gestionpress@gestionpress.com<\/p>\n<p>[\/et_pb_blurb][\/et_pb_column][et_pb_column type=&#8221;1_3&#8243; _builder_version=&#8221;4.16&#8243; custom_padding=&#8221;|||&#8221; global_colors_info=&#8221;{}&#8221; custom_padding__hover=&#8221;|||&#8221;][et_pb_blurb image=&#8221;https:\/\/gestionpress.com\/wp-content\/uploads\/2018\/10\/phone.png&#8221; admin_label=&#8221;phone&#8221; module_class=&#8221;phone-text&#8221; _builder_version=&#8221;4.16&#8243; global_colors_info=&#8221;{}&#8221;]<\/p>\n<p>+34 913 107 081<\/p>\n<p>[\/et_pb_blurb][\/et_pb_column][et_pb_column type=&#8221;1_3&#8243; _builder_version=&#8221;4.16&#8243; custom_padding=&#8221;|||&#8221; global_colors_info=&#8221;{}&#8221; custom_padding__hover=&#8221;|||&#8221;][et_pb_blurb image=&#8221;https:\/\/gestionpress.com\/wp-content\/uploads\/2018\/10\/map.png&#8221; admin_label=&#8221;map&#8221; module_class=&#8221;add-text&#8221; _builder_version=&#8221;4.16&#8243; global_colors_info=&#8221;{}&#8221;]<\/p>\n<p>C\/ O\u2019Donnell 32 6\u00baB<br \/>28009 Madrid<br \/>Spain<\/p>\n<p>[\/et_pb_blurb][\/et_pb_column][\/et_pb_row][\/et_pb_section]<\/p>\n","protected":false},"excerpt":{"rendered":"<p>Entregas de Premios Organizaci\u00f3n integral de entregas de premios de caracter corporativo y empresarial. En Gesti\u00f3n Press ayudamos a nuestros clientes en todos los aspectos organizativos como son el protocolo, el dise\u00f1o de la gala y el formato del mismo, b\u00fasqueda del lugar de celebraci\u00f3n mas adecuado, elecci\u00f3n del mejor servicio de catering, dise\u00f1o y [&hellip;]<\/p>\n","protected":false},"author":1,"featured_media":0,"parent":0,"menu_order":0,"comment_status":"closed","ping_status":"closed","template":"","meta":{"_et_pb_use_builder":"on","_et_pb_old_content":"","_et_gb_content_width":"","_exactmetrics_skip_tracking":false,"_exactmetrics_sitenote_active":false,"_exactmetrics_sitenote_note":"","_exactmetrics_sitenote_category":0,"footnotes":""},"class_list":["post-42686","page","type-page","status-publish","hentry"],"yoast_head":"<!-- This site is optimized with the Yoast SEO plugin v27.4 - https:\/\/yoast.com\/product\/yoast-seo-wordpress\/ -->\n<title>Organizaci\u00f3n Entregas de premios Gesti\u00f3n Press Eventos y Comunicaci\u00f3n<\/title>\n<meta name=\"description\" content=\"Organizaci\u00f3n de entregas de premios. Gesti\u00f3n Press ayudamos a nuestros clientes en todos los aspectos organizativos de sus eventos.\" \/>\n<meta name=\"robots\" content=\"index, follow, max-snippet:-1, max-image-preview:large, max-video-preview:-1\" \/>\n<link rel=\"canonical\" href=\"https:\/\/gestionpress.com\/en\/organizacion-entregas-de-premios\/\" \/>\n<meta property=\"og:locale\" content=\"en_US\" \/>\n<meta property=\"og:type\" content=\"article\" \/>\n<meta property=\"og:title\" content=\"Organizaci\u00f3n Entregas de premios Gesti\u00f3n Press Eventos y Comunicaci\u00f3n\" \/>\n<meta property=\"og:description\" content=\"Organizaci\u00f3n de entregas de premios. Gesti\u00f3n Press ayudamos a nuestros clientes en todos los aspectos organizativos de sus eventos.\" \/>\n<meta property=\"og:url\" content=\"https:\/\/gestionpress.com\/en\/organizacion-entregas-de-premios\/\" \/>\n<meta property=\"og:site_name\" content=\"Gesti\u00f3n Press - Eventos &amp; Comunicaci\u00f3n\" \/>\n<meta property=\"article:publisher\" content=\"https:\/\/www.facebook.com\/gestionpress\/\" \/>\n<meta property=\"article:modified_time\" content=\"2026-04-15T12:29:58+00:00\" \/>\n<meta name=\"twitter:card\" content=\"summary_large_image\" \/>\n<meta name=\"twitter:site\" content=\"@gestionpress\" \/>\n<meta name=\"twitter:label1\" content=\"Est. reading time\" \/>\n\t<meta name=\"twitter:data1\" content=\"6 minutes\" \/>\n<script type=\"application\/ld+json\" class=\"yoast-schema-graph\">{\"@context\":\"https:\\\/\\\/schema.org\",\"@graph\":[{\"@type\":\"WebPage\",\"@id\":\"https:\\\/\\\/gestionpress.com\\\/en\\\/organizacion-entregas-de-premios\\\/\",\"url\":\"https:\\\/\\\/gestionpress.com\\\/en\\\/organizacion-entregas-de-premios\\\/\",\"name\":\"Organizaci\u00f3n Entregas de premios Gesti\u00f3n Press Eventos y Comunicaci\u00f3n\",\"isPartOf\":{\"@id\":\"https:\\\/\\\/gestionpress.com\\\/en\\\/#website\"},\"datePublished\":\"2018-10-22T09:21:47+00:00\",\"dateModified\":\"2026-04-15T12:29:58+00:00\",\"description\":\"Organizaci\u00f3n de entregas de premios. Gesti\u00f3n Press ayudamos a nuestros clientes en todos los aspectos organizativos de sus eventos.\",\"breadcrumb\":{\"@id\":\"https:\\\/\\\/gestionpress.com\\\/en\\\/organizacion-entregas-de-premios\\\/#breadcrumb\"},\"inLanguage\":\"en-US\",\"potentialAction\":[{\"@type\":\"ReadAction\",\"target\":[\"https:\\\/\\\/gestionpress.com\\\/en\\\/organizacion-entregas-de-premios\\\/\"]}]},{\"@type\":\"BreadcrumbList\",\"@id\":\"https:\\\/\\\/gestionpress.com\\\/en\\\/organizacion-entregas-de-premios\\\/#breadcrumb\",\"itemListElement\":[{\"@type\":\"ListItem\",\"position\":1,\"name\":\"Portada\",\"item\":\"https:\\\/\\\/gestionpress.com\\\/en\\\/\"},{\"@type\":\"ListItem\",\"position\":2,\"name\":\"Organizaci\u00f3n Entregas de premios\"}]},{\"@type\":\"WebSite\",\"@id\":\"https:\\\/\\\/gestionpress.com\\\/en\\\/#website\",\"url\":\"https:\\\/\\\/gestionpress.com\\\/en\\\/\",\"name\":\"Gesti\u00f3n Press Eventos y Comunicaci\u00f3n\",\"description\":\"Organizaci\u00f3n integral de eventos institucionales y corporativos\",\"publisher\":{\"@id\":\"https:\\\/\\\/gestionpress.com\\\/en\\\/#organization\"},\"alternateName\":\"Gesti\u00f3n Press\",\"potentialAction\":[{\"@type\":\"SearchAction\",\"target\":{\"@type\":\"EntryPoint\",\"urlTemplate\":\"https:\\\/\\\/gestionpress.com\\\/en\\\/?s={search_term_string}\"},\"query-input\":{\"@type\":\"PropertyValueSpecification\",\"valueRequired\":true,\"valueName\":\"search_term_string\"}}],\"inLanguage\":\"en-US\"},{\"@type\":\"Organization\",\"@id\":\"https:\\\/\\\/gestionpress.com\\\/en\\\/#organization\",\"name\":\"Gesti\u00f3n Press Eventos y Comunicaci\u00f3n\",\"alternateName\":\"Gesti\u00f3n Press\",\"url\":\"https:\\\/\\\/gestionpress.com\\\/en\\\/\",\"logo\":{\"@type\":\"ImageObject\",\"inLanguage\":\"en-US\",\"@id\":\"https:\\\/\\\/gestionpress.com\\\/en\\\/#\\\/schema\\\/logo\\\/image\\\/\",\"url\":\"https:\\\/\\\/gestionpress.com\\\/wp-content\\\/uploads\\\/2025\\\/03\\\/Logo_GP_rgb.jpg\",\"contentUrl\":\"https:\\\/\\\/gestionpress.com\\\/wp-content\\\/uploads\\\/2025\\\/03\\\/Logo_GP_rgb.jpg\",\"width\":1702,\"height\":479,\"caption\":\"Gesti\u00f3n Press Eventos y Comunicaci\u00f3n\"},\"image\":{\"@id\":\"https:\\\/\\\/gestionpress.com\\\/en\\\/#\\\/schema\\\/logo\\\/image\\\/\"},\"sameAs\":[\"https:\\\/\\\/www.facebook.com\\\/gestionpress\\\/\",\"https:\\\/\\\/x.com\\\/gestionpress\",\"https:\\\/\\\/www.linkedin.com\\\/company\\\/1768857\\\/\",\"https:\\\/\\\/www.instagram.com\\\/gestion_press\\\/#\"]}]}<\/script>\n<!-- \/ Yoast SEO plugin. -->","yoast_head_json":{"title":"Organizaci\u00f3n Entregas de premios Gesti\u00f3n Press Eventos y Comunicaci\u00f3n","description":"Organizaci\u00f3n de entregas de premios. Gesti\u00f3n Press ayudamos a nuestros clientes en todos los aspectos organizativos de sus eventos.","robots":{"index":"index","follow":"follow","max-snippet":"max-snippet:-1","max-image-preview":"max-image-preview:large","max-video-preview":"max-video-preview:-1"},"canonical":"https:\/\/gestionpress.com\/en\/organizacion-entregas-de-premios\/","og_locale":"en_US","og_type":"article","og_title":"Organizaci\u00f3n Entregas de premios Gesti\u00f3n Press Eventos y Comunicaci\u00f3n","og_description":"Organizaci\u00f3n de entregas de premios. Gesti\u00f3n Press ayudamos a nuestros clientes en todos los aspectos organizativos de sus eventos.","og_url":"https:\/\/gestionpress.com\/en\/organizacion-entregas-de-premios\/","og_site_name":"Gesti\u00f3n Press - Eventos &amp; Comunicaci\u00f3n","article_publisher":"https:\/\/www.facebook.com\/gestionpress\/","article_modified_time":"2026-04-15T12:29:58+00:00","twitter_card":"summary_large_image","twitter_site":"@gestionpress","twitter_misc":{"Est. reading time":"6 minutes"},"schema":{"@context":"https:\/\/schema.org","@graph":[{"@type":"WebPage","@id":"https:\/\/gestionpress.com\/en\/organizacion-entregas-de-premios\/","url":"https:\/\/gestionpress.com\/en\/organizacion-entregas-de-premios\/","name":"Organizaci\u00f3n Entregas de premios Gesti\u00f3n Press Eventos y Comunicaci\u00f3n","isPartOf":{"@id":"https:\/\/gestionpress.com\/en\/#website"},"datePublished":"2018-10-22T09:21:47+00:00","dateModified":"2026-04-15T12:29:58+00:00","description":"Organizaci\u00f3n de entregas de premios. Gesti\u00f3n Press ayudamos a nuestros clientes en todos los aspectos organizativos de sus eventos.","breadcrumb":{"@id":"https:\/\/gestionpress.com\/en\/organizacion-entregas-de-premios\/#breadcrumb"},"inLanguage":"en-US","potentialAction":[{"@type":"ReadAction","target":["https:\/\/gestionpress.com\/en\/organizacion-entregas-de-premios\/"]}]},{"@type":"BreadcrumbList","@id":"https:\/\/gestionpress.com\/en\/organizacion-entregas-de-premios\/#breadcrumb","itemListElement":[{"@type":"ListItem","position":1,"name":"Portada","item":"https:\/\/gestionpress.com\/en\/"},{"@type":"ListItem","position":2,"name":"Organizaci\u00f3n Entregas de premios"}]},{"@type":"WebSite","@id":"https:\/\/gestionpress.com\/en\/#website","url":"https:\/\/gestionpress.com\/en\/","name":"Gesti\u00f3n Press Eventos y Comunicaci\u00f3n","description":"Organizaci\u00f3n integral de eventos institucionales y corporativos","publisher":{"@id":"https:\/\/gestionpress.com\/en\/#organization"},"alternateName":"Gesti\u00f3n Press","potentialAction":[{"@type":"SearchAction","target":{"@type":"EntryPoint","urlTemplate":"https:\/\/gestionpress.com\/en\/?s={search_term_string}"},"query-input":{"@type":"PropertyValueSpecification","valueRequired":true,"valueName":"search_term_string"}}],"inLanguage":"en-US"},{"@type":"Organization","@id":"https:\/\/gestionpress.com\/en\/#organization","name":"Gesti\u00f3n Press Eventos y Comunicaci\u00f3n","alternateName":"Gesti\u00f3n Press","url":"https:\/\/gestionpress.com\/en\/","logo":{"@type":"ImageObject","inLanguage":"en-US","@id":"https:\/\/gestionpress.com\/en\/#\/schema\/logo\/image\/","url":"https:\/\/gestionpress.com\/wp-content\/uploads\/2025\/03\/Logo_GP_rgb.jpg","contentUrl":"https:\/\/gestionpress.com\/wp-content\/uploads\/2025\/03\/Logo_GP_rgb.jpg","width":1702,"height":479,"caption":"Gesti\u00f3n Press Eventos y Comunicaci\u00f3n"},"image":{"@id":"https:\/\/gestionpress.com\/en\/#\/schema\/logo\/image\/"},"sameAs":["https:\/\/www.facebook.com\/gestionpress\/","https:\/\/x.com\/gestionpress","https:\/\/www.linkedin.com\/company\/1768857\/","https:\/\/www.instagram.com\/gestion_press\/#"]}]}},"_links":{"self":[{"href":"https:\/\/gestionpress.com\/en\/wp-json\/wp\/v2\/pages\/42686","targetHints":{"allow":["GET"]}}],"collection":[{"href":"https:\/\/gestionpress.com\/en\/wp-json\/wp\/v2\/pages"}],"about":[{"href":"https:\/\/gestionpress.com\/en\/wp-json\/wp\/v2\/types\/page"}],"author":[{"embeddable":true,"href":"https:\/\/gestionpress.com\/en\/wp-json\/wp\/v2\/users\/1"}],"replies":[{"embeddable":true,"href":"https:\/\/gestionpress.com\/en\/wp-json\/wp\/v2\/comments?post=42686"}],"version-history":[{"count":2,"href":"https:\/\/gestionpress.com\/en\/wp-json\/wp\/v2\/pages\/42686\/revisions"}],"predecessor-version":[{"id":42692,"href":"https:\/\/gestionpress.com\/en\/wp-json\/wp\/v2\/pages\/42686\/revisions\/42692"}],"wp:attachment":[{"href":"https:\/\/gestionpress.com\/en\/wp-json\/wp\/v2\/media?parent=42686"}],"curies":[{"name":"wp","href":"https:\/\/api.w.org\/{rel}","templated":true}]}}