{"id":42660,"date":"2018-10-22T11:21:23","date_gmt":"2018-10-22T09:21:23","guid":{"rendered":"https:\/\/gestionpress.com\/organizacion-eventos-institucionales\/"},"modified":"2026-04-15T14:26:04","modified_gmt":"2026-04-15T12:26:04","slug":"organizacion-eventos-institucionales","status":"publish","type":"page","link":"https:\/\/gestionpress.com\/en\/organizacion-eventos-institucionales\/","title":{"rendered":"Organizaci\u00f3n Eventos Institucionales"},"content":{"rendered":"<p>[et_pb_section fb_built=&#8221;1&#8243; fullwidth=&#8221;on&#8221; disabled_on=&#8221;on|off|off&#8221; _builder_version=&#8221;4.21.2&#8243; global_colors_info=&#8221;{}&#8221;][et_pb_fullwidth_slider _builder_version=&#8221;4.21.2&#8243; custom_padding=&#8221;300px||300px|&#8221; custom_padding_tablet=&#8221;&#8221; custom_padding_phone=&#8221;&#8221; custom_padding_last_edited=&#8221;on|desktop&#8221; auto=&#8221;on&#8221; global_colors_info=&#8221;{}&#8221;][et_pb_slide use_bg_overlay=&#8221;off&#8221; use_text_overlay=&#8221;off&#8221; _builder_version=&#8221;4.16&#8243; background_image=&#8221;https:\/\/gestionpress.com\/wp-content\/uploads\/2021\/02\/01_digital.jpg&#8221; background_enable_image=&#8221;on&#8221; button_on_hover=&#8221;on&#8221; global_colors_info=&#8221;{}&#8221; sticky_transition=&#8221;on&#8221;][\/et_pb_slide][et_pb_slide use_bg_overlay=&#8221;off&#8221; use_text_overlay=&#8221;off&#8221; _builder_version=&#8221;4.21.0&#8243; background_image=&#8221;https:\/\/gestionpress.com\/wp-content\/uploads\/2023\/07\/2023-decimo-aniversario-info-libre-0170oo.jpg&#8221; background_enable_image=&#8221;on&#8221; button_on_hover=&#8221;on&#8221; global_colors_info=&#8221;{}&#8221; sticky_transition=&#8221;on&#8221;][\/et_pb_slide][et_pb_slide use_bg_overlay=&#8221;off&#8221; use_text_overlay=&#8221;off&#8221; _builder_version=&#8221;4.16&#8243; background_image=&#8221;https:\/\/gestionpress.com\/wp-content\/uploads\/2021\/02\/27_2.jpg&#8221; background_enable_image=&#8221;on&#8221; button_on_hover=&#8221;on&#8221; global_colors_info=&#8221;{}&#8221; sticky_transition=&#8221;on&#8221;][\/et_pb_slide][et_pb_slide use_bg_overlay=&#8221;off&#8221; use_text_overlay=&#8221;off&#8221; _builder_version=&#8221;4.21.0&#8243; background_image=&#8221;https:\/\/gestionpress.com\/wp-content\/uploads\/2023\/01\/20221102210707_cam19582.jpg&#8221; background_enable_image=&#8221;on&#8221; button_on_hover=&#8221;on&#8221; global_colors_info=&#8221;{}&#8221; sticky_transition=&#8221;on&#8221;][\/et_pb_slide][et_pb_slide use_bg_overlay=&#8221;off&#8221; use_text_overlay=&#8221;off&#8221; _builder_version=&#8221;4.16&#8243; background_image=&#8221;https:\/\/gestionpress.com\/wp-content\/uploads\/2018\/12\/2524113_2.jpg&#8221; global_colors_info=&#8221;{}&#8221; sticky_transition=&#8221;on&#8221;][\/et_pb_slide][et_pb_slide use_bg_overlay=&#8221;off&#8221; use_text_overlay=&#8221;off&#8221; _builder_version=&#8221;4.21.0&#8243; background_enable_color=&#8221;off&#8221; background_image=&#8221;https:\/\/gestionpress.com\/wp-content\/uploads\/2023\/07\/archivo61_Fotos_1-1-115460846oo.jpg&#8221; background_enable_image=&#8221;on&#8221; background_size=&#8221;custom&#8221; global_colors_info=&#8221;{}&#8221; sticky_transition=&#8221;on&#8221;][\/et_pb_slide][\/et_pb_fullwidth_slider][\/et_pb_section][et_pb_section fb_built=&#8221;1&#8243; fullwidth=&#8221;on&#8221; disabled_on=&#8221;off|on|on&#8221; _builder_version=&#8221;4.21.2&#8243; global_colors_info=&#8221;{}&#8221;][et_pb_fullwidth_slider _builder_version=&#8221;4.21.2&#8243; custom_padding=&#8221;300px||300px|&#8221; custom_padding_tablet=&#8221;&#8221; custom_padding_phone=&#8221;&#8221; custom_padding_last_edited=&#8221;on|desktop&#8221; auto=&#8221;on&#8221; hover_enabled=&#8221;0&#8243; global_colors_info=&#8221;{}&#8221; sticky_enabled=&#8221;0&#8243;][et_pb_slide use_bg_overlay=&#8221;off&#8221; use_text_overlay=&#8221;off&#8221; _builder_version=&#8221;4.21.2&#8243; background_image=&#8221;https:\/\/gestionpress.com\/wp-content\/uploads\/2021\/02\/01_digital.jpg&#8221; background_enable_image=&#8221;on&#8221; button_on_hover=&#8221;on&#8221; global_colors_info=&#8221;{}&#8221; sticky_transition=&#8221;on&#8221;][\/et_pb_slide][et_pb_slide use_bg_overlay=&#8221;off&#8221; use_text_overlay=&#8221;off&#8221; _builder_version=&#8221;4.21.2&#8243; background_color=&#8221;RGBA(255,255,255,0)&#8221; background_enable_color=&#8221;on&#8221; background_image=&#8221;https:\/\/gestionpress.com\/wp-content\/uploads\/2023\/08\/movil.jpg&#8221; background_enable_image=&#8221;on&#8221; button_on_hover=&#8221;on&#8221; global_colors_info=&#8221;{}&#8221; sticky_transition=&#8221;on&#8221;][\/et_pb_slide][et_pb_slide use_bg_overlay=&#8221;off&#8221; use_text_overlay=&#8221;off&#8221; _builder_version=&#8221;4.21.2&#8243; background_color=&#8221;RGBA(255,255,255,0)&#8221; background_enable_color=&#8221;on&#8221; background_image=&#8221;https:\/\/gestionpress.com\/wp-content\/uploads\/2021\/02\/27_2.jpg&#8221; background_enable_image=&#8221;on&#8221; button_on_hover=&#8221;on&#8221; global_colors_info=&#8221;{}&#8221; sticky_transition=&#8221;on&#8221;][\/et_pb_slide][et_pb_slide use_bg_overlay=&#8221;off&#8221; use_text_overlay=&#8221;off&#8221; _builder_version=&#8221;4.21.2&#8243; background_color=&#8221;RGBA(255,255,255,0)&#8221; background_enable_color=&#8221;on&#8221; background_image=&#8221;https:\/\/gestionpress.com\/wp-content\/uploads\/2023\/01\/20221102210707_cam19582.jpg&#8221; background_enable_image=&#8221;on&#8221; button_on_hover=&#8221;on&#8221; global_colors_info=&#8221;{}&#8221; sticky_transition=&#8221;on&#8221;][\/et_pb_slide][et_pb_slide use_bg_overlay=&#8221;off&#8221; use_text_overlay=&#8221;off&#8221; _builder_version=&#8221;4.21.2&#8243; background_image=&#8221;https:\/\/gestionpress.com\/wp-content\/uploads\/2018\/12\/2524113_2.jpg&#8221; hover_enabled=&#8221;0&#8243; global_colors_info=&#8221;{}&#8221; sticky_transition=&#8221;on&#8221; sticky_enabled=&#8221;0&#8243;][\/et_pb_slide][et_pb_slide use_bg_overlay=&#8221;off&#8221; use_text_overlay=&#8221;off&#8221; _builder_version=&#8221;4.21.2&#8243; background_enable_color=&#8221;off&#8221; background_image=&#8221;https:\/\/gestionpress.com\/wp-content\/uploads\/2023\/08\/movil2.jpg&#8221; background_enable_image=&#8221;on&#8221; background_size=&#8221;custom&#8221; hover_enabled=&#8221;0&#8243; global_colors_info=&#8221;{}&#8221; sticky_transition=&#8221;on&#8221; title_text=&#8221;movil2&#8243; sticky_enabled=&#8221;0&#8243;][\/et_pb_slide][\/et_pb_fullwidth_slider][\/et_pb_section][et_pb_section fb_built=&#8221;1&#8243; _builder_version=&#8221;4.16&#8243; global_colors_info=&#8221;{}&#8221;][et_pb_row column_structure=&#8221;1_2,1_2&#8243; _builder_version=&#8221;4.16&#8243; background_size=&#8221;initial&#8221; background_position=&#8221;top_left&#8221; background_repeat=&#8221;repeat&#8221; global_colors_info=&#8221;{}&#8221;][et_pb_column type=&#8221;1_2&#8243; _builder_version=&#8221;4.16&#8243; custom_padding=&#8221;|||&#8221; global_colors_info=&#8221;{}&#8221; custom_padding__hover=&#8221;|||&#8221;][et_pb_text _builder_version=&#8221;4.21.0&#8243; global_colors_info=&#8221;{}&#8221;]<\/p>\n<h3><strong>Organizaci\u00f3n Eventos Institucionales<\/strong><\/h3>\n<section class=\"article-content clearfix\"><strong>Gesti\u00f3n Press<\/strong> tiene una amplia experiencia en la organizaci\u00f3n de eventos con representantes del Gobierno y de organismos reguladores, l\u00edderes de partidos pol\u00edticos e instituciones. Jornadas, desayunos de trabajo, el \u00c1gora de elEconomista, mesas redondas, Foro Cinco D\u00edas, ruedas de prensa, etc. <\/section>\n<section><\/section>\n<section><\/section>\n<section class=\"article-content clearfix\">Eventos dirigidos a <strong>alta direcci\u00f3n de empresas e instituciones<\/strong>, estos <strong>encuentros protocolizados<\/strong> cuentan con un ponente de primera l\u00ednea en el \u00e1mbito pol\u00edtico, econ\u00f3mico y empresarial. Ministros, Secretarios de Estado, presidentes de Comunidades Aut\u00f3nomas, Presidentes de Asociaciones, de la Patronal CEOE, representantes de los principales Partidos Pol\u00edticos, presidentes de los organismos reguladores (CNMV, CNE, CMT) y otras instituciones (CEPYME etc.) han participado como ponentes en estos actos. <\/section>\n<section><\/section>\n<section><\/section>\n<section class=\"article-content clearfix\">Organizaci\u00f3n coordinada junto con una importante campa\u00f1a de prensa, tanto en papel como digital, generan una amplia difusi\u00f3n informativa en medios, garantizando una cobertura muy relevante en el medio asociado.<\/section>\n<p>[\/et_pb_text][\/et_pb_column][et_pb_column type=&#8221;1_2&#8243; _builder_version=&#8221;4.16&#8243; custom_padding=&#8221;|||&#8221; global_colors_info=&#8221;{}&#8221; custom_padding__hover=&#8221;|||&#8221;][et_pb_text _builder_version=&#8221;4.16&#8243; z_index_tablet=&#8221;500&#8243; global_colors_info=&#8221;{}&#8221;]<\/p>\n<p><strong>Algunos formatos de eventos realizados:<\/strong><\/p>\n<p style=\"text-align: justify;\"><span style=\"color: #333333;\"><strong>\u00c1gora elEconomista<\/strong><\/span> En 2009, ponemos en marcha junto con elEconomista el \u00e1gora elEconomista, un ciclo de encuentros dirigidos a alta direcci\u00f3n, patrocinados por EY, Ferrovial o Promarca, entre otros en el que ya han intervenido los m\u00e1ximos representantes del Gobierno y de las principales instituciones y empresas del pa\u00eds.<\/p>\n<p style=\"text-align: justify;\"><span style=\"color: #333333;\"><strong>Foro Cinco D\u00edas<\/strong><\/span> En 2004, Gesti\u00f3n Press pone en marcha el Foro Cinco D\u00edas, patrocinado por Accenture y Banco Madrid. Organizaci\u00f3n integral de m\u00e1s de 30 encuentros con ponentes de primer nivel hasta 2008. Durante 2008, Gesti\u00f3n Press con motivo del 30 aniversario del peri\u00f3dico Cinco D\u00edas, organizamos 11 foros, patrocinados por Santander, en diferentes Comunidades Aut\u00f3nomas con los presidentes de cada una de ellas.  <\/p>\n<p><a href=\"https:\/\/gestionpress.com\/internacionalizacion\/\" target=\"_blank\" rel=\"noopener noreferrer\"><strong>Di\u00e1logos de Internacionalizaci\u00f3n<\/strong><\/a>, Foro de eventos que promueve la internacionalizaci\u00f3n de la empresa espa\u00f1ola <a href=\"https:\/\/gestionpress.com\/internacionalizacion\/\" target=\"_blank\" rel=\"noopener noreferrer\"><span style=\"color: #0000ff;\">(m\u00e1s informaci\u00f3n)<\/span><\/a><\/p>\n<p>[\/et_pb_text][\/et_pb_column][\/et_pb_row][et_pb_row _builder_version=&#8221;4.16&#8243; background_size=&#8221;initial&#8221; background_position=&#8221;top_left&#8221; background_repeat=&#8221;repeat&#8221; global_colors_info=&#8221;{}&#8221;][et_pb_column type=&#8221;4_4&#8243; _builder_version=&#8221;4.16&#8243; custom_padding=&#8221;|||&#8221; global_colors_info=&#8221;{}&#8221; custom_padding__hover=&#8221;|||&#8221;][et_pb_text _builder_version=&#8221;4.21.0&#8243; z_index_tablet=&#8221;500&#8243; global_colors_info=&#8221;{}&#8221;]<\/p>\n<p style=\"text-align: center;\"><em><span style=\"color: #000000;\">Gesti\u00f3n Press has a wide experience in organizing institutional events with representatives of Government and regulatory authorities, leaders of political parties, corporate and institutional events as conferences, business breakfast, discussion panels, press conferences, etc. <\/span><\/em><\/p>\n<p style=\"text-align: center;\"><em><span style=\"color: #000000;\">Events targeted to managers of companies and institutions. This protocolized meetings use to have a front-line speaker in the political, economic and business fields. <\/span><\/em><\/p>\n<p>[\/et_pb_text][\/et_pb_column][\/et_pb_row][et_pb_row _builder_version=&#8221;3.21.4&#8243; global_module=&#8221;2397&#8243; global_colors_info=&#8221;{}&#8221;][et_pb_column type=&#8221;4_4&#8243; _builder_version=&#8221;4.16&#8243; custom_padding=&#8221;|||&#8221; global_colors_info=&#8221;{}&#8221; custom_padding__hover=&#8221;|||&#8221;][et_pb_button button_url=&#8221;https:\/\/gestionpress.com\/en\/events\/&#8221; url_new_window=&#8221;on&#8221; button_text=&#8221;Nuestros \u00faltimos eventos&#8221; button_alignment=&#8221;center&#8221; _builder_version=&#8221;4.16&#8243; background_layout=&#8221;dark&#8221; global_colors_info=&#8221;{}&#8221;][\/et_pb_button][\/et_pb_column][\/et_pb_row][et_pb_row _builder_version=&#8221;4.16&#8243; background_size=&#8221;initial&#8221; background_position=&#8221;top_left&#8221; background_repeat=&#8221;repeat&#8221; global_colors_info=&#8221;{}&#8221;][et_pb_column type=&#8221;4_4&#8243; _builder_version=&#8221;4.16&#8243; custom_padding=&#8221;|||&#8221; global_colors_info=&#8221;{}&#8221; custom_padding__hover=&#8221;|||&#8221;][et_pb_divider _builder_version=&#8221;4.16&#8243; z_index_tablet=&#8221;500&#8243; global_colors_info=&#8221;{}&#8221;]<br \/>\n[\/et_pb_divider][\/et_pb_column][\/et_pb_row][\/et_pb_section][et_pb_section fb_built=&#8221;1&#8243; module_id=&#8221;contact-sec&#8221; module_class=&#8221;homepage_8885 contact-outer&#8221; _builder_version=&#8221;3.21.3&#8243; z_index_tablet=&#8221;500&#8243; global_module=&#8221;2342&#8243; global_colors_info=&#8221;{}&#8221;][et_pb_row _builder_version=&#8221;4.16&#8243; background_size=&#8221;initial&#8221; background_position=&#8221;top_left&#8221; background_repeat=&#8221;repeat&#8221; global_colors_info=&#8221;{}&#8221;][et_pb_column type=&#8221;4_4&#8243; _builder_version=&#8221;4.16&#8243; custom_padding=&#8221;|||&#8221; global_colors_info=&#8221;{}&#8221; custom_padding__hover=&#8221;|||&#8221;][et_pb_text admin_label=&#8221;CONTACTO&#8221; _builder_version=&#8221;4.16&#8243; header_font=&#8221;muli-regula||||||||&#8221; header_text_align=&#8221;center&#8221; global_colors_info=&#8221;{}&#8221;]<\/p>\n<h1>CONTACT<\/h1>\n<p>[\/et_pb_text][\/et_pb_column][\/et_pb_row][et_pb_row column_structure=&#8221;1_3,1_3,1_3&#8243; _builder_version=&#8221;4.16&#8243; background_size=&#8221;initial&#8221; background_position=&#8221;top_left&#8221; background_repeat=&#8221;repeat&#8221; global_colors_info=&#8221;{}&#8221;][et_pb_column type=&#8221;1_3&#8243; _builder_version=&#8221;4.16&#8243; custom_padding=&#8221;|||&#8221; global_colors_info=&#8221;{}&#8221; custom_padding__hover=&#8221;|||&#8221;][et_pb_blurb url=&#8221;mailto:gestionpress@gestionpress.com&#8221; image=&#8221;https:\/\/gestionpress.com\/wp-content\/uploads\/2018\/10\/msg.png&#8221; admin_label=&#8221;mail&#8221; module_class=&#8221;mail-text&#8221; _builder_version=&#8221;4.16&#8243; global_colors_info=&#8221;{}&#8221;]<\/p>\n<p>gestionpress@gestionpress.com<\/p>\n<p>[\/et_pb_blurb][\/et_pb_column][et_pb_column type=&#8221;1_3&#8243; _builder_version=&#8221;4.16&#8243; custom_padding=&#8221;|||&#8221; global_colors_info=&#8221;{}&#8221; custom_padding__hover=&#8221;|||&#8221;][et_pb_blurb image=&#8221;https:\/\/gestionpress.com\/wp-content\/uploads\/2018\/10\/phone.png&#8221; admin_label=&#8221;phone&#8221; module_class=&#8221;phone-text&#8221; _builder_version=&#8221;4.16&#8243; global_colors_info=&#8221;{}&#8221;]<\/p>\n<p>+34 913 107 081<\/p>\n<p>[\/et_pb_blurb][\/et_pb_column][et_pb_column type=&#8221;1_3&#8243; _builder_version=&#8221;4.16&#8243; custom_padding=&#8221;|||&#8221; global_colors_info=&#8221;{}&#8221; custom_padding__hover=&#8221;|||&#8221;][et_pb_blurb image=&#8221;https:\/\/gestionpress.com\/wp-content\/uploads\/2018\/10\/map.png&#8221; admin_label=&#8221;map&#8221; module_class=&#8221;add-text&#8221; _builder_version=&#8221;4.16&#8243; global_colors_info=&#8221;{}&#8221;]<\/p>\n<p>C\/ O\u2019Donnell 32 6\u00baB<br \/>28009 Madrid<br \/>Spain<\/p>\n<p>[\/et_pb_blurb][\/et_pb_column][\/et_pb_row][\/et_pb_section][et_pb_section fb_built=&#8221;1&#8243; _builder_version=&#8221;4.16&#8243; _module_preset=&#8221;default&#8221; global_colors_info=&#8221;{}&#8221;][et_pb_row _builder_version=&#8221;4.16&#8243; _module_preset=&#8221;default&#8221; global_colors_info=&#8221;{}&#8221;][et_pb_column type=&#8221;4_4&#8243; _builder_version=&#8221;4.16&#8243; _module_preset=&#8221;default&#8221; global_colors_info=&#8221;{}&#8221;][et_pb_text _builder_version=&#8221;4.16&#8243; _module_preset=&#8221;default&#8221; global_colors_info=&#8221;{}&#8221;]<\/p>\n<p style=\"text-align: center;\"><em>Gesti\u00f3n Press &#8211; Organizaci\u00f3n eventos institucionales<\/em><\/p>\n<p>[\/et_pb_text][\/et_pb_column][\/et_pb_row][\/et_pb_section]<\/p>\n","protected":false},"excerpt":{"rendered":"<p>Gesti\u00f3n Press Eventos cuenta con una amplia experiencia en la organizaci\u00f3n de eventos institucionales con representantes del Gobierno y Empresa<\/p>\n","protected":false},"author":1,"featured_media":0,"parent":0,"menu_order":0,"comment_status":"closed","ping_status":"closed","template":"","meta":{"_et_pb_use_builder":"on","_et_pb_old_content":"","_et_gb_content_width":"","_exactmetrics_skip_tracking":false,"_exactmetrics_sitenote_active":false,"_exactmetrics_sitenote_note":"","_exactmetrics_sitenote_category":0,"footnotes":""},"class_list":["post-42660","page","type-page","status-publish","hentry"],"yoast_head":"<!-- This site is optimized with the Yoast SEO plugin v27.4 - https:\/\/yoast.com\/product\/yoast-seo-wordpress\/ -->\n<title>Gesti\u00f3n Press - Organizaci\u00f3n Eventos Institucionales<\/title>\n<meta name=\"description\" content=\"Gesti\u00f3n Press cuenta con una amplia experiencia en la organizaci\u00f3n eventos institucionales con representantes del Gobierno y Gran Empresa\" \/>\n<meta name=\"robots\" content=\"index, follow, max-snippet:-1, max-image-preview:large, max-video-preview:-1\" \/>\n<link rel=\"canonical\" href=\"https:\/\/gestionpress.com\/en\/organizacion-eventos-institucionales\/\" \/>\n<meta property=\"og:locale\" content=\"en_US\" \/>\n<meta property=\"og:type\" content=\"article\" \/>\n<meta property=\"og:title\" content=\"Gesti\u00f3n Press - Organizaci\u00f3n Eventos Institucionales\" \/>\n<meta property=\"og:description\" content=\"Gesti\u00f3n Press cuenta con una amplia experiencia en la organizaci\u00f3n eventos institucionales con representantes del Gobierno y Gran Empresa\" \/>\n<meta property=\"og:url\" content=\"https:\/\/gestionpress.com\/en\/organizacion-eventos-institucionales\/\" \/>\n<meta property=\"og:site_name\" content=\"Gesti\u00f3n Press - Eventos &amp; Comunicaci\u00f3n\" \/>\n<meta property=\"article:publisher\" content=\"https:\/\/www.facebook.com\/gestionpress\/\" \/>\n<meta property=\"article:modified_time\" content=\"2026-04-15T12:26:04+00:00\" \/>\n<meta name=\"twitter:card\" content=\"summary_large_image\" \/>\n<meta name=\"twitter:site\" content=\"@gestionpress\" \/>\n<meta name=\"twitter:label1\" content=\"Est. reading time\" \/>\n\t<meta name=\"twitter:data1\" content=\"8 minutes\" \/>\n<script type=\"application\/ld+json\" class=\"yoast-schema-graph\">{\"@context\":\"https:\\\/\\\/schema.org\",\"@graph\":[{\"@type\":\"WebPage\",\"@id\":\"https:\\\/\\\/gestionpress.com\\\/en\\\/organizacion-eventos-institucionales\\\/\",\"url\":\"https:\\\/\\\/gestionpress.com\\\/en\\\/organizacion-eventos-institucionales\\\/\",\"name\":\"Gesti\u00f3n Press - Organizaci\u00f3n Eventos Institucionales\",\"isPartOf\":{\"@id\":\"https:\\\/\\\/gestionpress.com\\\/en\\\/#website\"},\"datePublished\":\"2018-10-22T09:21:23+00:00\",\"dateModified\":\"2026-04-15T12:26:04+00:00\",\"description\":\"Gesti\u00f3n Press cuenta con una amplia experiencia en la organizaci\u00f3n eventos institucionales con representantes del Gobierno y Gran Empresa\",\"breadcrumb\":{\"@id\":\"https:\\\/\\\/gestionpress.com\\\/en\\\/organizacion-eventos-institucionales\\\/#breadcrumb\"},\"inLanguage\":\"en-US\",\"potentialAction\":[{\"@type\":\"ReadAction\",\"target\":[\"https:\\\/\\\/gestionpress.com\\\/en\\\/organizacion-eventos-institucionales\\\/\"]}]},{\"@type\":\"BreadcrumbList\",\"@id\":\"https:\\\/\\\/gestionpress.com\\\/en\\\/organizacion-eventos-institucionales\\\/#breadcrumb\",\"itemListElement\":[{\"@type\":\"ListItem\",\"position\":1,\"name\":\"Portada\",\"item\":\"https:\\\/\\\/gestionpress.com\\\/en\\\/\"},{\"@type\":\"ListItem\",\"position\":2,\"name\":\"Organizaci\u00f3n Eventos Institucionales\"}]},{\"@type\":\"WebSite\",\"@id\":\"https:\\\/\\\/gestionpress.com\\\/en\\\/#website\",\"url\":\"https:\\\/\\\/gestionpress.com\\\/en\\\/\",\"name\":\"Gesti\u00f3n Press Eventos y Comunicaci\u00f3n\",\"description\":\"Organizaci\u00f3n integral de eventos institucionales y corporativos\",\"publisher\":{\"@id\":\"https:\\\/\\\/gestionpress.com\\\/en\\\/#organization\"},\"alternateName\":\"Gesti\u00f3n Press\",\"potentialAction\":[{\"@type\":\"SearchAction\",\"target\":{\"@type\":\"EntryPoint\",\"urlTemplate\":\"https:\\\/\\\/gestionpress.com\\\/en\\\/?s={search_term_string}\"},\"query-input\":{\"@type\":\"PropertyValueSpecification\",\"valueRequired\":true,\"valueName\":\"search_term_string\"}}],\"inLanguage\":\"en-US\"},{\"@type\":\"Organization\",\"@id\":\"https:\\\/\\\/gestionpress.com\\\/en\\\/#organization\",\"name\":\"Gesti\u00f3n Press Eventos y Comunicaci\u00f3n\",\"alternateName\":\"Gesti\u00f3n Press\",\"url\":\"https:\\\/\\\/gestionpress.com\\\/en\\\/\",\"logo\":{\"@type\":\"ImageObject\",\"inLanguage\":\"en-US\",\"@id\":\"https:\\\/\\\/gestionpress.com\\\/en\\\/#\\\/schema\\\/logo\\\/image\\\/\",\"url\":\"https:\\\/\\\/gestionpress.com\\\/wp-content\\\/uploads\\\/2025\\\/03\\\/Logo_GP_rgb.jpg\",\"contentUrl\":\"https:\\\/\\\/gestionpress.com\\\/wp-content\\\/uploads\\\/2025\\\/03\\\/Logo_GP_rgb.jpg\",\"width\":1702,\"height\":479,\"caption\":\"Gesti\u00f3n Press Eventos y Comunicaci\u00f3n\"},\"image\":{\"@id\":\"https:\\\/\\\/gestionpress.com\\\/en\\\/#\\\/schema\\\/logo\\\/image\\\/\"},\"sameAs\":[\"https:\\\/\\\/www.facebook.com\\\/gestionpress\\\/\",\"https:\\\/\\\/x.com\\\/gestionpress\",\"https:\\\/\\\/www.linkedin.com\\\/company\\\/1768857\\\/\",\"https:\\\/\\\/www.instagram.com\\\/gestion_press\\\/#\"]}]}<\/script>\n<!-- \/ Yoast SEO plugin. -->","yoast_head_json":{"title":"Gesti\u00f3n Press - Organizaci\u00f3n Eventos Institucionales","description":"Gesti\u00f3n Press cuenta con una amplia experiencia en la organizaci\u00f3n eventos institucionales con representantes del Gobierno y Gran Empresa","robots":{"index":"index","follow":"follow","max-snippet":"max-snippet:-1","max-image-preview":"max-image-preview:large","max-video-preview":"max-video-preview:-1"},"canonical":"https:\/\/gestionpress.com\/en\/organizacion-eventos-institucionales\/","og_locale":"en_US","og_type":"article","og_title":"Gesti\u00f3n Press - Organizaci\u00f3n Eventos Institucionales","og_description":"Gesti\u00f3n Press cuenta con una amplia experiencia en la organizaci\u00f3n eventos institucionales con representantes del Gobierno y Gran Empresa","og_url":"https:\/\/gestionpress.com\/en\/organizacion-eventos-institucionales\/","og_site_name":"Gesti\u00f3n Press - Eventos &amp; Comunicaci\u00f3n","article_publisher":"https:\/\/www.facebook.com\/gestionpress\/","article_modified_time":"2026-04-15T12:26:04+00:00","twitter_card":"summary_large_image","twitter_site":"@gestionpress","twitter_misc":{"Est. reading time":"8 minutes"},"schema":{"@context":"https:\/\/schema.org","@graph":[{"@type":"WebPage","@id":"https:\/\/gestionpress.com\/en\/organizacion-eventos-institucionales\/","url":"https:\/\/gestionpress.com\/en\/organizacion-eventos-institucionales\/","name":"Gesti\u00f3n Press - Organizaci\u00f3n Eventos Institucionales","isPartOf":{"@id":"https:\/\/gestionpress.com\/en\/#website"},"datePublished":"2018-10-22T09:21:23+00:00","dateModified":"2026-04-15T12:26:04+00:00","description":"Gesti\u00f3n Press cuenta con una amplia experiencia en la organizaci\u00f3n eventos institucionales con representantes del Gobierno y Gran Empresa","breadcrumb":{"@id":"https:\/\/gestionpress.com\/en\/organizacion-eventos-institucionales\/#breadcrumb"},"inLanguage":"en-US","potentialAction":[{"@type":"ReadAction","target":["https:\/\/gestionpress.com\/en\/organizacion-eventos-institucionales\/"]}]},{"@type":"BreadcrumbList","@id":"https:\/\/gestionpress.com\/en\/organizacion-eventos-institucionales\/#breadcrumb","itemListElement":[{"@type":"ListItem","position":1,"name":"Portada","item":"https:\/\/gestionpress.com\/en\/"},{"@type":"ListItem","position":2,"name":"Organizaci\u00f3n Eventos Institucionales"}]},{"@type":"WebSite","@id":"https:\/\/gestionpress.com\/en\/#website","url":"https:\/\/gestionpress.com\/en\/","name":"Gesti\u00f3n Press Eventos y Comunicaci\u00f3n","description":"Organizaci\u00f3n integral de eventos institucionales y corporativos","publisher":{"@id":"https:\/\/gestionpress.com\/en\/#organization"},"alternateName":"Gesti\u00f3n Press","potentialAction":[{"@type":"SearchAction","target":{"@type":"EntryPoint","urlTemplate":"https:\/\/gestionpress.com\/en\/?s={search_term_string}"},"query-input":{"@type":"PropertyValueSpecification","valueRequired":true,"valueName":"search_term_string"}}],"inLanguage":"en-US"},{"@type":"Organization","@id":"https:\/\/gestionpress.com\/en\/#organization","name":"Gesti\u00f3n Press Eventos y Comunicaci\u00f3n","alternateName":"Gesti\u00f3n Press","url":"https:\/\/gestionpress.com\/en\/","logo":{"@type":"ImageObject","inLanguage":"en-US","@id":"https:\/\/gestionpress.com\/en\/#\/schema\/logo\/image\/","url":"https:\/\/gestionpress.com\/wp-content\/uploads\/2025\/03\/Logo_GP_rgb.jpg","contentUrl":"https:\/\/gestionpress.com\/wp-content\/uploads\/2025\/03\/Logo_GP_rgb.jpg","width":1702,"height":479,"caption":"Gesti\u00f3n Press Eventos y Comunicaci\u00f3n"},"image":{"@id":"https:\/\/gestionpress.com\/en\/#\/schema\/logo\/image\/"},"sameAs":["https:\/\/www.facebook.com\/gestionpress\/","https:\/\/x.com\/gestionpress","https:\/\/www.linkedin.com\/company\/1768857\/","https:\/\/www.instagram.com\/gestion_press\/#"]}]}},"_links":{"self":[{"href":"https:\/\/gestionpress.com\/en\/wp-json\/wp\/v2\/pages\/42660","targetHints":{"allow":["GET"]}}],"collection":[{"href":"https:\/\/gestionpress.com\/en\/wp-json\/wp\/v2\/pages"}],"about":[{"href":"https:\/\/gestionpress.com\/en\/wp-json\/wp\/v2\/types\/page"}],"author":[{"embeddable":true,"href":"https:\/\/gestionpress.com\/en\/wp-json\/wp\/v2\/users\/1"}],"replies":[{"embeddable":true,"href":"https:\/\/gestionpress.com\/en\/wp-json\/wp\/v2\/comments?post=42660"}],"version-history":[{"count":2,"href":"https:\/\/gestionpress.com\/en\/wp-json\/wp\/v2\/pages\/42660\/revisions"}],"predecessor-version":[{"id":42678,"href":"https:\/\/gestionpress.com\/en\/wp-json\/wp\/v2\/pages\/42660\/revisions\/42678"}],"wp:attachment":[{"href":"https:\/\/gestionpress.com\/en\/wp-json\/wp\/v2\/media?parent=42660"}],"curies":[{"name":"wp","href":"https:\/\/api.w.org\/{rel}","templated":true}]}}