{"id":42575,"date":"2018-10-23T08:56:33","date_gmt":"2018-10-23T06:56:33","guid":{"rendered":"https:\/\/gestionpress.com\/home\/"},"modified":"2026-04-15T15:15:36","modified_gmt":"2026-04-15T13:15:36","slug":"home","status":"publish","type":"page","link":"https:\/\/gestionpress.com\/en\/","title":{"rendered":"HOME"},"content":{"rendered":"<p>[et_pb_section fb_built=&#8221;1&#8243; module_class=&#8221;banner-slider slider-outr-box&#8221; _builder_version=&#8221;4.16&#8243; custom_padding=&#8221;0px||0px|&#8221; global_colors_info=&#8221;{}&#8221;][et_pb_row make_equal=&#8221;on&#8221; _builder_version=&#8221;4.16&#8243; background_size=&#8221;initial&#8221; background_position=&#8221;top_left&#8221; background_repeat=&#8221;repeat&#8221; width=&#8221;100%&#8221; max_width=&#8221;100%&#8221; custom_padding=&#8221;0px||0px|&#8221; make_fullwidth=&#8221;on&#8221; use_custom_width=&#8221;on&#8221; width_unit=&#8221;off&#8221; custom_width_percent=&#8221;100%&#8221; global_colors_info=&#8221;{}&#8221;][et_pb_column type=&#8221;4_4&#8243; _builder_version=&#8221;4.16&#8243; custom_padding=&#8221;|||&#8221; global_colors_info=&#8221;{}&#8221; custom_padding__hover=&#8221;|||&#8221;][et_pb_slider show_pagination=&#8221;off&#8221; admin_label=&#8221;Slider&#8221; module_class=&#8221;sider-text banner-img&#8221; _builder_version=&#8221;4.24.0&#8243; header_font=&#8221;muli-regula||||||||&#8221; auto=&#8221;on&#8221; auto_speed=&#8221;5000&#8243; global_colors_info=&#8221;{}&#8221;][et_pb_slide use_bg_overlay=&#8221;off&#8221; use_text_overlay=&#8221;off&#8221; admin_title=&#8221;Organizaci\u00f3n de Eventos Madrid&#8221; _builder_version=&#8221;4.24.0&#8243; header_font=&#8221;||||||||&#8221; header_font_size=&#8221;35&#8243; body_font=&#8221;muli-regula||||||||&#8221; body_text_align=&#8221;center&#8221; body_font_size=&#8221;32&#8243; background_image=&#8221;https:\/\/gestionpress.com\/wp-content\/uploads\/2021\/08\/bolsa.jpg&#8221; background_enable_image=&#8221;on&#8221; header_font_size_tablet=&#8221;35&#8243; header_font_size_phone=&#8221;35&#8243; body_font_size_tablet=&#8221;35&#8243; body_font_size_phone=&#8221;35&#8243; body_line_height_tablet=&#8221;&#8221; body_line_height_phone=&#8221;&#8221; body_line_height_last_edited=&#8221;on|desktop&#8221; global_colors_info=&#8221;{}&#8221; sticky_transition=&#8221;on&#8221;]<\/p>\n<p>Corporate and sector events. More than 20 years linked to the economic press. <\/p>\n<p>[\/et_pb_slide][et_pb_slide use_bg_overlay=&#8221;off&#8221; use_text_overlay=&#8221;off&#8221; _builder_version=&#8221;4.24.0&#8243; header_font=&#8221;||||||||&#8221; header_font_size=&#8221;35&#8243; body_font=&#8221;muli-regula||||||||&#8221; body_text_align=&#8221;center&#8221; body_font_size=&#8221;32&#8243; background_image=&#8221;https:\/\/gestionpress.com\/wp-content\/uploads\/2022\/01\/reyweb.jpg&#8221; background_enable_image=&#8221;on&#8221; button_on_hover=&#8221;on&#8221; header_font_size_tablet=&#8221;35&#8243; header_font_size_phone=&#8221;35&#8243; body_font_size_tablet=&#8221;35&#8243; body_font_size_phone=&#8221;35&#8243; global_colors_info=&#8221;{}&#8221; sticky_transition=&#8221;on&#8221;]<\/p>\n<p>Comprehensive organization of institutional and corporate events.<\/p>\n<p>[\/et_pb_slide][et_pb_slide use_bg_overlay=&#8221;off&#8221; use_text_overlay=&#8221;off&#8221; _builder_version=&#8221;4.24.0&#8243; header_font=&#8221;||||||||&#8221; header_font_size=&#8221;35&#8243; body_font=&#8221;muli-regula||||||||&#8221; body_text_align=&#8221;center&#8221; body_font_size=&#8221;32&#8243; background_image=&#8221;https:\/\/gestionpress.com\/wp-content\/uploads\/2018\/12\/mmfBYN-1.jpg&#8221; button_on_hover=&#8221;on&#8221; header_font_size_tablet=&#8221;35&#8243; header_font_size_phone=&#8221;35&#8243; body_font_size_tablet=&#8221;35&#8243; body_font_size_phone=&#8221;35&#8243; global_colors_info=&#8221;{}&#8221; sticky_transition=&#8221;on&#8221;]<\/p>\n<p>Experts in institutional, business, and corporate protocol.<\/p>\n<p>[\/et_pb_slide][et_pb_slide use_bg_overlay=&#8221;off&#8221; use_text_overlay=&#8221;off&#8221; _builder_version=&#8221;4.24.0&#8243; header_font=&#8221;||||||||&#8221; header_font_size=&#8221;35&#8243; body_font=&#8221;muli-regula||||||||&#8221; body_text_align=&#8221;center&#8221; body_font_size=&#8221;32&#8243; background_image=&#8221;https:\/\/gestionpress.com\/wp-content\/uploads\/2022\/01\/INFOL.jpg&#8221; background_enable_image=&#8221;on&#8221; button_on_hover=&#8221;on&#8221; header_font_size_tablet=&#8221;35&#8243; header_font_size_phone=&#8221;35&#8243; body_font_size_tablet=&#8221;35&#8243; body_font_size_phone=&#8221;35&#8243; global_colors_info=&#8221;{}&#8221; sticky_transition=&#8221;on&#8221;]<\/p>\n<p>Comprehensive organization of award ceremonies and special corporate and brand ceremonies.<\/p>\n<p>[\/et_pb_slide][et_pb_slide use_bg_overlay=&#8221;off&#8221; use_text_overlay=&#8221;off&#8221; _builder_version=&#8221;4.24.0&#8243; header_font=&#8221;||||||||&#8221; header_font_size=&#8221;35&#8243; body_font=&#8221;muli-regula||||||||&#8221; body_text_align=&#8221;center&#8221; body_font_size=&#8221;32&#8243; background_image=&#8221;https:\/\/gestionpress.com\/wp-content\/uploads\/2018\/12\/LaNocheBYN-1.jpg&#8221; button_on_hover=&#8221;on&#8221; header_font_size_tablet=&#8221;35&#8243; header_font_size_phone=&#8221;35&#8243; body_font_size_tablet=&#8221;35&#8243; body_font_size_phone=&#8221;35&#8243; global_colors_info=&#8221;{}&#8221; sticky_transition=&#8221;on&#8221;]<\/p>\n<p>Advising clients on event formats, location, speaker management, speaker recruitment, catering, audiovisuals&#8230;<\/p>\n<p>[\/et_pb_slide][et_pb_slide use_bg_overlay=&#8221;off&#8221; use_text_overlay=&#8221;off&#8221; _builder_version=&#8221;4.24.0&#8243; header_font=&#8221;||||||||&#8221; header_font_size=&#8221;35&#8243; body_font=&#8221;muli-regula||||||||&#8221; body_text_align=&#8221;center&#8221; body_font_size=&#8221;32&#8243; background_image=&#8221;https:\/\/gestionpress.com\/wp-content\/uploads\/2023\/01\/ANIMALS-HEALTH-96.jpg&#8221; background_enable_image=&#8221;on&#8221; button_on_hover=&#8221;on&#8221; header_font_size_tablet=&#8221;35&#8243; header_font_size_phone=&#8221;35&#8243; body_font_size_tablet=&#8221;35&#8243; body_font_size_phone=&#8221;35&#8243; global_colors_info=&#8221;{}&#8221; sticky_transition=&#8221;on&#8221;]<\/p>\n<p>A leading company in the organization of professional events for <strong>20 years! That&#8217;s incredible!!<br \/><\/strong><\/p>\n<p>[\/et_pb_slide][\/et_pb_slider][\/et_pb_column][\/et_pb_row][\/et_pb_section][et_pb_section fb_built=&#8221;1&#8243; module_class=&#8221;homepage_8885&#8243; _builder_version=&#8221;4.16&#8243; custom_padding=&#8221;0px|||&#8221; global_colors_info=&#8221;{}&#8221;][et_pb_row column_structure=&#8221;1_3,1_3,1_3&#8243; use_custom_gutter=&#8221;on&#8221; gutter_width=&#8221;1&#8243; module_class=&#8221;three-blr-sec home-contian et_pb_row_fullwidth&#8221; _builder_version=&#8221;4.16&#8243; width=&#8221;100%&#8221; width_tablet=&#8221;100%&#8221; width_phone=&#8221;&#8221; width_last_edited=&#8221;on|desktop&#8221; max_width=&#8221;100%&#8221; max_width_tablet=&#8221;100%&#8221; max_width_phone=&#8221;&#8221; max_width_last_edited=&#8221;on|desktop&#8221; custom_padding=&#8221;0px|||&#8221; make_fullwidth=&#8221;on&#8221; global_colors_info=&#8221;{}&#8221;][et_pb_column type=&#8221;1_3&#8243; _builder_version=&#8221;4.16&#8243; custom_padding=&#8221;|||&#8221; global_colors_info=&#8221;{}&#8221; custom_padding__hover=&#8221;|||&#8221;][et_pb_blurb title=&#8221;INSTITUTIONAL MEETINGS&#8221; image=&#8221;https:\/\/gestionpress.com\/wp-content\/uploads\/2018\/10\/1.png&#8221; admin_label=&#8221;ENCUENTROS INSTITUCIONALES&#8221; module_class=&#8221;ad-first fadeOut&#8221; _builder_version=&#8221;4.27.6&#8243; header_text_align=&#8221;center&#8221; body_font=&#8221;muli-regula||||||||&#8221; body_text_align=&#8221;center&#8221; text_orientation=&#8221;center&#8221; link_option_url=&#8221;https:\/\/gestionpress.com\/organizacion-eventos-institucionales\/&#8221; global_colors_info=&#8221;{}&#8221;]<\/p>\n<p>With representatives from the Government and regulatory bodies, leaders of political parties, and institutions. Conferences, working breakfasts, the elEconomista Agora, round tables, Cinco D\u00edas Forum&#8230; <\/p>\n<p>[\/et_pb_blurb][\/et_pb_column][et_pb_column type=&#8221;1_3&#8243; _builder_version=&#8221;4.16&#8243; custom_padding=&#8221;|||&#8221; global_colors_info=&#8221;{}&#8221; custom_padding__hover=&#8221;|||&#8221;][et_pb_blurb title=&#8221;AWARD CEREMONIES&#8221; image=&#8221;https:\/\/gestionpress.com\/wp-content\/uploads\/2018\/10\/5.png&#8221; admin_label=&#8221;ENTREGA DE PREMIOS&#8221; module_id=&#8221;services&#8221; module_class=&#8221;green-blr ad-sec&#8221; _builder_version=&#8221;4.22.1&#8243; header_font=&#8221;muli-regula||||||||&#8221; header_text_align=&#8221;center&#8221; header_text_color=&#8221;#ffffff&#8221; body_font=&#8221;muli-regula||||||||&#8221; body_text_align=&#8221;center&#8221; body_text_color=&#8221;#ffffff&#8221; background_color=&#8221;#004855&#8243; text_orientation=&#8221;center&#8221; link_option_url=&#8221;https:\/\/gestionpress.com\/organizacion-entregas-de-premios\/&#8221; global_colors_info=&#8221;{}&#8221;]<\/p>\n<p>The Night of the Economy, Lipper Awards, Funcas Awards, Morningstar Awards, Inversi\u00f3n a Fondo Awards&#8230;<\/p>\n<p>[\/et_pb_blurb][\/et_pb_column][et_pb_column type=&#8221;1_3&#8243; _builder_version=&#8221;4.16&#8243; custom_padding=&#8221;|||&#8221; global_colors_info=&#8221;{}&#8221; custom_padding__hover=&#8221;|||&#8221;][et_pb_blurb title=&#8221;CORPORATE EVENTS&#8221; image=&#8221;https:\/\/gestionpress.com\/wp-content\/uploads\/2018\/10\/Untitled-2.png&#8221; admin_label=&#8221;EVENTOS SECTORIALES&#8221; module_class=&#8221;ad-third&#8221; _builder_version=&#8221;4.27.6&#8243; header_text_align=&#8221;center&#8221; body_font=&#8221;muli-regula||||||||&#8221; body_text_align=&#8221;center&#8221; text_orientation=&#8221;center&#8221; link_option_url=&#8221;https:\/\/gestionpress.com\/eventos-corporativos-sectoriales\/&#8221; global_colors_info=&#8221;{}&#8221;]<\/p>\n<p>Business and sector events, product presentations, private events and professional conferences, showcooking&#8230; Event Organization Madrid <\/p>\n<p>[\/et_pb_blurb][et_pb_blurb title=&#8221;PROTOCOL <strong>EVENTS<\/strong>&#8221; image=&#8221;https:\/\/gestionpress.com\/wp-content\/uploads\/2018\/10\/Untitled-2.png&#8221; disabled_on=&#8221;on|on|on&#8221; admin_label=&#8221;PROTOCOLO&#8221; module_class=&#8221;ad-third&#8221; _builder_version=&#8221;4.22.1&#8243; header_text_align=&#8221;center&#8221; body_font=&#8221;muli-regula||||||||&#8221; body_text_align=&#8221;center&#8221; text_orientation=&#8221;center&#8221; link_option_url=&#8221;https:\/\/gestionpress.com\/eventos-corporativos-sectoriales\/&#8221; disabled=&#8221;on&#8221; global_colors_info=&#8221;{}&#8221;]<\/p>\n<p>Business and sector events, product presentations, private events and professional conferences, showcooking&#8230; Event Organization Madrid <\/p>\n<p>[\/et_pb_blurb][\/et_pb_column][\/et_pb_row][et_pb_row _builder_version=&#8221;4.16&#8243; width=&#8221;95%&#8221; max_width=&#8221;95%&#8221; use_custom_width=&#8221;on&#8221; width_unit=&#8221;off&#8221; custom_width_percent=&#8221;95%&#8221; global_colors_info=&#8221;{}&#8221;][et_pb_column type=&#8221;4_4&#8243; _builder_version=&#8221;4.16&#8243; custom_padding=&#8221;|||&#8221; global_colors_info=&#8221;{}&#8221; custom_padding__hover=&#8221;|||&#8221;][et_pb_text admin_label=&#8221;EVENTOS&#8221; module_class=&#8221;event-head&#8221; _builder_version=&#8221;4.16&#8243; text_font=&#8221;muli-regula||||||||&#8221; header_font=&#8221;muli-regula||||||||&#8221; header_text_align=&#8221;center&#8221; global_colors_info=&#8221;{}&#8221;]<\/p>\n<h1>LATEST EVENTS<\/h1>\n<p>[\/et_pb_text][et_pb_text disabled_on=&#8221;off|off|off&#8221; admin_label=&#8221;Event post grid&#8221; module_class=&#8221;grid_box&#8221; _builder_version=&#8221;4.27.6&#8243; hover_enabled=&#8221;0&#8243; global_colors_info=&#8221;{}&#8221; sticky_enabled=&#8221;0&#8243;]<\/p>\n<p>\n\n        <div class=\"wp-tiles-container\">\n        \n            <div id=\"wp_tiles_1\" class=\"wp-tiles-grid wp-tiles-byline-align-bottom\">\n                        \n                <div class='wp-tiles-tile entrega-de-premios eventos-gestion-press' id='tile-42811'>\n                \n                    <a href=\"https:\/\/gestionpress.com\/en\/2025\/11\/27\/v-premios-infolibre-2025\/\" title=\"V Premios infoLibre 2025\">\n                \n                        <article class='wp-tiles-tile-with-image wp-tiles-tile-wrapper' itemscope itemtype=\"http:\/\/schema.org\/CreativeWork\">\n                        \n                            <div class='wp-tiles-tile-bg'>\n\n                                <img src='https:\/\/gestionpress.com\/wp-content\/uploads\/2025\/11\/RVV3566.jpg' class='wp-tiles-img' itemprop=\"image\" \/>\n\n                            <\/div>\n                                                \n                            <div class='wp-tiles-byline'>\n\n                                <div class='wp-tiles-byline-wrapper'>\n                                \n                                    <h4 itemprop=\"name\" class=\"wp-tiles-byline-title\">V Premios infoLibre 2025<\/h4>\n                                                                \n                                    <div class='wp-tiles-byline-content' itemprop=\"description\">\n                                        27 November, 2025\n                                    <\/div>\n                                \n                                <\/div>\n\n                            <\/div>\n                        \n                        <\/article>\n                \n                    <\/a>\n                \n                <\/div>\n            \n            <\/div>\n\n        <\/div>\n        <br \/>\n[\/et_pb_text][\/et_pb_column][\/et_pb_row][\/et_pb_section][et_pb_section fb_built=&#8221;1&#8243; module_id=&#8221;contact-sec&#8221; module_class=&#8221;homepage_8885 contact-outer&#8221; _builder_version=&#8221;4.16&#8243; z_index_tablet=&#8221;500&#8243; global_colors_info=&#8221;{}&#8221;][et_pb_row _builder_version=&#8221;4.16&#8243; background_size=&#8221;initial&#8221; background_position=&#8221;top_left&#8221; background_repeat=&#8221;repeat&#8221; global_colors_info=&#8221;{}&#8221;][et_pb_column type=&#8221;4_4&#8243; _builder_version=&#8221;4.16&#8243; custom_padding=&#8221;|||&#8221; global_colors_info=&#8221;{}&#8221; custom_padding__hover=&#8221;|||&#8221;][et_pb_text admin_label=&#8221;CONTACTO&#8221; _builder_version=&#8221;4.16&#8243; header_font=&#8221;muli-regula||||||||&#8221; header_text_align=&#8221;center&#8221; global_colors_info=&#8221;{}&#8221;]<\/p>\n<h1>CONTACT<\/h1>\n<p>[\/et_pb_text][\/et_pb_column][\/et_pb_row][et_pb_row column_structure=&#8221;1_3,1_3,1_3&#8243; _builder_version=&#8221;4.16&#8243; background_size=&#8221;initial&#8221; background_position=&#8221;top_left&#8221; background_repeat=&#8221;repeat&#8221; global_colors_info=&#8221;{}&#8221;][et_pb_column type=&#8221;1_3&#8243; _builder_version=&#8221;4.16&#8243; custom_padding=&#8221;|||&#8221; global_colors_info=&#8221;{}&#8221; custom_padding__hover=&#8221;|||&#8221;][et_pb_blurb url=&#8221;mailto:gestionpress@gestionpress.com&#8221; image=&#8221;https:\/\/gestionpress.com\/wp-content\/uploads\/2018\/10\/msg.png&#8221; admin_label=&#8221;mail&#8221; module_class=&#8221;mail-text&#8221; _builder_version=&#8221;4.16&#8243; global_colors_info=&#8221;{}&#8221;]<\/p>\n<p>\ngestionpress@gestionpress.com<\/p>\n<p>[\/et_pb_blurb][\/et_pb_column][et_pb_column type=&#8221;1_3&#8243; _builder_version=&#8221;4.16&#8243; custom_padding=&#8221;|||&#8221; global_colors_info=&#8221;{}&#8221; custom_padding__hover=&#8221;|||&#8221;][et_pb_blurb image=&#8221;https:\/\/gestionpress.com\/wp-content\/uploads\/2018\/10\/phone.png&#8221; admin_label=&#8221;phone&#8221; module_class=&#8221;phone-text&#8221; _builder_version=&#8221;4.16&#8243; global_colors_info=&#8221;{}&#8221;]<\/p>\n<p>+34 913 107 081<\/p>\n<p>[\/et_pb_blurb][\/et_pb_column][et_pb_column type=&#8221;1_3&#8243; _builder_version=&#8221;4.16&#8243; custom_padding=&#8221;|||&#8221; global_colors_info=&#8221;{}&#8221; custom_padding__hover=&#8221;|||&#8221;][et_pb_blurb image=&#8221;https:\/\/gestionpress.com\/wp-content\/uploads\/2018\/10\/map.png&#8221; admin_label=&#8221;map&#8221; module_class=&#8221;add-text&#8221; _builder_version=&#8221;4.27.4&#8243; global_colors_info=&#8221;{}&#8221;]<\/p>\n<p>C\/ Dr. Esquerdo, 70, Oficina 2<br \/>28009 Madrid<br \/>Spain<\/p>\n<p>[\/et_pb_blurb][\/et_pb_column][\/et_pb_row][\/et_pb_section][et_pb_section fb_built=&#8221;1&#8243; _builder_version=&#8221;4.16&#8243; _module_preset=&#8221;default&#8221; custom_margin=&#8221;-29px||||false|false&#8221; global_colors_info=&#8221;{}&#8221;][et_pb_row _builder_version=&#8221;4.16&#8243; _module_preset=&#8221;default&#8221; global_colors_info=&#8221;{}&#8221;][et_pb_column type=&#8221;4_4&#8243; _builder_version=&#8221;4.16&#8243; _module_preset=&#8221;default&#8221; global_colors_info=&#8221;{}&#8221;][et_pb_text _builder_version=&#8221;4.19.4&#8243; _module_preset=&#8221;default&#8221; global_colors_info=&#8221;{}&#8221;]<\/p>\n<p style=\"text-align: center;\"><em>Gesti\u00f3n Press Eventos y Comunicaci\u00f3n &#8211; Event Organization Madrid<br \/><\/em><\/p>\n<p>[\/et_pb_text][\/et_pb_column][\/et_pb_row][\/et_pb_section]<\/p>\n","protected":false},"excerpt":{"rendered":"<p>Corporate and sector events. More than 20 years linked to the economic press. Comprehensive organization of institutional and corporate events.Experts in institutional, business, and corporate protocol.Comprehensive organization of award ceremonies and special corporate and brand ceremonies.Advising clients on event formats, location, speaker management, speaker recruitment, catering, audiovisuals&#8230;A leading company in the organization of professional events [&hellip;]<\/p>\n","protected":false},"author":1,"featured_media":0,"parent":0,"menu_order":0,"comment_status":"closed","ping_status":"closed","template":"","meta":{"_et_pb_use_builder":"on","_et_pb_old_content":"","_et_gb_content_width":"","_exactmetrics_skip_tracking":false,"_exactmetrics_sitenote_active":false,"_exactmetrics_sitenote_note":"","_exactmetrics_sitenote_category":0,"footnotes":""},"class_list":["post-42575","page","type-page","status-publish","hentry"],"yoast_head":"<!-- This site is optimized with the Yoast SEO plugin v27.4 - https:\/\/yoast.com\/product\/yoast-seo-wordpress\/ -->\n<title>Event Organization Madrid - Gesti\u00f3n Press<\/title>\n<meta name=\"description\" content=\"Gesti\u00f3n Press. More than 15 years in the comprehensive organization of professional and institutional events. Event Organization Madrid\" \/>\n<meta name=\"robots\" content=\"index, follow, max-snippet:-1, max-image-preview:large, max-video-preview:-1\" \/>\n<link rel=\"canonical\" href=\"https:\/\/gestionpress.com\/en\/\" \/>\n<meta property=\"og:locale\" content=\"en_US\" \/>\n<meta property=\"og:type\" content=\"article\" \/>\n<meta property=\"og:title\" content=\"Event Organization Madrid - Gesti\u00f3n Press\" \/>\n<meta property=\"og:description\" content=\"Gesti\u00f3n Press. More than 15 years in the comprehensive organization of professional and institutional events. Event Organization Madrid\" \/>\n<meta property=\"og:url\" content=\"https:\/\/gestionpress.com\/en\/\" \/>\n<meta property=\"og:site_name\" content=\"Gesti\u00f3n Press - Eventos &amp; Comunicaci\u00f3n\" \/>\n<meta property=\"article:publisher\" content=\"https:\/\/www.facebook.com\/gestionpress\/\" \/>\n<meta property=\"article:modified_time\" content=\"2026-04-15T13:15:36+00:00\" \/>\n<meta name=\"twitter:card\" content=\"summary_large_image\" \/>\n<meta name=\"twitter:site\" content=\"@gestionpress\" \/>\n<meta name=\"twitter:label1\" content=\"Est. reading time\" \/>\n\t<meta name=\"twitter:data1\" content=\"7 minutes\" \/>\n<script type=\"application\/ld+json\" class=\"yoast-schema-graph\">{\"@context\":\"https:\\\/\\\/schema.org\",\"@graph\":[{\"@type\":\"WebPage\",\"@id\":\"https:\\\/\\\/gestionpress.com\\\/en\\\/\",\"url\":\"https:\\\/\\\/gestionpress.com\\\/en\\\/\",\"name\":\"Event Organization Madrid - Gesti\u00f3n Press\",\"isPartOf\":{\"@id\":\"https:\\\/\\\/gestionpress.com\\\/en\\\/#website\"},\"datePublished\":\"2018-10-23T06:56:33+00:00\",\"dateModified\":\"2026-04-15T13:15:36+00:00\",\"description\":\"Gesti\u00f3n Press. More than 15 years in the comprehensive organization of professional and institutional events. Event Organization Madrid\",\"breadcrumb\":{\"@id\":\"https:\\\/\\\/gestionpress.com\\\/en\\\/#breadcrumb\"},\"inLanguage\":\"en-US\",\"potentialAction\":[{\"@type\":\"ReadAction\",\"target\":[\"https:\\\/\\\/gestionpress.com\\\/en\\\/\"]}]},{\"@type\":\"BreadcrumbList\",\"@id\":\"https:\\\/\\\/gestionpress.com\\\/en\\\/#breadcrumb\",\"itemListElement\":[{\"@type\":\"ListItem\",\"position\":1,\"name\":\"Portada\",\"item\":\"https:\\\/\\\/gestionpress.com\\\/en\\\/\"},{\"@type\":\"ListItem\",\"position\":2,\"name\":\"HOME\"}]},{\"@type\":\"WebSite\",\"@id\":\"https:\\\/\\\/gestionpress.com\\\/en\\\/#website\",\"url\":\"https:\\\/\\\/gestionpress.com\\\/en\\\/\",\"name\":\"Gesti\u00f3n Press Eventos y Comunicaci\u00f3n\",\"description\":\"Organizaci\u00f3n integral de eventos institucionales y corporativos\",\"publisher\":{\"@id\":\"https:\\\/\\\/gestionpress.com\\\/en\\\/#organization\"},\"alternateName\":\"Gesti\u00f3n Press\",\"potentialAction\":[{\"@type\":\"SearchAction\",\"target\":{\"@type\":\"EntryPoint\",\"urlTemplate\":\"https:\\\/\\\/gestionpress.com\\\/en\\\/?s={search_term_string}\"},\"query-input\":{\"@type\":\"PropertyValueSpecification\",\"valueRequired\":true,\"valueName\":\"search_term_string\"}}],\"inLanguage\":\"en-US\"},{\"@type\":\"Organization\",\"@id\":\"https:\\\/\\\/gestionpress.com\\\/en\\\/#organization\",\"name\":\"Gesti\u00f3n Press Eventos y Comunicaci\u00f3n\",\"alternateName\":\"Gesti\u00f3n Press\",\"url\":\"https:\\\/\\\/gestionpress.com\\\/en\\\/\",\"logo\":{\"@type\":\"ImageObject\",\"inLanguage\":\"en-US\",\"@id\":\"https:\\\/\\\/gestionpress.com\\\/en\\\/#\\\/schema\\\/logo\\\/image\\\/\",\"url\":\"https:\\\/\\\/gestionpress.com\\\/wp-content\\\/uploads\\\/2025\\\/03\\\/Logo_GP_rgb.jpg\",\"contentUrl\":\"https:\\\/\\\/gestionpress.com\\\/wp-content\\\/uploads\\\/2025\\\/03\\\/Logo_GP_rgb.jpg\",\"width\":1702,\"height\":479,\"caption\":\"Gesti\u00f3n Press Eventos y Comunicaci\u00f3n\"},\"image\":{\"@id\":\"https:\\\/\\\/gestionpress.com\\\/en\\\/#\\\/schema\\\/logo\\\/image\\\/\"},\"sameAs\":[\"https:\\\/\\\/www.facebook.com\\\/gestionpress\\\/\",\"https:\\\/\\\/x.com\\\/gestionpress\",\"https:\\\/\\\/www.linkedin.com\\\/company\\\/1768857\\\/\",\"https:\\\/\\\/www.instagram.com\\\/gestion_press\\\/#\"]}]}<\/script>\n<!-- \/ Yoast SEO plugin. -->","yoast_head_json":{"title":"Event Organization Madrid - Gesti\u00f3n Press","description":"Gesti\u00f3n Press. More than 15 years in the comprehensive organization of professional and institutional events. Event Organization Madrid","robots":{"index":"index","follow":"follow","max-snippet":"max-snippet:-1","max-image-preview":"max-image-preview:large","max-video-preview":"max-video-preview:-1"},"canonical":"https:\/\/gestionpress.com\/en\/","og_locale":"en_US","og_type":"article","og_title":"Event Organization Madrid - Gesti\u00f3n Press","og_description":"Gesti\u00f3n Press. More than 15 years in the comprehensive organization of professional and institutional events. Event Organization Madrid","og_url":"https:\/\/gestionpress.com\/en\/","og_site_name":"Gesti\u00f3n Press - Eventos &amp; Comunicaci\u00f3n","article_publisher":"https:\/\/www.facebook.com\/gestionpress\/","article_modified_time":"2026-04-15T13:15:36+00:00","twitter_card":"summary_large_image","twitter_site":"@gestionpress","twitter_misc":{"Est. reading time":"7 minutes"},"schema":{"@context":"https:\/\/schema.org","@graph":[{"@type":"WebPage","@id":"https:\/\/gestionpress.com\/en\/","url":"https:\/\/gestionpress.com\/en\/","name":"Event Organization Madrid - Gesti\u00f3n Press","isPartOf":{"@id":"https:\/\/gestionpress.com\/en\/#website"},"datePublished":"2018-10-23T06:56:33+00:00","dateModified":"2026-04-15T13:15:36+00:00","description":"Gesti\u00f3n Press. More than 15 years in the comprehensive organization of professional and institutional events. Event Organization Madrid","breadcrumb":{"@id":"https:\/\/gestionpress.com\/en\/#breadcrumb"},"inLanguage":"en-US","potentialAction":[{"@type":"ReadAction","target":["https:\/\/gestionpress.com\/en\/"]}]},{"@type":"BreadcrumbList","@id":"https:\/\/gestionpress.com\/en\/#breadcrumb","itemListElement":[{"@type":"ListItem","position":1,"name":"Portada","item":"https:\/\/gestionpress.com\/en\/"},{"@type":"ListItem","position":2,"name":"HOME"}]},{"@type":"WebSite","@id":"https:\/\/gestionpress.com\/en\/#website","url":"https:\/\/gestionpress.com\/en\/","name":"Gesti\u00f3n Press Eventos y Comunicaci\u00f3n","description":"Organizaci\u00f3n integral de eventos institucionales y corporativos","publisher":{"@id":"https:\/\/gestionpress.com\/en\/#organization"},"alternateName":"Gesti\u00f3n Press","potentialAction":[{"@type":"SearchAction","target":{"@type":"EntryPoint","urlTemplate":"https:\/\/gestionpress.com\/en\/?s={search_term_string}"},"query-input":{"@type":"PropertyValueSpecification","valueRequired":true,"valueName":"search_term_string"}}],"inLanguage":"en-US"},{"@type":"Organization","@id":"https:\/\/gestionpress.com\/en\/#organization","name":"Gesti\u00f3n Press Eventos y Comunicaci\u00f3n","alternateName":"Gesti\u00f3n Press","url":"https:\/\/gestionpress.com\/en\/","logo":{"@type":"ImageObject","inLanguage":"en-US","@id":"https:\/\/gestionpress.com\/en\/#\/schema\/logo\/image\/","url":"https:\/\/gestionpress.com\/wp-content\/uploads\/2025\/03\/Logo_GP_rgb.jpg","contentUrl":"https:\/\/gestionpress.com\/wp-content\/uploads\/2025\/03\/Logo_GP_rgb.jpg","width":1702,"height":479,"caption":"Gesti\u00f3n Press Eventos y Comunicaci\u00f3n"},"image":{"@id":"https:\/\/gestionpress.com\/en\/#\/schema\/logo\/image\/"},"sameAs":["https:\/\/www.facebook.com\/gestionpress\/","https:\/\/x.com\/gestionpress","https:\/\/www.linkedin.com\/company\/1768857\/","https:\/\/www.instagram.com\/gestion_press\/#"]}]}},"_links":{"self":[{"href":"https:\/\/gestionpress.com\/en\/wp-json\/wp\/v2\/pages\/42575","targetHints":{"allow":["GET"]}}],"collection":[{"href":"https:\/\/gestionpress.com\/en\/wp-json\/wp\/v2\/pages"}],"about":[{"href":"https:\/\/gestionpress.com\/en\/wp-json\/wp\/v2\/types\/page"}],"author":[{"embeddable":true,"href":"https:\/\/gestionpress.com\/en\/wp-json\/wp\/v2\/users\/1"}],"replies":[{"embeddable":true,"href":"https:\/\/gestionpress.com\/en\/wp-json\/wp\/v2\/comments?post=42575"}],"version-history":[{"count":4,"href":"https:\/\/gestionpress.com\/en\/wp-json\/wp\/v2\/pages\/42575\/revisions"}],"predecessor-version":[{"id":42768,"href":"https:\/\/gestionpress.com\/en\/wp-json\/wp\/v2\/pages\/42575\/revisions\/42768"}],"wp:attachment":[{"href":"https:\/\/gestionpress.com\/en\/wp-json\/wp\/v2\/media?parent=42575"}],"curies":[{"name":"wp","href":"https:\/\/api.w.org\/{rel}","templated":true}]}}