{"id":42516,"date":"2022-02-22T11:40:55","date_gmt":"2022-02-22T09:40:55","guid":{"rendered":"https:\/\/gestionpress.com\/lectern-rental-for-events-with-the-king\/"},"modified":"2026-04-15T13:47:45","modified_gmt":"2026-04-15T11:47:45","slug":"lectern-rental-for-events-with-the-king","status":"publish","type":"page","link":"https:\/\/gestionpress.com\/en\/lectern-rental-for-events-with-the-king\/","title":{"rendered":"Lectern rental for events with the King"},"content":{"rendered":"<p>[et_pb_section fb_built=&#8221;1&#8243; _builder_version=&#8221;4.16&#8243; _module_preset=&#8221;default&#8221; global_colors_info=&#8221;{}&#8221;][et_pb_row _builder_version=&#8221;4.16&#8243; _module_preset=&#8221;default&#8221; global_colors_info=&#8221;{}&#8221;][et_pb_column type=&#8221;4_4&#8243; _builder_version=&#8221;4.16&#8243; _module_preset=&#8221;default&#8221; global_colors_info=&#8221;{}&#8221;][et_pb_divider show_divider=&#8221;off&#8221; _builder_version=&#8221;4.19.4&#8243; _module_preset=&#8221;default&#8221; global_colors_info=&#8221;{}&#8221;][\/et_pb_divider][et_pb_image src=&#8221;https:\/\/gestionpress.com\/wp-content\/uploads\/2022\/02\/ALQUILER-DE-ATRIL-PARA-EVENTOS-CON-EL-REY.png&#8221; title_text=&#8221;LECTERN RENTAL FOR EVENTS WITH THE KING&#8221; url=&#8221;https:\/\/gestionpress.com\/2021\/12\/14\/xv-aniversario-eleconomista-2\/&#8221; url_new_window=&#8221;on&#8221; _builder_version=&#8221;4.19.4&#8243; _module_preset=&#8221;default&#8221; global_colors_info=&#8221;{}&#8221;][\/et_pb_image][\/et_pb_column][\/et_pb_row][et_pb_row _builder_version=&#8221;4.16&#8243; _module_preset=&#8221;default&#8221; global_colors_info=&#8221;{}&#8221;][et_pb_column type=&#8221;4_4&#8243; _builder_version=&#8221;4.16&#8243; _module_preset=&#8221;default&#8221; global_colors_info=&#8221;{}&#8221;][et_pb_divider show_divider=&#8221;off&#8221; _builder_version=&#8221;4.16&#8243; _module_preset=&#8221;default&#8221; global_colors_info=&#8221;{}&#8221;][\/et_pb_divider][et_pb_image src=&#8221;https:\/\/gestionpress.com\/wp-content\/uploads\/2022\/02\/135-cm.png&#8221; title_text=&#8221;Lectern&#8221; url=&#8221;https:\/\/gestionpress.com\/2021\/12\/14\/xv-aniversario-eleconomista-2\/&#8221; url_new_window=&#8221;on&#8221; _builder_version=&#8221;4.19.4&#8243; _module_preset=&#8221;default&#8221; global_colors_info=&#8221;{}&#8221;][\/et_pb_image][et_pb_text _builder_version=&#8221;4.19.4&#8243; _module_preset=&#8221;default&#8221; custom_margin=&#8221;0px||||false|false&#8221; global_colors_info=&#8221;{}&#8221;]<\/p>\n<p style=\"text-align: center;\"><span style=\"font-size: 12pt; color: #000000;\">White lacquered wooden lectern, custom-made for events with His Majesty King Felipe VI. It features a 20 cm high wooden step that can be easily pulled out or stored, depending on the height of the person using it. <\/span><\/p>\n<p style=\"text-align: center;\"><span style=\"font-size: 12pt; color: #000000;\">Its dimensions are: 135x60x60 cm. The lectern can be customized with a foam board or by applying vinyl to the front with the event&#8217;s corporate image.<\/span><\/p>\n<p>[\/et_pb_text][et_pb_divider show_divider=&#8221;off&#8221; _builder_version=&#8221;4.16&#8243; _module_preset=&#8221;default&#8221; global_colors_info=&#8221;{}&#8221;][\/et_pb_divider][\/et_pb_column][\/et_pb_row][et_pb_row column_structure=&#8221;1_3,1_3,1_3&#8243; _builder_version=&#8221;4.16&#8243; _module_preset=&#8221;default&#8221; global_colors_info=&#8221;{}&#8221;][et_pb_column type=&#8221;1_3&#8243; _builder_version=&#8221;4.16&#8243; _module_preset=&#8221;default&#8221; global_colors_info=&#8221;{}&#8221;][et_pb_image src=&#8221;https:\/\/gestionpress.com\/wp-content\/uploads\/2023\/07\/Copia-de-Diseno-sin-nombre.png&#8221; title_text=&#8221;Copy of Untitled Design&#8221; url_new_window=&#8221;on&#8221; _builder_version=&#8221;4.21.0&#8243; _module_preset=&#8221;default&#8221; hover_enabled=&#8221;0&#8243; global_colors_info=&#8221;{}&#8221; sticky_enabled=&#8221;0&#8243;][\/et_pb_image][\/et_pb_column][et_pb_column type=&#8221;1_3&#8243; _builder_version=&#8221;4.16&#8243; _module_preset=&#8221;default&#8221; global_colors_info=&#8221;{}&#8221;][et_pb_text _builder_version=&#8221;4.21.0&#8243; _module_preset=&#8221;default&#8221; custom_margin=&#8221;143px||||false|false&#8221; global_colors_info=&#8221;{}&#8221;]<\/p>\n<p style=\"text-align: center;\"><span style=\"color: #000000; font-size: 12pt;\">Lectern used by His Majesty King Felipe VI at various events.<br \/><\/span><\/p>\n<p style=\"text-align: center;\"><span style=\"color: #000000; font-size: 12pt;\">It can be customized using vinyl or a lectern sign.<br \/><\/span><\/p>\n<p>[\/et_pb_text][\/et_pb_column][et_pb_column type=&#8221;1_3&#8243; _builder_version=&#8221;4.16&#8243; _module_preset=&#8221;default&#8221; global_colors_info=&#8221;{}&#8221;][et_pb_image src=&#8221;https:\/\/gestionpress.com\/wp-content\/uploads\/2021\/12\/Copia-de-Diseno-sin-nombre.png&#8221; title_text=&#8221;Copy of Untitled Design&#8221; url=&#8221;https:\/\/gestionpress.com\/2021\/12\/14\/xv-aniversario-eleconomista-2\/&#8221; url_new_window=&#8221;on&#8221; _builder_version=&#8221;4.19.4&#8243; _module_preset=&#8221;default&#8221; global_colors_info=&#8221;{}&#8221;][\/et_pb_image][\/et_pb_column][\/et_pb_row][et_pb_row _builder_version=&#8221;4.16&#8243; _module_preset=&#8221;default&#8221; global_colors_info=&#8221;{}&#8221;][et_pb_column type=&#8221;4_4&#8243; _builder_version=&#8221;4.16&#8243; _module_preset=&#8221;default&#8221; global_colors_info=&#8221;{}&#8221;][et_pb_divider show_divider=&#8221;off&#8221; _builder_version=&#8221;4.16&#8243; _module_preset=&#8221;default&#8221; global_colors_info=&#8221;{}&#8221;][\/et_pb_divider][et_pb_button button_url=&#8221;mailto:gestionpress@gestionpress.com&#8221; button_text=&#8221;Contact us and request a quote&#8221; button_alignment=&#8221;center&#8221; _builder_version=&#8221;4.16&#8243; _module_preset=&#8221;default&#8221; custom_button=&#8221;on&#8221; button_bg_color=&#8221;#004855&#8243; background_layout=&#8221;dark&#8221; global_colors_info=&#8221;{}&#8221;][\/et_pb_button][\/et_pb_column][\/et_pb_row][et_pb_row column_structure=&#8221;1_3,1_3,1_3&#8243; _builder_version=&#8221;4.16&#8243; locked=&#8221;off&#8221; global_colors_info=&#8221;{}&#8221;][et_pb_column type=&#8221;1_3&#8243; _builder_version=&#8221;4.16&#8243; global_colors_info=&#8221;{}&#8221;][et_pb_blurb url_new_window=&#8221;on&#8221; image=&#8221;https:\/\/gestionpress.com\/wp-content\/uploads\/2018\/10\/msg.png&#8221; admin_label=&#8221;Mail&#8221; _builder_version=&#8221;4.16&#8243; link_option_url=&#8221;mailto:gestionpress@gestionpress.com&#8221; link_option_url_new_window=&#8221;on&#8221; global_colors_info=&#8221;{}&#8221;]<\/p>\n<p style=\"text-align: center;\">gestionpress@gestionpress.com<\/p>\n<p>[\/et_pb_blurb][\/et_pb_column][et_pb_column type=&#8221;1_3&#8243; _builder_version=&#8221;4.16&#8243; global_colors_info=&#8221;{}&#8221;][et_pb_blurb image=&#8221;https:\/\/gestionpress.com\/wp-content\/uploads\/2018\/10\/phone.png&#8221; admin_label=&#8221;Tel\u00e9fono&#8221; _builder_version=&#8221;4.16&#8243; global_colors_info=&#8221;{}&#8221;]<\/p>\n<p style=\"text-align: center;\">+34 913 107 081<\/p>\n<p>[\/et_pb_blurb][\/et_pb_column][et_pb_column type=&#8221;1_3&#8243; _builder_version=&#8221;4.16&#8243; global_colors_info=&#8221;{}&#8221;][et_pb_blurb url_new_window=&#8221;on&#8221; image=&#8221;https:\/\/gestionpress.com\/wp-content\/uploads\/2018\/10\/map.png&#8221; admin_label=&#8221;Mapa&#8221; _builder_version=&#8221;4.16&#8243; link_option_url=&#8221;https:\/\/www.google.com\/maps\/place\/Gesti%C3%B3n+Press+Eventos+y+Comunicaci%C3%B3n\/@40.4212117,-3.6771128,17z\/data=!3m1!4b1!4m5!3m4!1s0xd42288fa00a464f:0x5679ae6a0c939f02!8m2!3d40.4212076!4d-3.6749241&#8243; link_option_url_new_window=&#8221;on&#8221; global_colors_info=&#8221;{}&#8221;]<\/p>\n<p style=\"text-align: center;\">C\/O\u2019Donnell 32 6\u00baB<br \/>\n28009 Madrid<br \/>\nSpain<\/p>\n<p>[\/et_pb_blurb][\/et_pb_column][\/et_pb_row][\/et_pb_section]<\/p>\n","protected":false},"excerpt":{"rendered":"<p>White lacquered wooden lectern, custom-made for events with His Majesty King Felipe VI. It features a 20 cm high wooden step that can be easily pulled out or stored, depending on the height of the person using it. Its dimensions are: 135x60x60 cm. The lectern can be customized with a foam board or by applying [&hellip;]<\/p>\n","protected":false},"author":6,"featured_media":42515,"parent":0,"menu_order":0,"comment_status":"closed","ping_status":"closed","template":"","meta":{"_et_pb_use_builder":"on","_et_pb_old_content":"","_et_gb_content_width":"","_exactmetrics_skip_tracking":false,"_exactmetrics_sitenote_active":false,"_exactmetrics_sitenote_note":"","_exactmetrics_sitenote_category":0,"footnotes":""},"class_list":["post-42516","page","type-page","status-publish","has-post-thumbnail","hentry"],"yoast_head":"<!-- This site is optimized with the Yoast SEO plugin v27.5 - https:\/\/yoast.com\/product\/yoast-seo-wordpress\/ -->\n<title>Lectern rental for events with the King - King&#039;s lectern<\/title>\n<meta name=\"description\" content=\"Rental of a lectern for events with the King, made of wood and lacquered in white, measuring 135x60x60 cm with a movable step - King&#039;s lectern\" \/>\n<meta name=\"robots\" content=\"index, follow, max-snippet:-1, max-image-preview:large, max-video-preview:-1\" \/>\n<link rel=\"canonical\" href=\"https:\/\/gestionpress.com\/en\/lectern-rental-for-events-with-the-king\/\" \/>\n<meta property=\"og:locale\" content=\"en_US\" \/>\n<meta property=\"og:type\" content=\"article\" \/>\n<meta property=\"og:title\" content=\"Lectern rental for events with the King - King&#039;s lectern\" \/>\n<meta property=\"og:description\" content=\"Rental of a lectern for events with the King, made of wood and lacquered in white, measuring 135x60x60 cm with a movable step - King&#039;s lectern\" \/>\n<meta property=\"og:url\" content=\"https:\/\/gestionpress.com\/en\/lectern-rental-for-events-with-the-king\/\" \/>\n<meta property=\"og:site_name\" content=\"Gesti\u00f3n Press - Eventos &amp; Comunicaci\u00f3n\" \/>\n<meta property=\"article:publisher\" content=\"https:\/\/www.facebook.com\/gestionpress\/\" \/>\n<meta property=\"article:modified_time\" content=\"2026-04-15T11:47:45+00:00\" \/>\n<meta property=\"og:image\" content=\"https:\/\/gestionpress.com\/wp-content\/uploads\/2022\/02\/MG_7351-1.jpg\" \/>\n\t<meta property=\"og:image:width\" content=\"1600\" \/>\n\t<meta property=\"og:image:height\" content=\"1067\" \/>\n\t<meta property=\"og:image:type\" content=\"image\/jpeg\" \/>\n<meta name=\"twitter:card\" content=\"summary_large_image\" \/>\n<meta name=\"twitter:site\" content=\"@gestionpress\" \/>\n<meta name=\"twitter:label1\" content=\"Est. reading time\" \/>\n\t<meta name=\"twitter:data1\" content=\"4 minutes\" \/>\n<script type=\"application\/ld+json\" class=\"yoast-schema-graph\">{\"@context\":\"https:\\\/\\\/schema.org\",\"@graph\":[{\"@type\":\"WebPage\",\"@id\":\"https:\\\/\\\/gestionpress.com\\\/en\\\/lectern-rental-for-events-with-the-king\\\/\",\"url\":\"https:\\\/\\\/gestionpress.com\\\/en\\\/lectern-rental-for-events-with-the-king\\\/\",\"name\":\"Lectern rental for events with the King - King's lectern\",\"isPartOf\":{\"@id\":\"https:\\\/\\\/gestionpress.com\\\/en\\\/#website\"},\"primaryImageOfPage\":{\"@id\":\"https:\\\/\\\/gestionpress.com\\\/en\\\/lectern-rental-for-events-with-the-king\\\/#primaryimage\"},\"image\":{\"@id\":\"https:\\\/\\\/gestionpress.com\\\/en\\\/lectern-rental-for-events-with-the-king\\\/#primaryimage\"},\"thumbnailUrl\":\"https:\\\/\\\/gestionpress.com\\\/wp-content\\\/uploads\\\/2022\\\/02\\\/MG_7351-1.jpg\",\"datePublished\":\"2022-02-22T09:40:55+00:00\",\"dateModified\":\"2026-04-15T11:47:45+00:00\",\"description\":\"Rental of a lectern for events with the King, made of wood and lacquered in white, measuring 135x60x60 cm with a movable step - King's lectern\",\"breadcrumb\":{\"@id\":\"https:\\\/\\\/gestionpress.com\\\/en\\\/lectern-rental-for-events-with-the-king\\\/#breadcrumb\"},\"inLanguage\":\"en-US\",\"potentialAction\":[{\"@type\":\"ReadAction\",\"target\":[\"https:\\\/\\\/gestionpress.com\\\/en\\\/lectern-rental-for-events-with-the-king\\\/\"]}]},{\"@type\":\"ImageObject\",\"inLanguage\":\"en-US\",\"@id\":\"https:\\\/\\\/gestionpress.com\\\/en\\\/lectern-rental-for-events-with-the-king\\\/#primaryimage\",\"url\":\"https:\\\/\\\/gestionpress.com\\\/wp-content\\\/uploads\\\/2022\\\/02\\\/MG_7351-1.jpg\",\"contentUrl\":\"https:\\\/\\\/gestionpress.com\\\/wp-content\\\/uploads\\\/2022\\\/02\\\/MG_7351-1.jpg\",\"width\":1600,\"height\":1067},{\"@type\":\"BreadcrumbList\",\"@id\":\"https:\\\/\\\/gestionpress.com\\\/en\\\/lectern-rental-for-events-with-the-king\\\/#breadcrumb\",\"itemListElement\":[{\"@type\":\"ListItem\",\"position\":1,\"name\":\"Portada\",\"item\":\"https:\\\/\\\/gestionpress.com\\\/en\\\/\"},{\"@type\":\"ListItem\",\"position\":2,\"name\":\"Lectern rental for events with the King\"}]},{\"@type\":\"WebSite\",\"@id\":\"https:\\\/\\\/gestionpress.com\\\/en\\\/#website\",\"url\":\"https:\\\/\\\/gestionpress.com\\\/en\\\/\",\"name\":\"Gesti\u00f3n Press Eventos y Comunicaci\u00f3n\",\"description\":\"Organizaci\u00f3n integral de eventos institucionales y corporativos\",\"publisher\":{\"@id\":\"https:\\\/\\\/gestionpress.com\\\/en\\\/#organization\"},\"alternateName\":\"Gesti\u00f3n Press\",\"potentialAction\":[{\"@type\":\"SearchAction\",\"target\":{\"@type\":\"EntryPoint\",\"urlTemplate\":\"https:\\\/\\\/gestionpress.com\\\/en\\\/?s={search_term_string}\"},\"query-input\":{\"@type\":\"PropertyValueSpecification\",\"valueRequired\":true,\"valueName\":\"search_term_string\"}}],\"inLanguage\":\"en-US\"},{\"@type\":\"Organization\",\"@id\":\"https:\\\/\\\/gestionpress.com\\\/en\\\/#organization\",\"name\":\"Gesti\u00f3n Press Eventos y Comunicaci\u00f3n\",\"alternateName\":\"Gesti\u00f3n Press\",\"url\":\"https:\\\/\\\/gestionpress.com\\\/en\\\/\",\"logo\":{\"@type\":\"ImageObject\",\"inLanguage\":\"en-US\",\"@id\":\"https:\\\/\\\/gestionpress.com\\\/en\\\/#\\\/schema\\\/logo\\\/image\\\/\",\"url\":\"https:\\\/\\\/gestionpress.com\\\/wp-content\\\/uploads\\\/2025\\\/03\\\/Logo_GP_rgb.jpg\",\"contentUrl\":\"https:\\\/\\\/gestionpress.com\\\/wp-content\\\/uploads\\\/2025\\\/03\\\/Logo_GP_rgb.jpg\",\"width\":1702,\"height\":479,\"caption\":\"Gesti\u00f3n Press Eventos y Comunicaci\u00f3n\"},\"image\":{\"@id\":\"https:\\\/\\\/gestionpress.com\\\/en\\\/#\\\/schema\\\/logo\\\/image\\\/\"},\"sameAs\":[\"https:\\\/\\\/www.facebook.com\\\/gestionpress\\\/\",\"https:\\\/\\\/x.com\\\/gestionpress\",\"https:\\\/\\\/www.linkedin.com\\\/company\\\/1768857\\\/\",\"https:\\\/\\\/www.instagram.com\\\/gestion_press\\\/#\"]}]}<\/script>\n<!-- \/ Yoast SEO plugin. -->","yoast_head_json":{"title":"Lectern rental for events with the King - King's lectern","description":"Rental of a lectern for events with the King, made of wood and lacquered in white, measuring 135x60x60 cm with a movable step - King's lectern","robots":{"index":"index","follow":"follow","max-snippet":"max-snippet:-1","max-image-preview":"max-image-preview:large","max-video-preview":"max-video-preview:-1"},"canonical":"https:\/\/gestionpress.com\/en\/lectern-rental-for-events-with-the-king\/","og_locale":"en_US","og_type":"article","og_title":"Lectern rental for events with the King - King's lectern","og_description":"Rental of a lectern for events with the King, made of wood and lacquered in white, measuring 135x60x60 cm with a movable step - King's lectern","og_url":"https:\/\/gestionpress.com\/en\/lectern-rental-for-events-with-the-king\/","og_site_name":"Gesti\u00f3n Press - Eventos &amp; Comunicaci\u00f3n","article_publisher":"https:\/\/www.facebook.com\/gestionpress\/","article_modified_time":"2026-04-15T11:47:45+00:00","og_image":[{"width":1600,"height":1067,"url":"https:\/\/gestionpress.com\/wp-content\/uploads\/2022\/02\/MG_7351-1.jpg","type":"image\/jpeg"}],"twitter_card":"summary_large_image","twitter_site":"@gestionpress","twitter_misc":{"Est. reading time":"4 minutes"},"schema":{"@context":"https:\/\/schema.org","@graph":[{"@type":"WebPage","@id":"https:\/\/gestionpress.com\/en\/lectern-rental-for-events-with-the-king\/","url":"https:\/\/gestionpress.com\/en\/lectern-rental-for-events-with-the-king\/","name":"Lectern rental for events with the King - King's lectern","isPartOf":{"@id":"https:\/\/gestionpress.com\/en\/#website"},"primaryImageOfPage":{"@id":"https:\/\/gestionpress.com\/en\/lectern-rental-for-events-with-the-king\/#primaryimage"},"image":{"@id":"https:\/\/gestionpress.com\/en\/lectern-rental-for-events-with-the-king\/#primaryimage"},"thumbnailUrl":"https:\/\/gestionpress.com\/wp-content\/uploads\/2022\/02\/MG_7351-1.jpg","datePublished":"2022-02-22T09:40:55+00:00","dateModified":"2026-04-15T11:47:45+00:00","description":"Rental of a lectern for events with the King, made of wood and lacquered in white, measuring 135x60x60 cm with a movable step - King's lectern","breadcrumb":{"@id":"https:\/\/gestionpress.com\/en\/lectern-rental-for-events-with-the-king\/#breadcrumb"},"inLanguage":"en-US","potentialAction":[{"@type":"ReadAction","target":["https:\/\/gestionpress.com\/en\/lectern-rental-for-events-with-the-king\/"]}]},{"@type":"ImageObject","inLanguage":"en-US","@id":"https:\/\/gestionpress.com\/en\/lectern-rental-for-events-with-the-king\/#primaryimage","url":"https:\/\/gestionpress.com\/wp-content\/uploads\/2022\/02\/MG_7351-1.jpg","contentUrl":"https:\/\/gestionpress.com\/wp-content\/uploads\/2022\/02\/MG_7351-1.jpg","width":1600,"height":1067},{"@type":"BreadcrumbList","@id":"https:\/\/gestionpress.com\/en\/lectern-rental-for-events-with-the-king\/#breadcrumb","itemListElement":[{"@type":"ListItem","position":1,"name":"Portada","item":"https:\/\/gestionpress.com\/en\/"},{"@type":"ListItem","position":2,"name":"Lectern rental for events with the King"}]},{"@type":"WebSite","@id":"https:\/\/gestionpress.com\/en\/#website","url":"https:\/\/gestionpress.com\/en\/","name":"Gesti\u00f3n Press Eventos y Comunicaci\u00f3n","description":"Organizaci\u00f3n integral de eventos institucionales y corporativos","publisher":{"@id":"https:\/\/gestionpress.com\/en\/#organization"},"alternateName":"Gesti\u00f3n Press","potentialAction":[{"@type":"SearchAction","target":{"@type":"EntryPoint","urlTemplate":"https:\/\/gestionpress.com\/en\/?s={search_term_string}"},"query-input":{"@type":"PropertyValueSpecification","valueRequired":true,"valueName":"search_term_string"}}],"inLanguage":"en-US"},{"@type":"Organization","@id":"https:\/\/gestionpress.com\/en\/#organization","name":"Gesti\u00f3n Press Eventos y Comunicaci\u00f3n","alternateName":"Gesti\u00f3n Press","url":"https:\/\/gestionpress.com\/en\/","logo":{"@type":"ImageObject","inLanguage":"en-US","@id":"https:\/\/gestionpress.com\/en\/#\/schema\/logo\/image\/","url":"https:\/\/gestionpress.com\/wp-content\/uploads\/2025\/03\/Logo_GP_rgb.jpg","contentUrl":"https:\/\/gestionpress.com\/wp-content\/uploads\/2025\/03\/Logo_GP_rgb.jpg","width":1702,"height":479,"caption":"Gesti\u00f3n Press Eventos y Comunicaci\u00f3n"},"image":{"@id":"https:\/\/gestionpress.com\/en\/#\/schema\/logo\/image\/"},"sameAs":["https:\/\/www.facebook.com\/gestionpress\/","https:\/\/x.com\/gestionpress","https:\/\/www.linkedin.com\/company\/1768857\/","https:\/\/www.instagram.com\/gestion_press\/#"]}]}},"_links":{"self":[{"href":"https:\/\/gestionpress.com\/en\/wp-json\/wp\/v2\/pages\/42516","targetHints":{"allow":["GET"]}}],"collection":[{"href":"https:\/\/gestionpress.com\/en\/wp-json\/wp\/v2\/pages"}],"about":[{"href":"https:\/\/gestionpress.com\/en\/wp-json\/wp\/v2\/types\/page"}],"author":[{"embeddable":true,"href":"https:\/\/gestionpress.com\/en\/wp-json\/wp\/v2\/users\/6"}],"replies":[{"embeddable":true,"href":"https:\/\/gestionpress.com\/en\/wp-json\/wp\/v2\/comments?post=42516"}],"version-history":[{"count":6,"href":"https:\/\/gestionpress.com\/en\/wp-json\/wp\/v2\/pages\/42516\/revisions"}],"predecessor-version":[{"id":42528,"href":"https:\/\/gestionpress.com\/en\/wp-json\/wp\/v2\/pages\/42516\/revisions\/42528"}],"wp:featuredmedia":[{"embeddable":true,"href":"https:\/\/gestionpress.com\/en\/wp-json\/wp\/v2\/media\/42515"}],"wp:attachment":[{"href":"https:\/\/gestionpress.com\/en\/wp-json\/wp\/v2\/media?parent=42516"}],"curies":[{"name":"wp","href":"https:\/\/api.w.org\/{rel}","templated":true}]}}